{"id":348240,"date":"2023-07-04T15:31:48","date_gmt":"2023-07-04T14:31:48","guid":{"rendered":"https:\/\/www.moskito.cz\/?post_type=product&p=348240"},"modified":"2025-05-07T11:19:05","modified_gmt":"2025-05-07T10:19:05","slug":"spyderco-dragonfly-2-wharncliffe-c28fpwcbk2-klappmesser","status":"publish","type":"product","link":"https:\/\/www.moskito.cz\/de\/produkt\/spyderco-dragonfly-2-wharncliffe-c28fpwcbk2-klappmesser\/","title":{"rendered":"Spyderco Dragonfly 2 Wharncliffe C28FPWCBK2 Klappmesser"},"content":{"rendered":"<p><strong>Spyderco<\/strong> Dragonfly 2 Wharncliffe C28FPWCBK2 Klappmesser<\/p>\n<p>Der Dragonfly repr\u00e4sentiert seit jeher eine au\u00dfergew\u00f6hnliche Kombination aus kompakten Abmessungen und komplexer Schneidleistung. Mit der Hinzuf\u00fcgung des Wharncliffe-Klingenprofils macht diese Leistung nun einen weiteren Sprung nach vorne. Die Wharncliffe-Klinge der Wahl f\u00fcr viele erfahrene Messerbenutzer. Die perfekt gerade Klinge des Wharncliffe bietet extreme Schneidkraft in der N\u00e4he der Ferse und skalpellartige Pr\u00e4zision an der Spitze \u2013 insbesondere in Kombination mit einem reibungsarmen, v\u00f6llig flachen Schliff. Alle anderen Merkmale dieses Messers entsprechen denen des Bestsellers Dragonfly 2, einschlie\u00dflich eines leichten FRN-Spritzgussgriffs, einer Zwei-Wege-Textur mit hoher Traktion, einem robusten hinteren Verriegelungsmechanismus und einem doppelseitigen, tiefen Taschendrahtclip.<br \/>\nSpezifikationen<\/p>\n<p>Klingenl\u00e4nge: 5,8 cm<br \/>\nSchnittkante: 4,8 cm<br \/>\nL\u00e4nge geschlossen: 8,5 cm<br \/>\nGesamtl\u00e4nge: 14,2 cm<br \/>\nKlingenst\u00e4rke: 0,25 cm<br \/>\nKlingenmaterial: Edelstahl VG10<br \/>\nKlingenstil: Wharncliffe<br \/>\nKlingenschliff: V\u00f6llig flach<br \/>\nOberfl\u00e4chenbehandlung der Klinge: satiniert<br \/>\nKlingenkante: Glatt<br \/>\nGriffmaterial: Zweifach strukturiertes FRN<br \/>\nGrifffarbe: Schwarz<br \/>\nVerriegelungsmechanismus: Lockback<br \/>\nTaschenclip: Ausklappbar, links\/rechts tragbar<br \/>\nModellnummer: C28FPWCBK2<br \/>\nModellname: Dragonfly 2 Wharncliffe<br \/>\nGewicht: 1,2 Unzen. (34g)<br \/>\nHergestellt in Japan<\/p>\n<p>&nbsp;<\/p>\n","protected":false},"excerpt":{"rendered":"<p><strong>Der Dragonfly repr\u00e4sentiert seit jeher eine au\u00dfergew\u00f6hnliche Kombination aus kompakten Abmessungen und komplexer Schneidleistung.<\/strong><\/p>\n","protected":false},"featured_media":348242,"comment_status":"open","ping_status":"closed","template":"","meta":[],"pwb-brand":[3427],"product_brand":[],"product_cat":[3303,3285],"product_tag":[],"class_list":{"0":"post-348240","1":"product","2":"type-product","3":"status-publish","4":"has-post-thumbnail","6":"pwb-brand-spyderco-de","7":"product_cat-schliesmesser","8":"product_cat-messer","10":"first","11":"instock","12":"taxable","13":"shipping-taxable","14":"purchasable","15":"product-type-simple"},"brands":[{"id":3427,"name":"Spyderco","slug":"spyderco-de"}],"_links":{"self":[{"href":"https:\/\/www.moskito.cz\/de\/wp-json\/wp\/v2\/product\/348240","targetHints":{"allow":["GET"]}}],"collection":[{"href":"https:\/\/www.moskito.cz\/de\/wp-json\/wp\/v2\/product"}],"about":[{"href":"https:\/\/www.moskito.cz\/de\/wp-json\/wp\/v2\/types\/product"}],"replies":[{"embeddable":true,"href":"https:\/\/www.moskito.cz\/de\/wp-json\/wp\/v2\/comments?post=348240"}],"wp:featuredmedia":[{"embeddable":true,"href":"https:\/\/www.moskito.cz\/de\/wp-json\/wp\/v2\/media\/348242"}],"wp:attachment":[{"href":"https:\/\/www.moskito.cz\/de\/wp-json\/wp\/v2\/media?parent=348240"}],"wp:term":[{"taxonomy":"pwb-brand","embeddable":true,"href":"https:\/\/www.moskito.cz\/de\/wp-json\/wp\/v2\/pwb-brand?post=348240"},{"taxonomy":"product_brand","embeddable":true,"href":"https:\/\/www.moskito.cz\/de\/wp-json\/wp\/v2\/product_brand?post=348240"},{"taxonomy":"product_cat","embeddable":true,"href":"https:\/\/www.moskito.cz\/de\/wp-json\/wp\/v2\/product_cat?post=348240"},{"taxonomy":"product_tag","embeddable":true,"href":"https:\/\/www.moskito.cz\/de\/wp-json\/wp\/v2\/product_tag?post=348240"}],"curies":[{"name":"wp","href":"https:\/\/api.w.org\/{rel}","templated":true}]}}