{"id":348342,"date":"2023-05-09T21:39:31","date_gmt":"2024-06-28T11:02:36","guid":{"rendered":"https:\/\/www.moskito.cz\/produkt\/verschlussmesser-kansept-knives-goblin-bronzed-titanium-k2016a4\/"},"modified":"2025-05-07T11:19:09","modified_gmt":"2025-05-07T10:19:09","slug":"verschlussmesser-kansept-knives-goblin-bronzed-titanium-k2016a4","status":"publish","type":"product","link":"https:\/\/www.moskito.cz\/de\/produkt\/verschlussmesser-kansept-knives-goblin-bronzed-titanium-k2016a4\/","title":{"rendered":"Verschlussmesser Kansept Knives Goblin Bronzed Titanium K2016A4"},"content":{"rendered":"<p>Verschlussmesser <strong>Kansept Knives<\/strong> Goblin Bronzed Titanium K2016A4<\/p>\n<p>Der Klingenstahl CPM-S35VN sorgt f\u00fcr eine starke Klinge mit hervorragender Schnitthaltigkeit.<br \/>\nAbgeschr\u00e4gte Titangriffe mit Kompassaufdruck f\u00fcr eine glatte Griffoberfl\u00e4che, die sich angenehm in der Tasche oder Hand anf\u00fchlt.<br \/>\nDer Stahl unter der 3-Zoll-Klinge CPM-S35VN sorgt f\u00fcr eine robuste Klinge mit hervorragender Schnitthaltigkeit.<br \/>\nKeramikkugellager sorgt f\u00fcr sanftes \u00d6ffnen<br \/>\nSPEZIFIKATIONEN<\/p>\n<p>Gesamtl\u00e4nge: 14,3 cm<br \/>\nKlingenl\u00e4nge: 5,56 cm<br \/>\nKlingenst\u00e4rke: 3 mm<br \/>\nKlingenstahl: CPM-S35VN<br \/>\nSchleifen der Klinge: Flachschliff<br \/>\nKlinge: Stone Washed<br \/>\nGriff: Titan<br \/>\nRahmenschloss<br \/>\nDesigner: Noble Knives<\/p>\n","protected":false},"excerpt":{"rendered":"<div class=\"elementor-element elementor-element-bbb542b elementor-widget elementor-widget-woocommerce-product-short-description\" data-id=\"bbb542b\" data-element_type=\"widget\" data-widget_type=\"woocommerce-product-short-description.default\">\n<div class=\"elementor-widget-container\">\n<div class=\"woocommerce-product-details__short-description\">\n<p><strong>\u201eKansept\u201c ist eine \u00dcbersetzung der Bedeutung von \u201eKonzept\u201c. Was uns von der Masse abhebt, ist unsere F\u00e4higkeit zur Innovation. Wie das Design unseres Logos, das auf dem Bild von UFOs basiert, die von Weltraum zu Weltraum reisen und in die Zukunft springen.  <\/strong><\/p>\n<p><strong>Kostenloser Transport.<\/strong><\/p>\n<\/div>\n<\/div>\n<\/div>\n<section class=\"elementor-section elementor-inner-section elementor-element elementor-element-ee51d4b elementor-section-boxed elementor-section-height-default elementor-section-height-default\" data-particle_enable=\"false\" data-particle-mobile-disabled=\"false\" data-id=\"ee51d4b\" data-element_type=\"section\">\n<div class=\"elementor-container elementor-column-gap-no\">\n<div class=\"elementor-column elementor-col-50 elementor-inner-column elementor-element elementor-element-2fbed19\" data-id=\"2fbed19\" data-element_type=\"column\">\n<div class=\"elementor-widget-wrap elementor-element-populated\">\n<div class=\"elementor-element elementor-element-0450112 elementor-widget elementor-widget-heading\" data-id=\"0450112\" data-element_type=\"widget\" data-widget_type=\"heading.default\">\n<div class=\"elementor-widget-container\"><\/div>\n<\/div>\n<\/div>\n<\/div>\n<\/div>\n<\/section>\n","protected":false},"featured_media":348343,"comment_status":"open","ping_status":"closed","template":"","meta":[],"pwb-brand":[3921],"product_brand":[],"product_cat":[3285,3303],"product_tag":[],"class_list":{"0":"post-348342","1":"product","2":"type-product","3":"status-publish","4":"has-post-thumbnail","6":"pwb-brand-kansept-messer","7":"product_cat-messer","8":"product_cat-schliesmesser","10":"first","11":"instock","12":"taxable","13":"shipping-taxable","14":"purchasable","15":"product-type-simple"},"brands":[{"id":3921,"name":"Kansept-Messer","slug":"kansept-messer"}],"_links":{"self":[{"href":"https:\/\/www.moskito.cz\/de\/wp-json\/wp\/v2\/product\/348342","targetHints":{"allow":["GET"]}}],"collection":[{"href":"https:\/\/www.moskito.cz\/de\/wp-json\/wp\/v2\/product"}],"about":[{"href":"https:\/\/www.moskito.cz\/de\/wp-json\/wp\/v2\/types\/product"}],"replies":[{"embeddable":true,"href":"https:\/\/www.moskito.cz\/de\/wp-json\/wp\/v2\/comments?post=348342"}],"wp:featuredmedia":[{"embeddable":true,"href":"https:\/\/www.moskito.cz\/de\/wp-json\/wp\/v2\/media\/348343"}],"wp:attachment":[{"href":"https:\/\/www.moskito.cz\/de\/wp-json\/wp\/v2\/media?parent=348342"}],"wp:term":[{"taxonomy":"pwb-brand","embeddable":true,"href":"https:\/\/www.moskito.cz\/de\/wp-json\/wp\/v2\/pwb-brand?post=348342"},{"taxonomy":"product_brand","embeddable":true,"href":"https:\/\/www.moskito.cz\/de\/wp-json\/wp\/v2\/product_brand?post=348342"},{"taxonomy":"product_cat","embeddable":true,"href":"https:\/\/www.moskito.cz\/de\/wp-json\/wp\/v2\/product_cat?post=348342"},{"taxonomy":"product_tag","embeddable":true,"href":"https:\/\/www.moskito.cz\/de\/wp-json\/wp\/v2\/product_tag?post=348342"}],"curies":[{"name":"wp","href":"https:\/\/api.w.org\/{rel}","templated":true}]}}