{"id":348369,"date":"2024-06-28T12:36:49","date_gmt":"2024-06-28T11:37:36","guid":{"rendered":"https:\/\/www.moskito.cz\/produkt\/massives-damastmesser-muela-bw-6dam\/"},"modified":"2025-05-07T11:19:10","modified_gmt":"2025-05-07T10:19:10","slug":"massives-damastmesser-muela-bw-6dam","status":"publish","type":"product","link":"https:\/\/www.moskito.cz\/de\/produkt\/massives-damastmesser-muela-bw-6dam\/","title":{"rendered":"Massives Damastmesser Muela BW-6DAM"},"content":{"rendered":"<p>Massives Damastmesser <strong>Muela<\/strong> BW-6DAM.<\/p>\n<p><strong>Muela<\/strong> Bowie k\u00fcnstlerisches Jagdmesser mit 7,5 cm Klinge aus Damaststahl, Griff aus Hirschgeweih und Scheide aus Rotholz. Inklusive braunem Lederetui und Pr\u00e4sentationsetui.<\/p>\n<p>Rostfreier Damaststahl wird aus zwei Arten von pulvermetallurgischem Stahl (RWL34 und PMC27) hergestellt und bei 1150 \u00b0C und 1000 Atmosph\u00e4ren Druck verbunden. Dieser Prozess erzeugt au\u00dferdem einen Stahl mit doppelter Rei\u00dffestigkeit, Erm\u00fcdungsfestigkeit, Duktilit\u00e4t und Schlagfestigkeit und unterstreicht die au\u00dfergew\u00f6hnliche Sch\u00f6nheit seiner Gravur.<\/p>\n<p>Klingenl\u00e4nge: 7,5 cm<br \/>\nGriffl\u00e4nge: 9,5 cm<br \/>\nGesamtl\u00e4nge: 17 cm<br \/>\nKlinge: Damaststahl RWL34 (Stahlbleche 576 RWL34 und PMC27)<br \/>\nH\u00e4rte: 60\/62 HRc<br \/>\nGriff: Hirschgeweih mit Messingbesatz und Leder- und Korallenholzeinlage<br \/>\nBezug: Premium-Leder<br \/>\nGewicht: 100 gr<\/p>\n<p>&nbsp;<\/p>\n","protected":false},"excerpt":{"rendered":"<p><strong>Muela Bowie k\u00fcnstlerisches Jagdmesser mit 7,5 cm Klinge aus Damaststahl, Griff aus Hirschgeweih und Scheide aus Rotholz. Inklusive braunem Lederetui und Pr\u00e4sentationsetui.<\/strong><\/p>\n<p><strong>Kostenloser Transport.<\/strong><\/p>\n","protected":false},"featured_media":348356,"comment_status":"open","ping_status":"closed","template":"","meta":[],"pwb-brand":[3914],"product_brand":[],"product_cat":[3420,3285],"product_tag":[],"class_list":{"0":"post-348369","1":"product","2":"type-product","3":"status-publish","4":"has-post-thumbnail","6":"pwb-brand-sie-musste","7":"product_cat-damaszenermesser","8":"product_cat-messer","10":"first","11":"instock","12":"taxable","13":"shipping-taxable","14":"purchasable","15":"product-type-simple"},"brands":[{"id":3914,"name":"Sie musste","slug":"sie-musste"}],"_links":{"self":[{"href":"https:\/\/www.moskito.cz\/de\/wp-json\/wp\/v2\/product\/348369","targetHints":{"allow":["GET"]}}],"collection":[{"href":"https:\/\/www.moskito.cz\/de\/wp-json\/wp\/v2\/product"}],"about":[{"href":"https:\/\/www.moskito.cz\/de\/wp-json\/wp\/v2\/types\/product"}],"replies":[{"embeddable":true,"href":"https:\/\/www.moskito.cz\/de\/wp-json\/wp\/v2\/comments?post=348369"}],"wp:featuredmedia":[{"embeddable":true,"href":"https:\/\/www.moskito.cz\/de\/wp-json\/wp\/v2\/media\/348356"}],"wp:attachment":[{"href":"https:\/\/www.moskito.cz\/de\/wp-json\/wp\/v2\/media?parent=348369"}],"wp:term":[{"taxonomy":"pwb-brand","embeddable":true,"href":"https:\/\/www.moskito.cz\/de\/wp-json\/wp\/v2\/pwb-brand?post=348369"},{"taxonomy":"product_brand","embeddable":true,"href":"https:\/\/www.moskito.cz\/de\/wp-json\/wp\/v2\/product_brand?post=348369"},{"taxonomy":"product_cat","embeddable":true,"href":"https:\/\/www.moskito.cz\/de\/wp-json\/wp\/v2\/product_cat?post=348369"},{"taxonomy":"product_tag","embeddable":true,"href":"https:\/\/www.moskito.cz\/de\/wp-json\/wp\/v2\/product_tag?post=348369"}],"curies":[{"name":"wp","href":"https:\/\/api.w.org\/{rel}","templated":true}]}}