{"id":348424,"date":"2024-06-28T12:56:38","date_gmt":"2024-06-28T11:57:30","guid":{"rendered":"https:\/\/www.moskito.cz\/produkt\/feststehendes-messer-muela-peccary-8m\/"},"modified":"2025-05-07T11:19:12","modified_gmt":"2025-05-07T10:19:12","slug":"feststehendes-messer-muela-peccary-8m","status":"publish","type":"product","link":"https:\/\/www.moskito.cz\/de\/produkt\/feststehendes-messer-muela-peccary-8m\/","title":{"rendered":"Feststehendes Messer Muela PECCARY-8M"},"content":{"rendered":"<p>Feststehendes Messer <strong>Muela<\/strong> PECCARY-8M.<\/p>\n<p><strong>PECCARY-8.M<\/strong> ist ein Messer mit feststehender Klinge und Full-Tang-Konstruktion mit einer Scheide, die zum Aufh\u00e4ngen am Hals geeignet ist. Dank seiner hervorragenden Ergonomie liegt es trotz seiner geringen Abmessungen gut in der Hand. Das perfekte Messer zur Selbstverteidigung, das von Outdoor- und Survival-Enthusiasten verwendet wird. Leicht \u2013 d\u00fcnn \u2013 unersetzlich \u2013 mit flacher Scheide \u2013 dieses Messer wird Sie immer dabei haben!<\/p>\n<p>Klinge \u2013 mit Drop-Point-Profil und einer St\u00e4rke von 2,8 mm. Beschichtet mit einer Antireflex-Satin-Finish-Schicht (halbmatt). Hergestellt aus geh\u00e4rtetem, haltbarem Molybd\u00e4n-Vanadium-Edelstahl X50CrMoV15 im Bereich von 57\u201358 HRC. Die Klinge zeichnet sich durch gute mechanische Eigenschaften und Langzeitsch\u00e4rfe aus. Die glatte Klinge (Typ Plain) wurde mit einem Flachschliff (Flat Grind) gefertigt.<\/p>\n<p>Der Griff \u2013 profiliert, \u00fcberzogen mit rutschfesten wasserfesten Einlagen aus schwarzem Micarta, sorgt trotz seiner geringen Abmessungen f\u00fcr einen sicheren Halt. Auf der R\u00fcckseite des Griffs wurde eine vergr\u00f6\u00dferte \u00d6ffnung f\u00fcr die Paracord-Leine angebracht.<\/p>\n<p>Die Rahmen-Griffe waren mit dekorativen faserigen Abstandshaltern in roter Farbe \u00fcberzogen, an denen die Griffabdeckung befestigt war.<\/p>\n<p>Die Scheide aus Kydex-Material sch\u00fctzt das Messer vor Herausfallen und Feuchtigkeit. Wird mit einer Paracord-Kordel geliefert, um die Messerscheide um den Hals zu h\u00e4ngen.<\/p>\n<p>Technische Spezifikationen:<br \/>\nProduktnummer: PECCARY-8M<\/p>\n<p>Stahlsorte: X50CrMoV15<br \/>\nKlingenl\u00e4nge: 7 cm \/ 2,76 Zoll<br \/>\nKlingenst\u00e4rke: 0,28 cm \/ 0,11 Zoll<br \/>\nGesamtl\u00e4nge: 15,2 cm \/ 5,98 Zoll<br \/>\nGewicht: 69 g<br \/>\nKantenart: Glatt<br \/>\nKlingentyp: Drop Point<br \/>\nSchnittart: Flach<br \/>\nGriffmaterial: Schwarzes Micarta<br \/>\nScheide: Kydex<br \/>\nHersteller: Muela, Spanien<\/p>\n<p>&nbsp;<\/p>\n<p>&nbsp;<\/p>\n","protected":false},"excerpt":{"rendered":"<p><strong>Dieses vielseitige Messer, das eine Klinge mit dem COLIBRI-Messer teilt, ist jetzt als attraktives Neck Knife erh\u00e4ltlich.<\/strong><\/p>\n<p><strong>Wie der PECCARY ist das Tier, das ihm seinen Namen gibt, klein, robust, dynamisch, aggressiv und robust. Eigenschaften, die es f\u00fcr eine Vielzahl von Situationen geeignet machen.<\/strong><\/p>\n<p>&nbsp;<\/p>\n","protected":false},"featured_media":348380,"comment_status":"open","ping_status":"closed","template":"","meta":[],"pwb-brand":[],"product_brand":[],"product_cat":[3285,3287],"product_tag":[],"class_list":{"0":"post-348424","1":"product","2":"type-product","3":"status-publish","4":"has-post-thumbnail","6":"product_cat-messer","7":"product_cat-solide-messer","9":"first","10":"outofstock","11":"taxable","12":"shipping-taxable","13":"purchasable","14":"product-type-simple"},"brands":[],"_links":{"self":[{"href":"https:\/\/www.moskito.cz\/de\/wp-json\/wp\/v2\/product\/348424","targetHints":{"allow":["GET"]}}],"collection":[{"href":"https:\/\/www.moskito.cz\/de\/wp-json\/wp\/v2\/product"}],"about":[{"href":"https:\/\/www.moskito.cz\/de\/wp-json\/wp\/v2\/types\/product"}],"replies":[{"embeddable":true,"href":"https:\/\/www.moskito.cz\/de\/wp-json\/wp\/v2\/comments?post=348424"}],"wp:featuredmedia":[{"embeddable":true,"href":"https:\/\/www.moskito.cz\/de\/wp-json\/wp\/v2\/media\/348380"}],"wp:attachment":[{"href":"https:\/\/www.moskito.cz\/de\/wp-json\/wp\/v2\/media?parent=348424"}],"wp:term":[{"taxonomy":"pwb-brand","embeddable":true,"href":"https:\/\/www.moskito.cz\/de\/wp-json\/wp\/v2\/pwb-brand?post=348424"},{"taxonomy":"product_brand","embeddable":true,"href":"https:\/\/www.moskito.cz\/de\/wp-json\/wp\/v2\/product_brand?post=348424"},{"taxonomy":"product_cat","embeddable":true,"href":"https:\/\/www.moskito.cz\/de\/wp-json\/wp\/v2\/product_cat?post=348424"},{"taxonomy":"product_tag","embeddable":true,"href":"https:\/\/www.moskito.cz\/de\/wp-json\/wp\/v2\/product_tag?post=348424"}],"curies":[{"name":"wp","href":"https:\/\/api.w.org\/{rel}","templated":true}]}}