{"id":348459,"date":"2024-01-17T16:08:56","date_gmt":"2024-01-17T15:08:56","guid":{"rendered":"https:\/\/www.moskito.cz\/produkt\/schliessendes-pilzmesser-joker-jkr-32\/"},"modified":"2025-11-21T09:43:11","modified_gmt":"2025-11-21T08:43:11","slug":"schliessendes-pilzmesser-joker-jkr-32","status":"publish","type":"product","link":"https:\/\/www.moskito.cz\/de\/produkt\/schliessendes-pilzmesser-joker-jkr-32\/","title":{"rendered":"Schlie\u00dfendes Pilzmesser Joker JKR 32"},"content":{"rendered":"<p>Schlie\u00dfendes Pilzmesser <strong>Joker<\/strong> JKR 32<\/p>\n<p>Das Schneidemesser hat eine Klingenl\u00e4nge von 6 cm und eignet sich aufgrund seiner Form ideal zum Schneiden von Pilzen. Die Gesamtl\u00e4nge im ge\u00f6ffneten Zustand betr\u00e4gt 19 cm.<\/p>\n<p>Am Ende des Griffs ist das Messer mit Borsten ausgestattet, um Schmutz von der Oberfl\u00e4che der Pilze zu entfernen. An der Schnauze befindet sich au\u00dferdem ein Ma\u00dfband f\u00fcr Orientierungsmessungen.<\/p>\n","protected":false},"excerpt":{"rendered":"<p><strong>Joker-Pilzmesser.<\/strong><\/p>\n","protected":false},"featured_media":348460,"comment_status":"open","ping_status":"closed","template":"","meta":[],"pwb-brand":[3415],"product_brand":[],"product_cat":[3303,3285],"product_tag":[],"class_list":{"0":"post-348459","1":"product","2":"type-product","3":"status-publish","4":"has-post-thumbnail","6":"pwb-brand-joker-de","7":"product_cat-schliesmesser","8":"product_cat-messer","10":"first","11":"instock","12":"taxable","13":"shipping-taxable","14":"purchasable","15":"product-type-simple"},"brands":[{"id":3415,"name":"Joker","slug":"joker-de"}],"_links":{"self":[{"href":"https:\/\/www.moskito.cz\/de\/wp-json\/wp\/v2\/product\/348459","targetHints":{"allow":["GET"]}}],"collection":[{"href":"https:\/\/www.moskito.cz\/de\/wp-json\/wp\/v2\/product"}],"about":[{"href":"https:\/\/www.moskito.cz\/de\/wp-json\/wp\/v2\/types\/product"}],"replies":[{"embeddable":true,"href":"https:\/\/www.moskito.cz\/de\/wp-json\/wp\/v2\/comments?post=348459"}],"wp:featuredmedia":[{"embeddable":true,"href":"https:\/\/www.moskito.cz\/de\/wp-json\/wp\/v2\/media\/348460"}],"wp:attachment":[{"href":"https:\/\/www.moskito.cz\/de\/wp-json\/wp\/v2\/media?parent=348459"}],"wp:term":[{"taxonomy":"pwb-brand","embeddable":true,"href":"https:\/\/www.moskito.cz\/de\/wp-json\/wp\/v2\/pwb-brand?post=348459"},{"taxonomy":"product_brand","embeddable":true,"href":"https:\/\/www.moskito.cz\/de\/wp-json\/wp\/v2\/product_brand?post=348459"},{"taxonomy":"product_cat","embeddable":true,"href":"https:\/\/www.moskito.cz\/de\/wp-json\/wp\/v2\/product_cat?post=348459"},{"taxonomy":"product_tag","embeddable":true,"href":"https:\/\/www.moskito.cz\/de\/wp-json\/wp\/v2\/product_tag?post=348459"}],"curies":[{"name":"wp","href":"https:\/\/api.w.org\/{rel}","templated":true}]}}