{"id":348506,"date":"2024-07-02T12:58:39","date_gmt":"2024-07-02T11:59:18","guid":{"rendered":"https:\/\/www.moskito.cz\/produkt\/schliessmesser-mit-etui-muela-bx-8-ol\/"},"modified":"2025-05-07T11:19:15","modified_gmt":"2025-05-07T10:19:15","slug":"schliessmesser-mit-etui-muela-bx-8-ol","status":"publish","type":"product","link":"https:\/\/www.moskito.cz\/de\/produkt\/schliessmesser-mit-etui-muela-bx-8-ol\/","title":{"rendered":"Schlie\u00dfmesser mit Etui Muela BX-8.OL"},"content":{"rendered":"<p>Schlie\u00dfmesser mit Etui <strong>Muela<\/strong> BX-8.OL<\/p>\n<p>Entdecken Sie das au\u00dfergew\u00f6hnlichste Jagdmesser, das jemals geschaffen wurde, um Sie bei Ihren Outdoor-Abenteuern zu begleiten! Wir stellen Ihnen das Artisan-Jagdmesser BX-8.OL vor, ein wahres Meisterwerk, das von der renommierten Marke Muela in Spanien mit Leidenschaft und K\u00f6nnen hergestellt wurde.<\/p>\n<p>Eigenschaften:<\/p>\n<p>Lockback-Sicherheit: Dank der einzigartigen Lockback-Technologie k\u00f6nnen Sie sicher sein, dass die Klinge w\u00e4hrend des Gebrauchs arretiert bleibt. Keine Angst vor Unf\u00e4llen!<br \/>\n8,5 cm Klinge: Die L\u00e4nge der Klinge bietet die perfekte Balance zwischen Vielseitigkeit und Leistung. Es ist ideal f\u00fcr Pr\u00e4zisionsaufgaben sowie anspruchsvollere Aufgaben w\u00e4hrend Ihrer Jagdtage.<br \/>\n10 cm Olivenholzgriff: K\u00f6nnen Sie sich vorstellen, die Weichheit und Eleganz von Olivenholz in Ihren H\u00e4nden zu halten? Dieser Griff ist nicht nur optisch ein echtes Schmuckst\u00fcck, sondern auch, weil er gut in der Hand liegt und einen festen Halt bietet? sicheren Halt.<br \/>\nRobuste Konstruktion: Mit einer Gesamtl\u00e4nge von 18,5 cm ist dieser Rasierer f\u00fcr eine lebenslange Lebensdauer ausgelegt. Die 2,5 mm dicke Molybd\u00e4n-Vanadium-Edelstahlklinge sorgt f\u00fcr au\u00dfergew\u00f6hnliche Widerstandsf\u00e4higkeit gegen\u00fcber allen Herausforderungen in der Natur.<br \/>\nDetails aus Neusilber: Die Verst\u00e4rkung aus Neusilber verleiht dem Messer nicht nur eine \u00e4sthetische und unverwechselbare Note, sondern bietet auch zus\u00e4tzlichen Schutz f\u00fcr den Griff und sorgt f\u00fcr dessen Integrit\u00e4t und Haltbarkeit.<br \/>\nIm Lieferumfang enthaltenes Etui: Um dieses Schmuckst\u00fcck bei Nichtgebrauch zu sch\u00fctzen, liefern wir Ihnen ein robustes und elegantes Etui. Sie k\u00f6nnen es beruhigt \u00fcberallhin mitnehmen.<br \/>\nOptimales Gewicht: Mit nur 210 Gramm ist dieses Messer leicht genug, um bequem in eine Tasche oder einen Rucksack zu passen, aber dennoch robust genug, um jede Aufgabe zu meistern!<\/p>\n<p>Verpassen Sie nicht die Gelegenheit, ein authentisches St\u00fcck spanischer Handwerkskunst zu besitzen, das Ihr Jagderlebnis auf die n\u00e4chste Stufe hebt. Das handgefertigte Jagdmesser Muela BX-8.OL ist der perfekte Begleiter, der Ihren Stil und Ihre Leidenschaft f\u00fcr die Natur widerspiegelt. Klicken Sie jetzt und nehmen Sie es mit auf Ihr n\u00e4chstes Outdoor-Abenteuer!<\/p>\n<p>Gesamtl\u00e4nge: 19 cm<br \/>\nKlingenl\u00e4nge: 8,5 cm<br \/>\nGewicht: 120 g<br \/>\nKlingenmaterial: 440<br \/>\nGriffmaterial: oliv<br \/>\nSicherheit: Backlock<\/p>\n","protected":false},"excerpt":{"rendered":"<p><strong>Entdecken Sie das au\u00dfergew\u00f6hnlichste Jagdmesser, das je geschaffen wurde, um Sie bei Ihren Outdoor-Abenteuern zu begleiten! Wir stellen Ihnen das Artisan-Jagdmesser BX-8.OL vor, ein wahres Meisterwerk, das von der renommierten Marke Muela in Spanien mit Leidenschaft und K\u00f6nnen hergestellt wurde.<\/strong><\/p>\n","protected":false},"featured_media":348490,"comment_status":"open","ping_status":"closed","template":"","meta":[],"pwb-brand":[3914],"product_brand":[],"product_cat":[3303,3285],"product_tag":[3669],"class_list":{"0":"post-348506","1":"product","2":"type-product","3":"status-publish","4":"has-post-thumbnail","6":"pwb-brand-sie-musste","7":"product_cat-schliesmesser","8":"product_cat-messer","9":"product_tag-b2b-de","11":"first","12":"outofstock","13":"taxable","14":"shipping-taxable","15":"purchasable","16":"product-type-simple"},"brands":[{"id":3914,"name":"Sie musste","slug":"sie-musste"}],"_links":{"self":[{"href":"https:\/\/www.moskito.cz\/de\/wp-json\/wp\/v2\/product\/348506","targetHints":{"allow":["GET"]}}],"collection":[{"href":"https:\/\/www.moskito.cz\/de\/wp-json\/wp\/v2\/product"}],"about":[{"href":"https:\/\/www.moskito.cz\/de\/wp-json\/wp\/v2\/types\/product"}],"replies":[{"embeddable":true,"href":"https:\/\/www.moskito.cz\/de\/wp-json\/wp\/v2\/comments?post=348506"}],"wp:featuredmedia":[{"embeddable":true,"href":"https:\/\/www.moskito.cz\/de\/wp-json\/wp\/v2\/media\/348490"}],"wp:attachment":[{"href":"https:\/\/www.moskito.cz\/de\/wp-json\/wp\/v2\/media?parent=348506"}],"wp:term":[{"taxonomy":"pwb-brand","embeddable":true,"href":"https:\/\/www.moskito.cz\/de\/wp-json\/wp\/v2\/pwb-brand?post=348506"},{"taxonomy":"product_brand","embeddable":true,"href":"https:\/\/www.moskito.cz\/de\/wp-json\/wp\/v2\/product_brand?post=348506"},{"taxonomy":"product_cat","embeddable":true,"href":"https:\/\/www.moskito.cz\/de\/wp-json\/wp\/v2\/product_cat?post=348506"},{"taxonomy":"product_tag","embeddable":true,"href":"https:\/\/www.moskito.cz\/de\/wp-json\/wp\/v2\/product_tag?post=348506"}],"curies":[{"name":"wp","href":"https:\/\/api.w.org\/{rel}","templated":true}]}}