{"id":348567,"date":"2024-07-02T13:46:33","date_gmt":"2024-07-02T12:48:08","guid":{"rendered":"https:\/\/www.moskito.cz\/produkt\/feststehendes-messer-muela-peccary-8-o\/"},"modified":"2025-05-07T11:19:19","modified_gmt":"2025-05-07T10:19:19","slug":"feststehendes-messer-muela-peccary-8-o","status":"publish","type":"product","link":"https:\/\/www.moskito.cz\/de\/produkt\/feststehendes-messer-muela-peccary-8-o\/","title":{"rendered":"Feststehendes Messer Muela PECCARY-8.O"},"content":{"rendered":"<p>Feststehendes Messer <strong>Muela<\/strong> PECCARY-8.O<\/p>\n<p>Muela ist derzeit eines der st\u00e4rksten Unternehmen im Bereich handgefertigter Jagdmesser in Spanien und im Rest der Welt und seine Messer und Taschenmesser genie\u00dfen hohes Ansehen f\u00fcr ihre hervorragende Qualit\u00e4t.<\/p>\n<p>Das Muela Peccary-Messer ist ideal f\u00fcr den t\u00e4glichen Gebrauch, da es um den Hals getragen werden kann. Trotz seiner geringen Abmessungen ist es sehr langlebig, dynamisch, aggressiv und robust. MoVa-Stahlblech. Griff aus Micarta. Beinhaltet: &#8211; Kordelzugloch. -Kydex-Holster -Paracord-Schnur (550 lbs).<\/p>\n<p>EIGENSCHAFTEN DES MESSER:<\/p>\n<p>Gesamtl\u00e4nge: 15,5 cm<\/p>\n<p>Klingenl\u00e4nge: 7,0 cm \/ 2,75 Zoll<\/p>\n<p>Stahlsorte: MoVa<\/p>\n<p>Modell: Gerade<\/p>\n<p>Oberfl\u00e4che: Satin<\/p>\n<p>Schleifart: Glatt<\/p>\n<p>Griffl\u00e4nge: 8,5 cm<\/p>\n<p>Griffmaterial: Segeltuch<\/p>\n<p>Grifffarbe: Schwarz<\/p>\n<p>Gewicht: 70 gr.<\/p>\n<p>Geh\u00e4use: Kydex. Herkunftsland: Spanien<\/p>\n<p>&nbsp;<\/p>\n","protected":false},"excerpt":{"rendered":"<p>Das Muela Peccary-Messer ist ideal f\u00fcr den t\u00e4glichen Gebrauch, da es um den Hals getragen werden kann. Trotz seiner geringen Abmessungen ist es sehr langlebig, dynamisch, aggressiv und robust.<\/p>\n","protected":false},"featured_media":348540,"comment_status":"open","ping_status":"closed","template":"","meta":[],"pwb-brand":[3914],"product_brand":[],"product_cat":[3285,3287],"product_tag":[3669],"class_list":{"0":"post-348567","1":"product","2":"type-product","3":"status-publish","4":"has-post-thumbnail","6":"pwb-brand-sie-musste","7":"product_cat-messer","8":"product_cat-solide-messer","9":"product_tag-b2b-de","11":"first","12":"instock","13":"taxable","14":"shipping-taxable","15":"purchasable","16":"product-type-simple"},"brands":[{"id":3914,"name":"Sie musste","slug":"sie-musste"}],"_links":{"self":[{"href":"https:\/\/www.moskito.cz\/de\/wp-json\/wp\/v2\/product\/348567","targetHints":{"allow":["GET"]}}],"collection":[{"href":"https:\/\/www.moskito.cz\/de\/wp-json\/wp\/v2\/product"}],"about":[{"href":"https:\/\/www.moskito.cz\/de\/wp-json\/wp\/v2\/types\/product"}],"replies":[{"embeddable":true,"href":"https:\/\/www.moskito.cz\/de\/wp-json\/wp\/v2\/comments?post=348567"}],"wp:featuredmedia":[{"embeddable":true,"href":"https:\/\/www.moskito.cz\/de\/wp-json\/wp\/v2\/media\/348540"}],"wp:attachment":[{"href":"https:\/\/www.moskito.cz\/de\/wp-json\/wp\/v2\/media?parent=348567"}],"wp:term":[{"taxonomy":"pwb-brand","embeddable":true,"href":"https:\/\/www.moskito.cz\/de\/wp-json\/wp\/v2\/pwb-brand?post=348567"},{"taxonomy":"product_brand","embeddable":true,"href":"https:\/\/www.moskito.cz\/de\/wp-json\/wp\/v2\/product_brand?post=348567"},{"taxonomy":"product_cat","embeddable":true,"href":"https:\/\/www.moskito.cz\/de\/wp-json\/wp\/v2\/product_cat?post=348567"},{"taxonomy":"product_tag","embeddable":true,"href":"https:\/\/www.moskito.cz\/de\/wp-json\/wp\/v2\/product_tag?post=348567"}],"curies":[{"name":"wp","href":"https:\/\/api.w.org\/{rel}","templated":true}]}}