{"id":348599,"date":"2024-07-02T14:05:30","date_gmt":"2024-07-02T13:07:55","guid":{"rendered":"https:\/\/www.moskito.cz\/produkt\/verschlussmesser-mit-etui-muela-p-8co\/"},"modified":"2025-05-07T11:19:21","modified_gmt":"2025-05-07T10:19:21","slug":"verschlussmesser-mit-etui-muela-p-8co","status":"publish","type":"product","link":"https:\/\/www.moskito.cz\/de\/produkt\/verschlussmesser-mit-etui-muela-p-8co\/","title":{"rendered":"Muela P-8CO Ummantelungsmesser"},"content":{"rendered":"<p>Verschlussmesser mit Etui <strong>Muela<\/strong> P-8CO<\/p>\n<p>Muela P-8CO Taschenmesser mit einer Klingenl\u00e4nge von 8,5 cm aus 440A Edelstahl. Griff aus Cocobolo-Holz. Ein leichtes und kompaktes Messer, das Sie immer in der Tasche tragen k\u00f6nnen. Materialien: Klinge: 440A-Stahl Griff: Cocobolo-Holz Abmessungen: Klingenl\u00e4nge: 85 mm. Griffl\u00e4nge: 130 mm. Gesamtl\u00e4nge: 215 mm. Gewicht: 70 Gramm.<\/p>\n<p>&nbsp;<\/p>\n","protected":false},"excerpt":{"rendered":"<p><strong>Muela P-8CO Taschenmesser mit einer Klingenl\u00e4nge von 8,5 cm aus 440A Edelstahl.<\/strong><\/p>\n","protected":false},"featured_media":348572,"comment_status":"open","ping_status":"closed","template":"","meta":[],"pwb-brand":[3914],"product_brand":[],"product_cat":[3285,3303],"product_tag":[3669],"class_list":{"0":"post-348599","1":"product","2":"type-product","3":"status-publish","4":"has-post-thumbnail","6":"pwb-brand-sie-musste","7":"product_cat-messer","8":"product_cat-schliesmesser","9":"product_tag-b2b-de","11":"first","12":"instock","13":"taxable","14":"shipping-taxable","15":"purchasable","16":"product-type-simple"},"brands":[{"id":3914,"name":"Sie musste","slug":"sie-musste"}],"_links":{"self":[{"href":"https:\/\/www.moskito.cz\/de\/wp-json\/wp\/v2\/product\/348599","targetHints":{"allow":["GET"]}}],"collection":[{"href":"https:\/\/www.moskito.cz\/de\/wp-json\/wp\/v2\/product"}],"about":[{"href":"https:\/\/www.moskito.cz\/de\/wp-json\/wp\/v2\/types\/product"}],"replies":[{"embeddable":true,"href":"https:\/\/www.moskito.cz\/de\/wp-json\/wp\/v2\/comments?post=348599"}],"wp:featuredmedia":[{"embeddable":true,"href":"https:\/\/www.moskito.cz\/de\/wp-json\/wp\/v2\/media\/348572"}],"wp:attachment":[{"href":"https:\/\/www.moskito.cz\/de\/wp-json\/wp\/v2\/media?parent=348599"}],"wp:term":[{"taxonomy":"pwb-brand","embeddable":true,"href":"https:\/\/www.moskito.cz\/de\/wp-json\/wp\/v2\/pwb-brand?post=348599"},{"taxonomy":"product_brand","embeddable":true,"href":"https:\/\/www.moskito.cz\/de\/wp-json\/wp\/v2\/product_brand?post=348599"},{"taxonomy":"product_cat","embeddable":true,"href":"https:\/\/www.moskito.cz\/de\/wp-json\/wp\/v2\/product_cat?post=348599"},{"taxonomy":"product_tag","embeddable":true,"href":"https:\/\/www.moskito.cz\/de\/wp-json\/wp\/v2\/product_tag?post=348599"}],"curies":[{"name":"wp","href":"https:\/\/api.w.org\/{rel}","templated":true}]}}