{"id":348632,"date":"2024-07-02T14:21:25","date_gmt":"2024-07-02T13:23:06","guid":{"rendered":"https:\/\/www.moskito.cz\/produkt\/schliessmesser-mit-etui-muela-bx-8gm\/"},"modified":"2025-05-07T11:19:22","modified_gmt":"2025-05-07T10:19:22","slug":"schliessmesser-mit-etui-muela-bx-8gm","status":"publish","type":"product","link":"https:\/\/www.moskito.cz\/de\/produkt\/schliessmesser-mit-etui-muela-bx-8gm\/","title":{"rendered":"Schlie\u00dfmesser mit Etui Muela BX-8GM"},"content":{"rendered":"<p>Schlie\u00dfmesser mit Etui <strong>Muela<\/strong> BX-8GM.<\/p>\n<p>Muela BX8GM Klappmesser, schwarze Micarta-Griffe, R\u00fcckensicherung, graue Stahlbeschl\u00e4ge, Nylonscheide.<\/p>\n<p>Ein Klappmesser der spanischen Firma Muela mit klassischer Form, aber modernem Konzept. Es wird im Tourismus, beim Camping und beim Zelten Anwendung finden, wird aber sicherlich auch von J\u00e4gern und J\u00e4gern genutzt. Es hat eine angenehme Gr\u00f6\u00dfe und ein angenehmes Gewicht und l\u00e4sst sich sehr angenehm damit arbeiten.<\/p>\n<p>Muela-Taschenmesser mit 440C-Stahlklinge 8,5 cm. Schwarzer Micarta-Griff und TiNi-Buchse mit Schloss. Ein leichtes und kompaktes Messer, das Sie immer in der Tasche tragen k\u00f6nnen. Materialien: Klinge: Stahl 440C Griff: Schwarzes Mikarta Besatz: TiNi Abmessungen: Klingenl\u00e4nge: 85 mm. Griffl\u00e4nge: 100 mm. Gesamtl\u00e4nge: 185 mm. Gewicht: 120 Gramm.<\/p>\n<p>&nbsp;<\/p>\n","protected":false},"excerpt":{"rendered":"<p><strong>Muela BX8GM Klappmesser, schwarze Micarta-Griffe, R\u00fcckensicherung, graue Stahlbeschl\u00e4ge, Nylonscheide.<\/strong><\/p>\n","protected":false},"featured_media":348604,"comment_status":"open","ping_status":"closed","template":"","meta":[],"pwb-brand":[3914],"product_brand":[],"product_cat":[3285,3303],"product_tag":[3669],"class_list":{"0":"post-348632","1":"product","2":"type-product","3":"status-publish","4":"has-post-thumbnail","6":"pwb-brand-sie-musste","7":"product_cat-messer","8":"product_cat-schliesmesser","9":"product_tag-b2b-de","11":"first","12":"instock","13":"taxable","14":"shipping-taxable","15":"purchasable","16":"product-type-simple"},"brands":[{"id":3914,"name":"Sie musste","slug":"sie-musste"}],"_links":{"self":[{"href":"https:\/\/www.moskito.cz\/de\/wp-json\/wp\/v2\/product\/348632","targetHints":{"allow":["GET"]}}],"collection":[{"href":"https:\/\/www.moskito.cz\/de\/wp-json\/wp\/v2\/product"}],"about":[{"href":"https:\/\/www.moskito.cz\/de\/wp-json\/wp\/v2\/types\/product"}],"replies":[{"embeddable":true,"href":"https:\/\/www.moskito.cz\/de\/wp-json\/wp\/v2\/comments?post=348632"}],"wp:featuredmedia":[{"embeddable":true,"href":"https:\/\/www.moskito.cz\/de\/wp-json\/wp\/v2\/media\/348604"}],"wp:attachment":[{"href":"https:\/\/www.moskito.cz\/de\/wp-json\/wp\/v2\/media?parent=348632"}],"wp:term":[{"taxonomy":"pwb-brand","embeddable":true,"href":"https:\/\/www.moskito.cz\/de\/wp-json\/wp\/v2\/pwb-brand?post=348632"},{"taxonomy":"product_brand","embeddable":true,"href":"https:\/\/www.moskito.cz\/de\/wp-json\/wp\/v2\/product_brand?post=348632"},{"taxonomy":"product_cat","embeddable":true,"href":"https:\/\/www.moskito.cz\/de\/wp-json\/wp\/v2\/product_cat?post=348632"},{"taxonomy":"product_tag","embeddable":true,"href":"https:\/\/www.moskito.cz\/de\/wp-json\/wp\/v2\/product_tag?post=348632"}],"curies":[{"name":"wp","href":"https:\/\/api.w.org\/{rel}","templated":true}]}}