{"id":348732,"date":"2022-10-18T20:51:40","date_gmt":"2024-07-02T14:24:20","guid":{"rendered":"https:\/\/www.moskito.cz\/produkt\/heretic-knives-manticore-s-h025-8a-schiessmesser\/"},"modified":"2025-05-07T11:19:28","modified_gmt":"2025-05-07T10:19:28","slug":"heretic-knives-manticore-s-h025-8a-schiessmesser","status":"publish","type":"product","link":"https:\/\/www.moskito.cz\/de\/produkt\/heretic-knives-manticore-s-h025-8a-schiessmesser\/","title":{"rendered":"Heretic Knives Manticore S H025-8A Schie\u00dfmesser"},"content":{"rendered":"<p><strong>Heretic Knives<\/strong> Manticore S H025-8A Schie\u00dfmesser.<\/p>\n<p>Das Manticore S ist das kleinste OTF-Angebot von Heretic Knives in der Manticore-Serie. Dieses Messer wird zu 100 % in den USA hergestellt und zusammengebaut und verf\u00fcgt \u00fcber eine lebenslange Garantie, sodass Sie sicher sein k\u00f6nnen, dass dieses OTF lange h\u00e4lt. Es verf\u00fcgt \u00fcber das seidenweiche Abfeuern und den einh\u00e4ndigen R\u00fccksto\u00df, der bei der Manticore-Reihe Standard ist. Die S-Variante ist ein kompaktes Messer mit integrierter Fangriemen\u00f6se, Glasbrecher aus geh\u00e4rtetem Stahl und tiefem Clip. Sein schlankes Profil und sein geringes Gewicht machen es leicht zu transportieren und jederzeit einsatzbereit. Die Action macht s\u00fcchtig, die Ergonomie stimmt und die Verarbeitungsqualit\u00e4t ist erstklassig. Du wirst nicht entt\u00e4uscht sein!!<\/p>\n<p>Klingenl\u00e4nge: 6,2 cm<br \/>\nGesamtl\u00e4nge: 16,2 cm<br \/>\nKlingenmaterial: Elmax<br \/>\nKlingenschliff: flach<br \/>\nGriffmaterial: schwarzes Aluminium<br \/>\nGriffst\u00e4rke: 0,33 Zoll<br \/>\nVerriegelungsmechanismus: Schieben<br \/>\nTaschenclip: Edelstahl Deep Carry (klappbar, rechts)<br \/>\nGewicht: 1,8 Unzen.<br \/>\nDesigner: Tony Marfione Jr.<br \/>\nHergestellt in den USA<\/p>\n","protected":false},"excerpt":{"rendered":"<p>Alle unsere Messer werden in den USA hergestellt und das wird auch so bleiben. Wenn Sie eines unserer Messer kaufen, k\u00f6nnen Sie darauf vertrauen, dass Ihr Werkzeug von einem amerikanischen Unternehmen unterst\u00fctzt wird. Unsere Messer werden in kleinen Chargen hergestellt, um sicherzustellen, dass Sie ein Qualit\u00e4tsmesser erhalten, dem nicht die Aufmerksamkeit geschenkt wird, die anderen massenproduzierten Messern nicht zuteil wird.<\/p>\n<p><strong>Kostenloser Transport.<\/strong><\/p>\n","protected":false},"featured_media":348733,"comment_status":"open","ping_status":"closed","template":"","meta":[],"pwb-brand":[3665],"product_brand":[],"product_cat":[3285,3343],"product_tag":[],"class_list":{"0":"post-348732","1":"product","2":"type-product","3":"status-publish","4":"has-post-thumbnail","6":"pwb-brand-ketzermesser","7":"product_cat-messer","8":"product_cat-schiesmesser","10":"first","11":"instock","12":"taxable","13":"shipping-taxable","14":"purchasable","15":"product-type-simple"},"brands":[{"id":3665,"name":"Ketzermesser","slug":"ketzermesser"}],"_links":{"self":[{"href":"https:\/\/www.moskito.cz\/de\/wp-json\/wp\/v2\/product\/348732","targetHints":{"allow":["GET"]}}],"collection":[{"href":"https:\/\/www.moskito.cz\/de\/wp-json\/wp\/v2\/product"}],"about":[{"href":"https:\/\/www.moskito.cz\/de\/wp-json\/wp\/v2\/types\/product"}],"replies":[{"embeddable":true,"href":"https:\/\/www.moskito.cz\/de\/wp-json\/wp\/v2\/comments?post=348732"}],"wp:featuredmedia":[{"embeddable":true,"href":"https:\/\/www.moskito.cz\/de\/wp-json\/wp\/v2\/media\/348733"}],"wp:attachment":[{"href":"https:\/\/www.moskito.cz\/de\/wp-json\/wp\/v2\/media?parent=348732"}],"wp:term":[{"taxonomy":"pwb-brand","embeddable":true,"href":"https:\/\/www.moskito.cz\/de\/wp-json\/wp\/v2\/pwb-brand?post=348732"},{"taxonomy":"product_brand","embeddable":true,"href":"https:\/\/www.moskito.cz\/de\/wp-json\/wp\/v2\/product_brand?post=348732"},{"taxonomy":"product_cat","embeddable":true,"href":"https:\/\/www.moskito.cz\/de\/wp-json\/wp\/v2\/product_cat?post=348732"},{"taxonomy":"product_tag","embeddable":true,"href":"https:\/\/www.moskito.cz\/de\/wp-json\/wp\/v2\/product_tag?post=348732"}],"curies":[{"name":"wp","href":"https:\/\/api.w.org\/{rel}","templated":true}]}}