{"id":348757,"date":"2022-10-23T12:52:20","date_gmt":"2024-07-02T14:30:38","guid":{"rendered":"https:\/\/www.moskito.cz\/produkt\/feststehendes-messer-heretic-knives-sleight-modular-push-dagger-battleworn-black-h050-8a-brkorg\/"},"modified":"2025-05-07T11:19:29","modified_gmt":"2025-05-07T10:19:29","slug":"feststehendes-messer-heretic-knives-sleight-modular-push-dagger-battleworn-black-h050-8a-brkorg","status":"publish","type":"product","link":"https:\/\/www.moskito.cz\/de\/produkt\/feststehendes-messer-heretic-knives-sleight-modular-push-dagger-battleworn-black-h050-8a-brkorg\/","title":{"rendered":"Feststehendes Messer HERETIC KNIVES Sleight Modular Push Dagger Battleworn Black H050-8A-BRKORG"},"content":{"rendered":"<p>Feststehendes Messer <strong>HERETIC KNIVES<\/strong> Sleight Modular Push Dagger Battleworn Black H050-8A-BRKORG.<\/p>\n<p>Wir stellen den Heretic Sleight vor, Tony Jr.s ersten modularen Sto\u00dfdolch. Der Sleight wird standardm\u00e4\u00dfig mit einer mei\u00dfelgeschliffenen Standard-Doppelschneideklinge (CPM-20CV) mit einer Klingenl\u00e4nge von 6,57 cm geliefert. Es hat eine Gesamtl\u00e4nge von 13,5 cm, eine Dicke von 0,862 cm und 3,2 Unzen ohne Jacke. Das Sleight ist modular aufgebaut. Entfernen Sie einfach die drei T8-Schrauben und ersetzen Sie die Klinge durch einen Sleight-Messergriff (separat erh\u00e4ltlich) oder tauschen Sie es gegen ein anderes Sleight-Zubeh\u00f6r aus. Durch die Sicherung durch Tek-Lok k\u00f6nnen Sie sicher sein, dass Ihr Sleight intakt bleibt, ganz gleich, wie Sie es tragen.<\/p>\n<p>Spezifikationen<br \/>\nKlingenl\u00e4nge: 7,375 cm<br \/>\nGesamtl\u00e4nge: 13,5 cm<br \/>\nKlingenmaterial: CPM-20CV Edelstahl<br \/>\nKlingenst\u00e4rke: 0,862 cm<br \/>\nKlingenstil: Doppelschneidiger Dolch<br \/>\nKlingenschliff: Flach<br \/>\nKlingenfinish: Battleworn Black<br \/>\nGriffmaterial: Durchbruchsorange eloxiertes Aluminium 6061-T6<br \/>\nGriffst\u00e4rke: 0,862 cm<br \/>\nMantelmaterial: Kydex<br \/>\nGewicht: 3,2 Unzen.<br \/>\nGewicht mit Koffer: 6,0 Unzen.<br \/>\nDesigner: Tony Marfione Jr.<br \/>\nHergestellt in den USA<\/p>\n","protected":false},"excerpt":{"rendered":"<p>Alle unsere Messer werden in den USA hergestellt und das wird auch so bleiben. Wenn Sie eines unserer Messer kaufen, k\u00f6nnen Sie darauf vertrauen, dass Ihr Werkzeug von einem amerikanischen Unternehmen unterst\u00fctzt wird. Unsere Messer werden in kleinen Mengen hergestellt, um sicherzustellen, dass Sie ein Qualit\u00e4tsmesser erhalten, das die Aufmerksamkeit erh\u00e4lt, die andere massenproduzierte Messer nicht erhalten!!<\/p>\n","protected":false},"featured_media":348758,"comment_status":"open","ping_status":"closed","template":"","meta":[],"pwb-brand":[],"product_brand":[],"product_cat":[3285,3287],"product_tag":[],"class_list":{"0":"post-348757","1":"product","2":"type-product","3":"status-publish","4":"has-post-thumbnail","6":"product_cat-messer","7":"product_cat-solide-messer","9":"first","10":"instock","11":"taxable","12":"shipping-taxable","13":"purchasable","14":"product-type-simple"},"brands":[],"_links":{"self":[{"href":"https:\/\/www.moskito.cz\/de\/wp-json\/wp\/v2\/product\/348757","targetHints":{"allow":["GET"]}}],"collection":[{"href":"https:\/\/www.moskito.cz\/de\/wp-json\/wp\/v2\/product"}],"about":[{"href":"https:\/\/www.moskito.cz\/de\/wp-json\/wp\/v2\/types\/product"}],"replies":[{"embeddable":true,"href":"https:\/\/www.moskito.cz\/de\/wp-json\/wp\/v2\/comments?post=348757"}],"wp:featuredmedia":[{"embeddable":true,"href":"https:\/\/www.moskito.cz\/de\/wp-json\/wp\/v2\/media\/348758"}],"wp:attachment":[{"href":"https:\/\/www.moskito.cz\/de\/wp-json\/wp\/v2\/media?parent=348757"}],"wp:term":[{"taxonomy":"pwb-brand","embeddable":true,"href":"https:\/\/www.moskito.cz\/de\/wp-json\/wp\/v2\/pwb-brand?post=348757"},{"taxonomy":"product_brand","embeddable":true,"href":"https:\/\/www.moskito.cz\/de\/wp-json\/wp\/v2\/product_brand?post=348757"},{"taxonomy":"product_cat","embeddable":true,"href":"https:\/\/www.moskito.cz\/de\/wp-json\/wp\/v2\/product_cat?post=348757"},{"taxonomy":"product_tag","embeddable":true,"href":"https:\/\/www.moskito.cz\/de\/wp-json\/wp\/v2\/product_tag?post=348757"}],"curies":[{"name":"wp","href":"https:\/\/api.w.org\/{rel}","templated":true}]}}