{"id":348784,"date":"2023-08-10T17:40:07","date_gmt":"2024-07-02T18:54:43","guid":{"rendered":"https:\/\/www.moskito.cz\/produkt\/schiessmesser-microtech-glykon-stonewashed-184-10\/"},"modified":"2025-05-07T11:19:29","modified_gmt":"2025-05-07T10:19:29","slug":"schiessmesser-microtech-glykon-stonewashed-184-10","status":"publish","type":"product","link":"https:\/\/www.moskito.cz\/de\/produkt\/schiessmesser-microtech-glykon-stonewashed-184-10\/","title":{"rendered":"Schie\u00dfmesser Microtech Glykon Stonewashed 184-10"},"content":{"rendered":"<p>Schie\u00dfmesser <strong>Microtech<\/strong> Glykon Stonewashed 184-10<\/p>\n<p>Glykon, benannt nach dem antiken griechischen Schlangengott, ist der erste Microtech mit einem dreiseitigen Knopf. Dies macht es zu einem Top-Feed-OTF sowie zu einem Side-Firing-Modell, das vollst\u00e4ndig beidh\u00e4ndig einsetzbar ist. Alles, was Sie tun m\u00fcssen, ist, den Taschenclip mit einem gro\u00dfen Torx-Bit auf die andere Seite zu tauschen, und schon kann es losgehen. Es ist eines der wenigen Microtechs, das ein Torx-Schraubendesign verwendet, um Modifikationen zu Hause zu erm\u00f6glichen. Es verf\u00fcgt au\u00dferdem \u00fcber Titanakzente und \u00dcberz\u00fcge am Rahmen, die leicht entfernt und ge\u00e4ndert werden k\u00f6nnen, wenn Sie das m\u00f6chten. Microtech ist st\u00e4ndig innovativ und hat hier mit Glykon einen klaren Gewinner.<\/p>\n<p>Spezifikationen<br \/>\nKlingenl\u00e4nge: 9,37 cm<br \/>\nL\u00e4nge geschlossen: 13,12 cm<br \/>\nGesamtl\u00e4nge: 22,5 cm<br \/>\nStahl: M390<br \/>\nKlingenstil: Double Combo Edge Bajonett<br \/>\nKlingenschliff: Flach<br \/>\nOberfl\u00e4chenbehandlung der Klinge: Stonewash<br \/>\nGriffmaterial: schwarzes Aluminium 6061-T6 mit Titanauflagen<br \/>\nGriffst\u00e4rke: 1,25 cm<br \/>\nVerriegelungsmechanismus: Tri-Slide<br \/>\nTaschenclip: Titan (zusammenklappbar)<br \/>\nGewicht: 5,01 Unzen<br \/>\nDesigner: Tony und Sean Marfione<br \/>\nHergestellt in den USA<\/p>\n<p><iframe title=\"Microtech Combat Troodon Torture Test\" width=\"800\" height=\"450\" src=\"https:\/\/www.youtube.com\/embed\/xE9TeOFYEjg?feature=oembed\" frameborder=\"0\" allow=\"accelerometer; autoplay; clipboard-write; encrypted-media; gyroscope; picture-in-picture; web-share\" referrerpolicy=\"strict-origin-when-cross-origin\" allowfullscreen><\/iframe><\/p>\n<p>&nbsp;<\/p>\n","protected":false},"excerpt":{"rendered":"<p><strong>Im Laufe der Jahre hat Microtech\u00ae Knives Messer mit Leidenschaft und K\u00f6nnen gef\u00fcllt, um nahezu Kunstwerke zu schaffen, die den Gipfel der Funktionalit\u00e4t darstellen. Alle Teile werden in den USA hergestellt.<\/strong><br \/>\n<strong>F\u00fcr alle Microtech-Messer gilt eine lebenslange Garantie.<\/strong><\/p>\n<p><strong>Kostenloser Transport.<\/strong><\/p>\n","protected":false},"featured_media":348785,"comment_status":"open","ping_status":"closed","template":"","meta":[],"pwb-brand":[3278],"product_brand":[],"product_cat":[3285,3343],"product_tag":[3669],"class_list":{"0":"post-348784","1":"product","2":"type-product","3":"status-publish","4":"has-post-thumbnail","6":"pwb-brand-microtech-de","7":"product_cat-messer","8":"product_cat-schiesmesser","9":"product_tag-b2b-de","11":"first","12":"outofstock","13":"taxable","14":"shipping-taxable","15":"purchasable","16":"product-type-simple"},"brands":[{"id":3278,"name":"Microtech","slug":"microtech-de"}],"_links":{"self":[{"href":"https:\/\/www.moskito.cz\/de\/wp-json\/wp\/v2\/product\/348784","targetHints":{"allow":["GET"]}}],"collection":[{"href":"https:\/\/www.moskito.cz\/de\/wp-json\/wp\/v2\/product"}],"about":[{"href":"https:\/\/www.moskito.cz\/de\/wp-json\/wp\/v2\/types\/product"}],"replies":[{"embeddable":true,"href":"https:\/\/www.moskito.cz\/de\/wp-json\/wp\/v2\/comments?post=348784"}],"wp:featuredmedia":[{"embeddable":true,"href":"https:\/\/www.moskito.cz\/de\/wp-json\/wp\/v2\/media\/348785"}],"wp:attachment":[{"href":"https:\/\/www.moskito.cz\/de\/wp-json\/wp\/v2\/media?parent=348784"}],"wp:term":[{"taxonomy":"pwb-brand","embeddable":true,"href":"https:\/\/www.moskito.cz\/de\/wp-json\/wp\/v2\/pwb-brand?post=348784"},{"taxonomy":"product_brand","embeddable":true,"href":"https:\/\/www.moskito.cz\/de\/wp-json\/wp\/v2\/product_brand?post=348784"},{"taxonomy":"product_cat","embeddable":true,"href":"https:\/\/www.moskito.cz\/de\/wp-json\/wp\/v2\/product_cat?post=348784"},{"taxonomy":"product_tag","embeddable":true,"href":"https:\/\/www.moskito.cz\/de\/wp-json\/wp\/v2\/product_tag?post=348784"}],"curies":[{"name":"wp","href":"https:\/\/api.w.org\/{rel}","templated":true}]}}