{"id":348902,"date":"2024-07-03T12:42:31","date_gmt":"2024-07-03T11:43:50","guid":{"rendered":"https:\/\/www.moskito.cz\/produkt\/feststehendes-messer-muela-col-7a\/"},"modified":"2025-05-07T11:19:33","modified_gmt":"2025-05-07T10:19:33","slug":"feststehendes-messer-muela-col-7a","status":"publish","type":"product","link":"https:\/\/www.moskito.cz\/de\/produkt\/feststehendes-messer-muela-col-7a\/","title":{"rendered":"Feststehendes Messer Muela COL-7A"},"content":{"rendered":"<p>Feststehendes Messer <strong>Muela<\/strong> COL-7A.<\/p>\n<p><strong>COL-7A<\/strong> \u2013 Jagdmesser <strong>COLIBRI<\/strong> mit klassischer Serie mit Full-Tang-Konstruktion, spanische Firma Muela. Handgefertigt, ideal f\u00fcr Sammler, Jagdbegeisterte und Menschen, die einen aktiven Lebensstil sch\u00e4tzen. Hergestellt aus MoVa-Molybd\u00e4n-Vanadium-Stahl.<\/p>\n<p>Klinge \u2013 mit Drop-Point-Profil, St\u00e4rke 2,9 mm, mit guten mechanischen Eigenschaften und langer Fokussierung. Hergestellt aus langlebigem Molybd\u00e4n-Vanadium-Stahl X50CrMoV15. Geh\u00e4rtet im Bereich von 57\u201358 HRC. Die glatte Klinge (Plain-Typ) wurde mit einem flachen konkaven Schliff (Hollow Grind) abgeleitet. Die Satin Finish (halbmatte) Oberfl\u00e4che verhindert Blendung. An der Basis der Klinge sch\u00fctzt ein Messingschutz die Hand.<\/p>\n<p>Griff &#8211; profiliert, sorgt f\u00fcr perfekten Halt beim Arbeiten. Braune Fliesen, beschichtet mit nat\u00fcrlichem Hirschgeweih (Hirschgeweih). Unterst\u00fctzung. Verstrebungen und Nieten aus hochvernickeltem Messing. Auf der R\u00fcckseite des Griffs befindet sich ein Loch zum Anbringen eines Riemens und einer Sicherheitsschnur.<\/p>\n<p>Etui \u2013 verl\u00e4ngert, sch\u00fctzt die Klinge mit einem Teil des Griffs. Aus braunem Naturleder mit gepr\u00e4gtem Firmenlogo. Die Scheide wurde an den R\u00e4ndern mit Ziergarn vern\u00e4ht. Durch die Befestigung an einem G\u00fcrtel oder einer Halterung kann das Messer in aufrechter Position getragen werden.<\/p>\n<p>Technische Spezifikationen:<br \/>\nProduktnummer: COL-7A<br \/>\nStahlsorte: X50CrMoV15<br \/>\nKlingenl\u00e4nge: 7 cm \/ 2,76 Zoll<br \/>\nKlingenst\u00e4rke: 0,29 cm \/ 0,11 Zoll<br \/>\nGesamtl\u00e4nge: 15,5 cm \/ 6,1 Zoll<br \/>\nGewicht: 87 g<br \/>\nKantenart: Glatt<br \/>\nKlingentyp: Drop Point<br \/>\nSchnittart: Konkav<br \/>\nGriffmaterial: Hirschgeweih<br \/>\nScheide: Leder<br \/>\nHersteller: Muela, Spanien<\/p>\n<p>&nbsp;<\/p>\n<p>&nbsp;<\/p>\n","protected":false},"excerpt":{"rendered":"<p><strong>COL-7A \u2013 Jagdmesser COLIBRI mit klassischer Serie mit Full-Tang-Konstruktion, spanische Firma Muela. Handgefertigt, ideal f\u00fcr Sammler, Jagdbegeisterte und Menschen, die einen aktiven Lebensstil sch\u00e4tzen.<\/strong><\/p>\n","protected":false},"featured_media":348867,"comment_status":"open","ping_status":"closed","template":"","meta":[],"pwb-brand":[3914],"product_brand":[],"product_cat":[3285,3287],"product_tag":[3669],"class_list":{"0":"post-348902","1":"product","2":"type-product","3":"status-publish","4":"has-post-thumbnail","6":"pwb-brand-sie-musste","7":"product_cat-messer","8":"product_cat-solide-messer","9":"product_tag-b2b-de","11":"first","12":"outofstock","13":"taxable","14":"shipping-taxable","15":"purchasable","16":"product-type-simple"},"brands":[{"id":3914,"name":"Sie musste","slug":"sie-musste"}],"_links":{"self":[{"href":"https:\/\/www.moskito.cz\/de\/wp-json\/wp\/v2\/product\/348902","targetHints":{"allow":["GET"]}}],"collection":[{"href":"https:\/\/www.moskito.cz\/de\/wp-json\/wp\/v2\/product"}],"about":[{"href":"https:\/\/www.moskito.cz\/de\/wp-json\/wp\/v2\/types\/product"}],"replies":[{"embeddable":true,"href":"https:\/\/www.moskito.cz\/de\/wp-json\/wp\/v2\/comments?post=348902"}],"wp:featuredmedia":[{"embeddable":true,"href":"https:\/\/www.moskito.cz\/de\/wp-json\/wp\/v2\/media\/348867"}],"wp:attachment":[{"href":"https:\/\/www.moskito.cz\/de\/wp-json\/wp\/v2\/media?parent=348902"}],"wp:term":[{"taxonomy":"pwb-brand","embeddable":true,"href":"https:\/\/www.moskito.cz\/de\/wp-json\/wp\/v2\/pwb-brand?post=348902"},{"taxonomy":"product_brand","embeddable":true,"href":"https:\/\/www.moskito.cz\/de\/wp-json\/wp\/v2\/product_brand?post=348902"},{"taxonomy":"product_cat","embeddable":true,"href":"https:\/\/www.moskito.cz\/de\/wp-json\/wp\/v2\/product_cat?post=348902"},{"taxonomy":"product_tag","embeddable":true,"href":"https:\/\/www.moskito.cz\/de\/wp-json\/wp\/v2\/product_tag?post=348902"}],"curies":[{"name":"wp","href":"https:\/\/api.w.org\/{rel}","templated":true}]}}