{"id":348930,"date":"2024-07-03T13:26:41","date_gmt":"2024-07-03T12:28:05","guid":{"rendered":"https:\/\/www.moskito.cz\/produkt\/muela-klappmesser-mit-etui-k-9r-m\/"},"modified":"2024-07-03T13:28:05","modified_gmt":"2024-07-03T12:28:05","slug":"muela-klappmesser-mit-etui-k-9r-m","status":"publish","type":"product","link":"https:\/\/www.moskito.cz\/de\/produkt\/muela-klappmesser-mit-etui-k-9r-m\/","title":{"rendered":"Muela Klappmesser mit Etui K-9R.M"},"content":{"rendered":"<p><strong>Muela<\/strong> Klappmesser mit Etui K-9R.M<\/p>\n<p><strong>Muela<\/strong> ist ein spanisches Unternehmen, das erschwingliche und hochwertige Jagdmesser, Klappmesser, Luxusmesser und vieles mehr herstellt. Bei der Herstellung der Klingen verwendet die Firma Muela unterschiedliche Stahlsorten, z.B. 12C27 Sandvik, 14C28N, MOVA 60 Molybd\u00e4n-Vanadium-St\u00e4hle mit einer H\u00e4rte von 57\u201361 HRC, Inox 1-42-Stahl mit einer H\u00e4rte von 54\u201358 HRC. Mit 440 gekennzeichnete Klingen bestehen aus Mova-60E-Stahl. Muela Damastmesser sind das Ergebnis einer Kombination zweier St\u00e4hle, n\u00e4mlich RWL34 und MPC27, die eine H\u00e4rte von 57-62 HRC haben. Die Griffe der Muela-Messer sind mit hochwertigen Materialien verziert, darunter Geweih und verschiedene Holzarten: Olivenholz, afrikanisches Schwarzholz, K\u00f6nigsholz, Cocobolo, Amazonas-Palisander und Walnussholz.<\/p>\n<p>Taschenmesser mit 9 cm Klinge aus 440C-Stahl. Griff aus gepresstem Korallenholz mit Schloss. Ein leichtes und kompaktes Klappmesser, das Sie immer in der Tasche haben k\u00f6nnen. Materialien: Klinge: 440C-Stahl. Griff: Korallengepresstes Holz. Abmessungen: Klingenl\u00e4nge: 90 mm. Gewicht: 45 Gramm.<\/p>\n<p>&nbsp;<\/p>\n","protected":false},"excerpt":{"rendered":"<p><strong>Muela ist ein spanisches Unternehmen, das erschwingliche und hochwertige Jagdmesser, Klappmesser, Luxusmesser und vieles mehr herstellt.<\/strong><\/p>\n","protected":false},"featured_media":348907,"comment_status":"open","ping_status":"closed","template":"","meta":[],"pwb-brand":[3914],"product_brand":[],"product_cat":[3303,3285],"product_tag":[3669],"class_list":{"0":"post-348930","1":"product","2":"type-product","3":"status-publish","4":"has-post-thumbnail","6":"pwb-brand-sie-musste","7":"product_cat-schliesmesser","8":"product_cat-messer","9":"product_tag-b2b-de","11":"first","12":"outofstock","13":"taxable","14":"shipping-taxable","15":"purchasable","16":"product-type-simple"},"brands":[{"id":3914,"name":"Sie musste","slug":"sie-musste"}],"_links":{"self":[{"href":"https:\/\/www.moskito.cz\/de\/wp-json\/wp\/v2\/product\/348930","targetHints":{"allow":["GET"]}}],"collection":[{"href":"https:\/\/www.moskito.cz\/de\/wp-json\/wp\/v2\/product"}],"about":[{"href":"https:\/\/www.moskito.cz\/de\/wp-json\/wp\/v2\/types\/product"}],"replies":[{"embeddable":true,"href":"https:\/\/www.moskito.cz\/de\/wp-json\/wp\/v2\/comments?post=348930"}],"wp:featuredmedia":[{"embeddable":true,"href":"https:\/\/www.moskito.cz\/de\/wp-json\/wp\/v2\/media\/348907"}],"wp:attachment":[{"href":"https:\/\/www.moskito.cz\/de\/wp-json\/wp\/v2\/media?parent=348930"}],"wp:term":[{"taxonomy":"pwb-brand","embeddable":true,"href":"https:\/\/www.moskito.cz\/de\/wp-json\/wp\/v2\/pwb-brand?post=348930"},{"taxonomy":"product_brand","embeddable":true,"href":"https:\/\/www.moskito.cz\/de\/wp-json\/wp\/v2\/product_brand?post=348930"},{"taxonomy":"product_cat","embeddable":true,"href":"https:\/\/www.moskito.cz\/de\/wp-json\/wp\/v2\/product_cat?post=348930"},{"taxonomy":"product_tag","embeddable":true,"href":"https:\/\/www.moskito.cz\/de\/wp-json\/wp\/v2\/product_tag?post=348930"}],"curies":[{"name":"wp","href":"https:\/\/api.w.org\/{rel}","templated":true}]}}