{"id":349065,"date":"2024-07-04T10:14:13","date_gmt":"2024-07-04T09:16:17","guid":{"rendered":"https:\/\/www.moskito.cz\/produkt\/muela-klappmesser-mit-etui-k-7r\/"},"modified":"2025-05-07T11:19:38","modified_gmt":"2025-05-07T10:19:38","slug":"muela-klappmesser-mit-etui-k-7r","status":"publish","type":"product","link":"https:\/\/www.moskito.cz\/de\/produkt\/muela-klappmesser-mit-etui-k-7r\/","title":{"rendered":"Muela Klappmesser mit Etui K-7R"},"content":{"rendered":"<p><strong>Muela<\/strong> Klappmesser mit Etui K-7R.<\/p>\n<p>Wenn Sie auf der Suche nach einem EDC-Messer sind, ist das von Muela in Spanien hergestellte K-7R genau das Richtige f\u00fcr Sie. Die Griffe sind mit einer Klinge aus rostfreiem 420er-Stahl ausgestattet und liegen gut in der Hand, da sie ergonomisch sind und aus gepresstem Korallenholz gefertigt sind. Inklusive Nylonetui.<\/p>\n<p>Die Klinge dieses Messers besteht aus rostfreiem 420-Stahl, einem Material mit einem hohen Chrom- und Kohlenstoffgehalt, was bedeutet, dass die Korrosionsbest\u00e4ndigkeit hoch ist und die Klinge viel l\u00e4nger intakt bleibt.<\/p>\n<p>Dieser Stahl wird f\u00fcr Bestecke verwendet, die f\u00fcr Arbeiten bestimmt sind, die H\u00e4rte und Robustheit erfordern, und eignet sich daher perfekt f\u00fcr dieses Modell, das f\u00fcr alle Arten von Aktivit\u00e4ten auf See und in den Bergen aus harten Materialien entwickelt wurde.<\/p>\n<p>Die spezifische Zusammensetzung dieser Stahlsorte betr\u00e4gt 0,49 % Kohlenstoff, 13\u201314 % Chrom, 0,50 % Mangan und 0,50 % Silizium. Au\u00dferdem hat es eine H\u00e4rte von 52 HRC nach der Rockwell-Skala.<\/p>\n<p>Eines der Dinge, die wir an diesem Messer hervorheben k\u00f6nnen, ist das Back-Lock-Klingenverriegelungssystem, das ein versehentliches \u00d6ffnen oder Schlie\u00dfen w\u00e4hrend des Gebrauchs verhindert.<\/p>\n<p>Ein weiterer Vorteil dieses Verschlussmechanismus besteht darin, dass er sehr sicher und einfach zu bedienen ist, sodass die Nutzungszeit auf ein Minimum reduziert wird. Dar\u00fcber hinaus ist keine zus\u00e4tzliche Wartung erforderlich.<\/p>\n<p>Das f\u00fcr den Griff der Schleifscheibe K-7R verwendete Material ist gepresstes Holz. Diese Art von Material besteht aus verschiedenen Schichten dieses Naturmaterials, die mithilfe eines Hochdruck-Epoxidharzverfahrens zusammengesetzt werden.<\/p>\n<p>Holz zeichnet sich au\u00dferdem durch seine H\u00e4rte und Widerstandsf\u00e4higkeit gegen\u00fcber Korrosion, extremen Temperaturen, hoher relativer Luftfeuchtigkeit und St\u00f6\u00dfen aus.<\/p>\n<p>Die Firma Muela hat bei diesem Modell ein hochwertiges schwarzes Nylonetui verbaut. Der Benutzer kann das Messer somit einfacher und bequemer tragen. Dar\u00fcber hinaus wird es vor m\u00f6glichen St\u00f6\u00dfen und Kratzern gesch\u00fctzt.<\/p>\n<p>Gesamtl\u00e4nge: 16,2 cm<br \/>\nKlingenl\u00e4nge: 7 cm<br \/>\nKlingendicke:-<br \/>\nStahlsorte: 420<br \/>\nSchlosstyp: R\u00fcckseitiges Schloss<br \/>\n\u00d6ffnung: manuell<br \/>\nClip: Nein<br \/>\nStahlh\u00e4rte: 58 HRC<br \/>\nKlingenstil: Drop Point<br \/>\nLeerer Typ: Gerade<br \/>\nOberfl\u00e4chenbehandlung der Klinge: satiniert<br \/>\nKantentyp: Glatt<br \/>\nGriffl\u00e4nge: 9,2 cm<br \/>\nGriffmaterial: Korallengepresstes Holz<br \/>\nGrifffarbe: Braun<br \/>\nGewicht: 50g<br \/>\nHerkunftsland: Spanien<\/p>\n<p>&nbsp;<\/p>\n<p>&nbsp;<\/p>\n","protected":false},"excerpt":{"rendered":"<p><strong>Wenn Sie auf der Suche nach einem EDC-Messer sind, ist das von Muela in Spanien hergestellte K-7R genau das Richtige f\u00fcr Sie.<\/strong><\/p>\n","protected":false},"featured_media":349046,"comment_status":"open","ping_status":"closed","template":"","meta":[],"pwb-brand":[3914],"product_brand":[],"product_cat":[3285,3303],"product_tag":[3669],"class_list":{"0":"post-349065","1":"product","2":"type-product","3":"status-publish","4":"has-post-thumbnail","6":"pwb-brand-sie-musste","7":"product_cat-messer","8":"product_cat-schliesmesser","9":"product_tag-b2b-de","11":"first","12":"instock","13":"taxable","14":"shipping-taxable","15":"purchasable","16":"product-type-simple"},"brands":[{"id":3914,"name":"Sie musste","slug":"sie-musste"}],"_links":{"self":[{"href":"https:\/\/www.moskito.cz\/de\/wp-json\/wp\/v2\/product\/349065","targetHints":{"allow":["GET"]}}],"collection":[{"href":"https:\/\/www.moskito.cz\/de\/wp-json\/wp\/v2\/product"}],"about":[{"href":"https:\/\/www.moskito.cz\/de\/wp-json\/wp\/v2\/types\/product"}],"replies":[{"embeddable":true,"href":"https:\/\/www.moskito.cz\/de\/wp-json\/wp\/v2\/comments?post=349065"}],"wp:featuredmedia":[{"embeddable":true,"href":"https:\/\/www.moskito.cz\/de\/wp-json\/wp\/v2\/media\/349046"}],"wp:attachment":[{"href":"https:\/\/www.moskito.cz\/de\/wp-json\/wp\/v2\/media?parent=349065"}],"wp:term":[{"taxonomy":"pwb-brand","embeddable":true,"href":"https:\/\/www.moskito.cz\/de\/wp-json\/wp\/v2\/pwb-brand?post=349065"},{"taxonomy":"product_brand","embeddable":true,"href":"https:\/\/www.moskito.cz\/de\/wp-json\/wp\/v2\/product_brand?post=349065"},{"taxonomy":"product_cat","embeddable":true,"href":"https:\/\/www.moskito.cz\/de\/wp-json\/wp\/v2\/product_cat?post=349065"},{"taxonomy":"product_tag","embeddable":true,"href":"https:\/\/www.moskito.cz\/de\/wp-json\/wp\/v2\/product_tag?post=349065"}],"curies":[{"name":"wp","href":"https:\/\/api.w.org\/{rel}","templated":true}]}}