{"id":349109,"date":"2024-07-04T10:31:11","date_gmt":"2024-07-04T09:31:47","guid":{"rendered":"https:\/\/www.moskito.cz\/produkt\/muela-schliessmesser-mit-koffer-zx-8gr\/"},"modified":"2025-05-07T11:19:39","modified_gmt":"2025-05-07T10:19:39","slug":"muela-schliessmesser-mit-koffer-zx-8gr","status":"publish","type":"product","link":"https:\/\/www.moskito.cz\/de\/produkt\/muela-schliessmesser-mit-koffer-zx-8gr\/","title":{"rendered":"Muela Schlie\u00dfmesser mit Koffer ZX-8GR"},"content":{"rendered":"<p><strong>Muela<\/strong> Schlie\u00dfmesser mit Koffer ZX-8GR.<\/p>\n<p>Dieses Messer hat eine glatte Klinge aus X50CrMoV15-Stahl (57-58 HRC) mit Clip-Point-Morphologie und satiniertem Finish. Sein Griff besteht aus Stahleins\u00e4tzen.<\/p>\n<p>Grenadillholz aus Holz, auf einer Seite mit zwei polierten Aluminiumb\u00e4ndern verziert.<\/p>\n<p>Als Sicherheitssystem wird eine R\u00fcckverriegelung verwendet.<\/p>\n<p>Das Messer geh\u00f6rt zur ZX Muela-Serie und pr\u00e4sentiert ein modernes Design mit sehr eleganten Linien und sehr alltagstauglichen Abmessungen.<\/p>\n<p>Dieses Modell wird in mehreren Versionen verkauft, die sich hinsichtlich des Materials voneinander unterscheiden. Es besteht die M\u00f6glichkeit, zwischen blauem Micarta, gr\u00fcnem Micarta und Olivenholz zu w\u00e4hlen.<\/p>\n<p>Dies ist bei dem St\u00fcck der Fall, das hier mit einem wundersch\u00f6nen Finish aus Grenadillholz erscheint.<\/p>\n<p>Dieser Rasierer verf\u00fcgt \u00fcber die gewohnt hochwertigen Verarbeitungen und Veredelungen aus dem Hause Muela, die ihn ausmachen<\/p>\n<p>Es wird in einer einfachen Pappschachtel verkauft und enth\u00e4lt ein Nylonetui mit dem Markenlogo.<\/p>\n<p>Kurz gesagt, der ZX-8GR ist eine ausgezeichnete Wahl als Allround-EDC.<\/p>\n<p>Stahl: X50CrMoV15;<br \/>\nGriff: Grenadillholz;<br \/>\nKlingenl\u00e4nge: 80 mm;<br \/>\nGesamtl\u00e4nge: 187 mm;<br \/>\nGewicht: 91g.<\/p>\n","protected":false},"excerpt":{"rendered":"<p><strong>In Spanien hergestelltes Muela-Jagd- und Mehrzweckmesser mit MoVa-Stahlklinge und Griff aus Granadillo-Holz.<\/strong><\/p>\n","protected":false},"featured_media":349070,"comment_status":"open","ping_status":"closed","template":"","meta":[],"pwb-brand":[3914],"product_brand":[],"product_cat":[3303,3285],"product_tag":[3669],"class_list":{"0":"post-349109","1":"product","2":"type-product","3":"status-publish","4":"has-post-thumbnail","6":"pwb-brand-sie-musste","7":"product_cat-schliesmesser","8":"product_cat-messer","9":"product_tag-b2b-de","11":"first","12":"instock","13":"taxable","14":"shipping-taxable","15":"purchasable","16":"product-type-simple"},"brands":[{"id":3914,"name":"Sie musste","slug":"sie-musste"}],"_links":{"self":[{"href":"https:\/\/www.moskito.cz\/de\/wp-json\/wp\/v2\/product\/349109","targetHints":{"allow":["GET"]}}],"collection":[{"href":"https:\/\/www.moskito.cz\/de\/wp-json\/wp\/v2\/product"}],"about":[{"href":"https:\/\/www.moskito.cz\/de\/wp-json\/wp\/v2\/types\/product"}],"replies":[{"embeddable":true,"href":"https:\/\/www.moskito.cz\/de\/wp-json\/wp\/v2\/comments?post=349109"}],"wp:featuredmedia":[{"embeddable":true,"href":"https:\/\/www.moskito.cz\/de\/wp-json\/wp\/v2\/media\/349070"}],"wp:attachment":[{"href":"https:\/\/www.moskito.cz\/de\/wp-json\/wp\/v2\/media?parent=349109"}],"wp:term":[{"taxonomy":"pwb-brand","embeddable":true,"href":"https:\/\/www.moskito.cz\/de\/wp-json\/wp\/v2\/pwb-brand?post=349109"},{"taxonomy":"product_brand","embeddable":true,"href":"https:\/\/www.moskito.cz\/de\/wp-json\/wp\/v2\/product_brand?post=349109"},{"taxonomy":"product_cat","embeddable":true,"href":"https:\/\/www.moskito.cz\/de\/wp-json\/wp\/v2\/product_cat?post=349109"},{"taxonomy":"product_tag","embeddable":true,"href":"https:\/\/www.moskito.cz\/de\/wp-json\/wp\/v2\/product_tag?post=349109"}],"curies":[{"name":"wp","href":"https:\/\/api.w.org\/{rel}","templated":true}]}}