{"id":349198,"date":"2024-07-04T13:13:37","date_gmt":"2024-07-04T12:17:15","guid":{"rendered":"https:\/\/www.moskito.cz\/produkt\/schliessmesser-muela-panzer-10n\/"},"modified":"2025-05-07T11:19:41","modified_gmt":"2025-05-07T10:19:41","slug":"schliessmesser-muela-panzer-10n","status":"publish","type":"product","link":"https:\/\/www.moskito.cz\/de\/produkt\/schliessmesser-muela-panzer-10n\/","title":{"rendered":"Schlie\u00dfmesser Muela PANZER-10N"},"content":{"rendered":"<p>Schlie\u00dfmesser <strong>Muela<\/strong> PANZER-10N<\/p>\n<p><strong>PANZER-10N<\/strong> Black PTB\/Fiberglas, Black PTFE, ein voll ausgestattetes, vielseitiges EDC-Messer, das Sie immer bei sich tragen m\u00f6chten. Der durchdachte ergonomische Griff und die konturierte Daumenauflage bieten sicheren Halt bei allen Schneidarten. Der beidseitige Daumenpin und der schnelle Flipper-Flipper erm\u00f6glichen ein dynamisches \u00d6ffnen der Klinge auf zwei Arten.<\/p>\n<p>X60CrMoV15 (MoVa 60) \u2013 martensitischer Molybd\u00e4n-Vanadium-Edelstahl mit hohem Kohlenstoffgehalt und einem h\u00f6heren Kohlenstoffgehalt als Stahl 1.4116 (X50CrMoV15). Hohe Korrosions- und Verschlei\u00dfbest\u00e4ndigkeit. Es wird bei der Herstellung von Messern, Schneidbestecken und chirurgischen Instrumenten verwendet. Es zeichnet sich durch eine f\u00fcr Edelst\u00e4hle relativ hohe H\u00e4rte von 57-58 HRC aus. Die chemische Zusammensetzung des Stahls wird durch eine Dotierung von 15,0 % Chrom (Cr), 0,80 % Molybd\u00e4n (Mo) und 0,20 % Vanadium (V) angereichert.<\/p>\n<p>PTFE Schwarz \u2013 Polytetrafluorethylen wird h\u00e4ufig in der Beschichtungsindustrie verwendet und ist ein ultrafeines Produkt mit niedrigem Molekulargewicht, das in einem speziellen Verfahren verarbeitet wird. Es zeichnet sich durch hervorragende Chemikalien- und Witterungsbest\u00e4ndigkeit sowie Temperaturbest\u00e4ndigkeit, thermische Stabilit\u00e4t, Nichtklebrigkeit, elektrische Isolierung, Feuerbest\u00e4ndigkeit und Selbstschmierung aus. Dank der Verwendung von Polytetrafluorethylen als Beschichtungsmaterial der Klinge wird die Reibung w\u00e4hrend des Gebrauchs reduziert, wodurch der Kraftaufwand bei allen Arten von Arbeiten verringert wird. PTFE-beschichtete Klingen lieferten im Vergleich zu chrombeschichteten Klingen eine um 22 % geringere Durchschnittskraft und eine um 26 % geringere Spitzenkraft.<\/p>\n<p>Klinge \u2013 Drop-Point-Typ, Dicke 3,6 mm, beschichtet mit Kratzmaskierung und antireflektierender PTFE-Schicht. Die Klinge wurde mit einem konkaven Schliff (Hollow Grind) gefertigt, eine glatte Klinge (Plain) sorgt f\u00fcr gute Schneideigenschaften. Die Klinge ist mit einer kratzfesten mattschwarzen Antireflex-PTFE-Beschichtung versehen. Der doppelseitige Noppen an der Thumb Stud- und Flipper-Seite erm\u00f6glicht ein schnelles \u00d6ffnen des Messers. Blockierender Liner-Lock.<\/p>\n<p>Griff &#8211; schwarz, ergonomisch, unter den Fingern profiliert. Beschichtet mit strukturierten Pads aus glasfaserverst\u00e4rktem PTB-Polymer sorgt es f\u00fcr einen sicheren Halt auch bei nassen H\u00e4nden. Der Spine Jimping-Griff erh\u00f6ht den Komfort und die Griffigkeit. Das Messer ist mit einem stabilen Torx-Clip aus Metall ausgestattet, der auf einer Torx-Schraube montiert ist und es erm\u00f6glicht, das Messer in einer Position mit der Spitze nach unten (Spitze nach unten) zu tragen. Im hinteren Teil der Kurbel wurde eine Aussparung angebracht, um die Installation eines Sicherheitskabels zu erm\u00f6glichen.<\/p>\n<p>Technische Spezifikationen:<br \/>\nProduktnummer: PANZER-10N<\/p>\n<p>Gesamtl\u00e4nge: 22,60 cm \/ 8,9&#8243;<br \/>\nKlingenl\u00e4nge: 10 cm \/ 3,94 Zoll<br \/>\nKlingenst\u00e4rke: 0,36 cm \/ 0,14 Zoll<br \/>\nGewicht: 174,0 g \/ 6,14 Unzen<\/p>\n<p>Klingenmaterial: X60CrMoV15<br \/>\nKlingenh\u00e4rte: 57-58 HRc<br \/>\nKlingenschliff: Hohl<br \/>\nKlingenoberfl\u00e4chenbehandlung: PTFE<\/p>\n<p>Griffmaterial: PTB-Polymer mit Glasfasern verst\u00e4rkt (PTB + Glasfaser)<br \/>\nGrifffarbe: Schwarz<\/p>\n<p>Clip: rechts, Spitze nach unten<br \/>\nClipmaterial: Edelstahl<\/p>\n<p>Verriegelungsmechanismus: Liner Lock<br \/>\n\u00d6ffnungsmethode: Manuell, Flipper, Daumenloch<br \/>\nSonstiges Zubeh\u00f6r: Keines<\/p>\n<p>Designer: Muela<br \/>\nMarkenname: Muela<br \/>\nHersteller: Manufacturas Muela, SA<br \/>\nHerkunftsland: Spanien<\/p>\n<p>&nbsp;<\/p>\n","protected":false},"excerpt":{"rendered":"<p><strong>PANZER-10N Black PTB\/Fiberglas, Black PTFE, ein voll ausgestattetes, vielseitiges EDC-Messer, das Sie immer bei sich tragen m\u00f6chten.<\/strong><\/p>\n","protected":false},"featured_media":349169,"comment_status":"open","ping_status":"closed","template":"","meta":[],"pwb-brand":[3914],"product_brand":[],"product_cat":[3285,3303],"product_tag":[3669],"class_list":{"0":"post-349198","1":"product","2":"type-product","3":"status-publish","4":"has-post-thumbnail","6":"pwb-brand-sie-musste","7":"product_cat-messer","8":"product_cat-schliesmesser","9":"product_tag-b2b-de","11":"first","12":"instock","13":"taxable","14":"shipping-taxable","15":"purchasable","16":"product-type-simple"},"brands":[{"id":3914,"name":"Sie musste","slug":"sie-musste"}],"_links":{"self":[{"href":"https:\/\/www.moskito.cz\/de\/wp-json\/wp\/v2\/product\/349198","targetHints":{"allow":["GET"]}}],"collection":[{"href":"https:\/\/www.moskito.cz\/de\/wp-json\/wp\/v2\/product"}],"about":[{"href":"https:\/\/www.moskito.cz\/de\/wp-json\/wp\/v2\/types\/product"}],"replies":[{"embeddable":true,"href":"https:\/\/www.moskito.cz\/de\/wp-json\/wp\/v2\/comments?post=349198"}],"wp:featuredmedia":[{"embeddable":true,"href":"https:\/\/www.moskito.cz\/de\/wp-json\/wp\/v2\/media\/349169"}],"wp:attachment":[{"href":"https:\/\/www.moskito.cz\/de\/wp-json\/wp\/v2\/media?parent=349198"}],"wp:term":[{"taxonomy":"pwb-brand","embeddable":true,"href":"https:\/\/www.moskito.cz\/de\/wp-json\/wp\/v2\/pwb-brand?post=349198"},{"taxonomy":"product_brand","embeddable":true,"href":"https:\/\/www.moskito.cz\/de\/wp-json\/wp\/v2\/product_brand?post=349198"},{"taxonomy":"product_cat","embeddable":true,"href":"https:\/\/www.moskito.cz\/de\/wp-json\/wp\/v2\/product_cat?post=349198"},{"taxonomy":"product_tag","embeddable":true,"href":"https:\/\/www.moskito.cz\/de\/wp-json\/wp\/v2\/product_tag?post=349198"}],"curies":[{"name":"wp","href":"https:\/\/api.w.org\/{rel}","templated":true}]}}