{"id":349335,"date":"2024-07-04T14:53:16","date_gmt":"2024-07-04T13:54:33","guid":{"rendered":"https:\/\/www.moskito.cz\/produkt\/muela-schliessmesser-mit-koffer-zx-8co\/"},"modified":"2025-05-07T11:19:46","modified_gmt":"2025-05-07T10:19:46","slug":"muela-schliessmesser-mit-koffer-zx-8co","status":"publish","type":"product","link":"https:\/\/www.moskito.cz\/de\/produkt\/muela-schliessmesser-mit-koffer-zx-8co\/","title":{"rendered":"Muela Schlie\u00dfmesser mit Koffer ZX-8CO"},"content":{"rendered":"<p><strong>Muela<\/strong> Schlie\u00dfmesser mit Etui ZX-8CO<\/p>\n<p>Hergestellt von der spanischen Firma <strong>Muela<\/strong> . Taschenmesser mit einer Klinge aus 440C-Stahl, einem Material, das f\u00fcr seine hohe Korrosionsbest\u00e4ndigkeit, seine Haltbarkeit und seine F\u00e4higkeit, lange scharf zu bleiben, bekannt ist. Dank der 8,50 cm langen Klinge eignet es sich f\u00fcr verschiedene Jagd- und Survival-Aufgaben. Der Griff besteht aus Cocobolo-Holz, einem exotischen Holz aus Mittelamerika, das f\u00fcr seine H\u00e4rte, Haltbarkeit und sein attraktives Aussehen mit nat\u00fcrlichen braunen und roten Adern gesch\u00e4tzt wird und zudem einen angenehmen Griff bietet. Es verf\u00fcgt \u00fcber ein Verriegelungsschloss, das es sicherer macht. Der ZX-8CO-Schleifer ist vielseitig und kann f\u00fcr eine Vielzahl von Jagdaufgaben wie H\u00e4uten, Fleischschneiden und Essenszubereitung verwendet werden. Um das Messer in optimalem Zustand zu halten, empfiehlt es sich, es nach jedem Gebrauch zu reinigen und zu trocknen. Obwohl 440C-Stahl korrosionsbest\u00e4ndig ist, empfiehlt es sich, f\u00fcr zus\u00e4tzlichen Schutz eine d\u00fcnne Schicht \u00d6l auf die Klinge aufzutragen. Materialien: &#8211; Klinge: 440C-Stahl &#8211; Griff: Cocobolo-Holz Abmessungen: &#8211; Klingenl\u00e4nge: 8,50 cm. &#8211; Gewicht: 90 g.<\/p>\n<p>Marke Muela<br \/>\nGebrauchter Stahl 440C<br \/>\nGriffmaterial Cocoboloholz<br \/>\nKlingenl\u00e4nge: 8,5 cm<br \/>\nGewicht: 90 gr<br \/>\nKlingenh\u00e4rte 60 HRC<\/p>\n<p>&nbsp;<\/p>\n","protected":false},"excerpt":{"rendered":"<p><strong>Produziert von der spanischen Firma Muela. Taschenmesser mit einer Klinge aus 440C-Stahl, einem Material, das f\u00fcr seine hohe Korrosionsbest\u00e4ndigkeit, seine Haltbarkeit und seine F\u00e4higkeit, lange scharf zu bleiben, bekannt ist. Dank der 8,50 cm langen Klinge eignet es sich f\u00fcr verschiedene Jagd- und Survival-Aufgaben.<\/strong><\/p>\n","protected":false},"featured_media":349324,"comment_status":"open","ping_status":"closed","template":"","meta":[],"pwb-brand":[3914],"product_brand":[],"product_cat":[3285,3303],"product_tag":[3669],"class_list":{"0":"post-349335","1":"product","2":"type-product","3":"status-publish","4":"has-post-thumbnail","6":"pwb-brand-sie-musste","7":"product_cat-messer","8":"product_cat-schliesmesser","9":"product_tag-b2b-de","11":"first","12":"instock","13":"taxable","14":"shipping-taxable","15":"purchasable","16":"product-type-simple"},"brands":[{"id":3914,"name":"Sie musste","slug":"sie-musste"}],"_links":{"self":[{"href":"https:\/\/www.moskito.cz\/de\/wp-json\/wp\/v2\/product\/349335","targetHints":{"allow":["GET"]}}],"collection":[{"href":"https:\/\/www.moskito.cz\/de\/wp-json\/wp\/v2\/product"}],"about":[{"href":"https:\/\/www.moskito.cz\/de\/wp-json\/wp\/v2\/types\/product"}],"replies":[{"embeddable":true,"href":"https:\/\/www.moskito.cz\/de\/wp-json\/wp\/v2\/comments?post=349335"}],"wp:featuredmedia":[{"embeddable":true,"href":"https:\/\/www.moskito.cz\/de\/wp-json\/wp\/v2\/media\/349324"}],"wp:attachment":[{"href":"https:\/\/www.moskito.cz\/de\/wp-json\/wp\/v2\/media?parent=349335"}],"wp:term":[{"taxonomy":"pwb-brand","embeddable":true,"href":"https:\/\/www.moskito.cz\/de\/wp-json\/wp\/v2\/pwb-brand?post=349335"},{"taxonomy":"product_brand","embeddable":true,"href":"https:\/\/www.moskito.cz\/de\/wp-json\/wp\/v2\/product_brand?post=349335"},{"taxonomy":"product_cat","embeddable":true,"href":"https:\/\/www.moskito.cz\/de\/wp-json\/wp\/v2\/product_cat?post=349335"},{"taxonomy":"product_tag","embeddable":true,"href":"https:\/\/www.moskito.cz\/de\/wp-json\/wp\/v2\/product_tag?post=349335"}],"curies":[{"name":"wp","href":"https:\/\/api.w.org\/{rel}","templated":true}]}}