{"id":349359,"date":"2024-07-04T15:03:36","date_gmt":"2024-07-04T18:55:57","guid":{"rendered":"https:\/\/www.moskito.cz\/produkt\/muela-schliessmesser-mit-etui-bx-8gr\/"},"modified":"2025-05-07T11:19:48","modified_gmt":"2025-05-07T10:19:48","slug":"muela-schliessmesser-mit-etui-bx-8gr","status":"publish","type":"product","link":"https:\/\/www.moskito.cz\/de\/produkt\/muela-schliessmesser-mit-etui-bx-8gr\/","title":{"rendered":"Muela Schlie\u00dfmesser mit Etui BX-8GR"},"content":{"rendered":"<p><strong>Muela<\/strong> Schlie\u00dfmesser mit Etui BX-8GR<\/p>\n<p><strong>Muela<\/strong> ist eine Messer- und Klappmesserfabrik in Ciudad Real (Spanien) und besteht aus zwei Unternehmen: Manufacturas Muela, SA und Comercial Muela, SA. Comercial Muela wurde 1985 gegr\u00fcndet, sein Hauptgesch\u00e4ft sind Sportmesser. Derzeit ist es das erste Unternehmen f\u00fcr Sportmesser in unserem Land und eine wichtige internationale Referenz auf diesem Gebiet. Seine Messer und Klappmesser werden aufgrund ihrer hohen Qualit\u00e4t und Sch\u00f6nheit hoch gesch\u00e4tzt.<\/p>\n<p>Muela-Taschenmesser mit 440C-Stahlklinge 8,5 cm. Koralle gepresster Holzgriff und TiNi-Buchse mit Arretierung. Ein leichtes und kompaktes Messer, das Sie immer in der Tasche tragen k\u00f6nnen. Materialien: Klinge: Stahl 440C Griff: Gepresstes Korallenholz Besatz: TiNi Abmessungen: Klingenl\u00e4nge: 85 mm. Griffl\u00e4nge: 100 mm. Gesamtl\u00e4nge: 185 mm. Gewicht: 120 Gramm.<\/p>\n<p>&nbsp;<\/p>\n","protected":false},"excerpt":{"rendered":"<p><strong>Muela ist eine Messer- und Klappmesserfabrik in Ciudad Real (Spanien) und besteht aus zwei Unternehmen: Manufacturas Muela, SA und Comercial Muela, SA. Comercial Muela wurde 1985 gegr\u00fcndet, sein Hauptgesch\u00e4ft sind Sportmesser.<\/strong><\/p>\n","protected":false},"featured_media":349340,"comment_status":"open","ping_status":"closed","template":"","meta":[],"pwb-brand":[3914],"product_brand":[],"product_cat":[3285,3303],"product_tag":[3669],"class_list":{"0":"post-349359","1":"product","2":"type-product","3":"status-publish","4":"has-post-thumbnail","6":"pwb-brand-sie-musste","7":"product_cat-messer","8":"product_cat-schliesmesser","9":"product_tag-b2b-de","11":"first","12":"instock","13":"taxable","14":"shipping-taxable","15":"purchasable","16":"product-type-simple"},"brands":[{"id":3914,"name":"Sie musste","slug":"sie-musste"}],"_links":{"self":[{"href":"https:\/\/www.moskito.cz\/de\/wp-json\/wp\/v2\/product\/349359","targetHints":{"allow":["GET"]}}],"collection":[{"href":"https:\/\/www.moskito.cz\/de\/wp-json\/wp\/v2\/product"}],"about":[{"href":"https:\/\/www.moskito.cz\/de\/wp-json\/wp\/v2\/types\/product"}],"replies":[{"embeddable":true,"href":"https:\/\/www.moskito.cz\/de\/wp-json\/wp\/v2\/comments?post=349359"}],"wp:featuredmedia":[{"embeddable":true,"href":"https:\/\/www.moskito.cz\/de\/wp-json\/wp\/v2\/media\/349340"}],"wp:attachment":[{"href":"https:\/\/www.moskito.cz\/de\/wp-json\/wp\/v2\/media?parent=349359"}],"wp:term":[{"taxonomy":"pwb-brand","embeddable":true,"href":"https:\/\/www.moskito.cz\/de\/wp-json\/wp\/v2\/pwb-brand?post=349359"},{"taxonomy":"product_brand","embeddable":true,"href":"https:\/\/www.moskito.cz\/de\/wp-json\/wp\/v2\/product_brand?post=349359"},{"taxonomy":"product_cat","embeddable":true,"href":"https:\/\/www.moskito.cz\/de\/wp-json\/wp\/v2\/product_cat?post=349359"},{"taxonomy":"product_tag","embeddable":true,"href":"https:\/\/www.moskito.cz\/de\/wp-json\/wp\/v2\/product_tag?post=349359"}],"curies":[{"name":"wp","href":"https:\/\/api.w.org\/{rel}","templated":true}]}}