{"id":349474,"date":"2024-07-04T20:31:32","date_gmt":"2024-07-04T19:32:36","guid":{"rendered":"https:\/\/www.moskito.cz\/produkt\/verschlussmesser-microtech-socom-elite-apocalyptic-161-10ap\/"},"modified":"2025-05-07T11:19:50","modified_gmt":"2025-05-07T10:19:50","slug":"verschlussmesser-microtech-socom-elite-apocalyptic-161-10ap","status":"publish","type":"product","link":"https:\/\/www.moskito.cz\/de\/produkt\/verschlussmesser-microtech-socom-elite-apocalyptic-161-10ap\/","title":{"rendered":"Verschlussmesser Microtech Socom Elite Apocalyptic 161-10AP"},"content":{"rendered":"<p>Verschlussmesser <strong>Microtech<\/strong> Socom Elite Apocalyptic 161-10AP.<\/p>\n<p><strong>Socom Elite<\/strong> setzt den h\u00f6chsten Standard f\u00fcr taktisches\/Gebrauchsbesteck. Seit der Gr\u00fcndung des urspr\u00fcnglichen <strong>Socom<\/strong> im Jahr 1996 ist das Unternehmen der Pionier der gesamten <strong>Microtech-<\/strong> Klappmesserpalette. Im Laufe der Jahre wurden zahlreiche Verbesserungen vorgenommen, um Socom besser an unterschiedliche Umgebungen anzupassen. Sowohl manuelle als auch automatische Socoms haben eine einzigartige Griffform, die sich Ihrer Hand anpasst. Sie wissen, dass Sie das beste Werkzeug auf dem Markt kaufen, egal f\u00fcr welche Klinge Sie sich entscheiden: Clip-Tip oder Tanto. Ein integrierter Glasbrecher an der Unterseite des Griffs und ein gro\u00dfer Noppen, der ein einfaches \u00d6ffnen mit einem Handschuh erm\u00f6glicht, verleihen ihm eine beeindruckende Optik. Die robuste Zuverl\u00e4ssigkeit von Socom macht es zur ersten Wahl f\u00fcr Spezialeinsatzkr\u00e4fte.<\/p>\n<p>Spezifikationen:<br \/>\nGesamtl\u00e4nge: 22,5 cm<br \/>\nKlingenl\u00e4nge: 10 cm<br \/>\nSchnittkante: 9,37 cm<br \/>\nKlingenbreite: 2,8 cm<br \/>\nKlingenst\u00e4rke: 0,47 cm<br \/>\nStahl: M390<br \/>\nKlingenstil: Tanto<br \/>\nKlingenschliff: Flach<br \/>\nKlingenfinish: Apokalyptisch<br \/>\nGriffmaterial: Aluminium mit strukturierten Eins\u00e4tzen<br \/>\nEinsatzmaterial: Edelstahl<br \/>\nVerriegelungsmechanismus: Einstecken<br \/>\nTaschenclip: Edelstahl (klappbar, rechtsh\u00e4ndig zu tragen)<br \/>\nGewicht: 5,6 Unzen.<br \/>\nDesigner: Tony Marfione<br \/>\nHergestellt in den USA<\/p>\n<p><iframe title=\"Microtech Combat Troodon Torture Test\" width=\"800\" height=\"450\" src=\"https:\/\/www.youtube.com\/embed\/xE9TeOFYEjg?feature=oembed\" frameborder=\"0\" allow=\"accelerometer; autoplay; clipboard-write; encrypted-media; gyroscope; picture-in-picture; web-share\" referrerpolicy=\"strict-origin-when-cross-origin\" allowfullscreen><\/iframe><\/p>\n<p>&nbsp;<\/p>\n","protected":false},"excerpt":{"rendered":"<p><strong>Im Laufe der Jahre hat Microtech\u00ae Knives Messer mit Leidenschaft und K\u00f6nnen gef\u00fcllt, um nahezu Kunstwerke zu schaffen, die den Gipfel der Funktionalit\u00e4t darstellen. Alle Teile werden in den USA hergestellt.<\/strong><br \/>\n<strong>F\u00fcr alle Microtech-Messer gilt eine lebenslange Garantie.<\/strong><\/p>\n<p><strong>Kostenloser Transport.<\/strong><\/p>\n","protected":false},"featured_media":349421,"comment_status":"open","ping_status":"closed","template":"","meta":[],"pwb-brand":[3278],"product_brand":[],"product_cat":[3285,3303],"product_tag":[3669],"class_list":{"0":"post-349474","1":"product","2":"type-product","3":"status-publish","4":"has-post-thumbnail","6":"pwb-brand-microtech-de","7":"product_cat-messer","8":"product_cat-schliesmesser","9":"product_tag-b2b-de","11":"first","12":"outofstock","13":"taxable","14":"shipping-taxable","15":"purchasable","16":"product-type-simple"},"brands":[{"id":3278,"name":"Microtech","slug":"microtech-de"}],"_links":{"self":[{"href":"https:\/\/www.moskito.cz\/de\/wp-json\/wp\/v2\/product\/349474","targetHints":{"allow":["GET"]}}],"collection":[{"href":"https:\/\/www.moskito.cz\/de\/wp-json\/wp\/v2\/product"}],"about":[{"href":"https:\/\/www.moskito.cz\/de\/wp-json\/wp\/v2\/types\/product"}],"replies":[{"embeddable":true,"href":"https:\/\/www.moskito.cz\/de\/wp-json\/wp\/v2\/comments?post=349474"}],"wp:featuredmedia":[{"embeddable":true,"href":"https:\/\/www.moskito.cz\/de\/wp-json\/wp\/v2\/media\/349421"}],"wp:attachment":[{"href":"https:\/\/www.moskito.cz\/de\/wp-json\/wp\/v2\/media?parent=349474"}],"wp:term":[{"taxonomy":"pwb-brand","embeddable":true,"href":"https:\/\/www.moskito.cz\/de\/wp-json\/wp\/v2\/pwb-brand?post=349474"},{"taxonomy":"product_brand","embeddable":true,"href":"https:\/\/www.moskito.cz\/de\/wp-json\/wp\/v2\/product_brand?post=349474"},{"taxonomy":"product_cat","embeddable":true,"href":"https:\/\/www.moskito.cz\/de\/wp-json\/wp\/v2\/product_cat?post=349474"},{"taxonomy":"product_tag","embeddable":true,"href":"https:\/\/www.moskito.cz\/de\/wp-json\/wp\/v2\/product_tag?post=349474"}],"curies":[{"name":"wp","href":"https:\/\/api.w.org\/{rel}","templated":true}]}}