{"id":349631,"date":"2021-08-21T12:28:42","date_gmt":"2021-08-21T11:28:42","guid":{"rendered":"https:\/\/www.moskito.cz\/produkt\/schiessmesser-microtech-ultratech-stonewash-blade-123-12ap\/"},"modified":"2025-05-07T11:19:56","modified_gmt":"2025-05-07T10:19:56","slug":"schiessmesser-microtech-ultratech-stonewash-blade-123-12ap","status":"publish","type":"product","link":"https:\/\/www.moskito.cz\/de\/produkt\/schiessmesser-microtech-ultratech-stonewash-blade-123-12ap\/","title":{"rendered":"Schie\u00dfmesser Microtech Ultratech STONEWASH BLADE 123-12AP"},"content":{"rendered":"<p>Schie\u00dfmesser <strong>Microtech<\/strong> Ultratech STONEWASH BLADE 123-12AP.<\/p>\n<p>Ein Schie\u00dfmesser von vorne.<\/p>\n<p>Das Microtech Ultratech Schie\u00dfmesser ist mit einer Klinge mit gezahnter Schneide ausgestattet. Es verf\u00fcgt \u00fcber einen geformten Aluminiumgriff aus eloxiertem 6061-T6-Aluminium und einer Edelstahlverst\u00e4rkung.<\/p>\n<p>Microtech hat diese Version des allseits beliebten Ultratech D\/A OTF-Messers mit einem glatt konturierten Griffdesign ausgestattet, das den Bedienkomfort erh\u00f6ht. Dieses aktualisierte Modell bietet die gleichen Abmessungen, passt aber leichter in Ihre Hand und Tasche.<\/p>\n<p>F\u00fcr diejenigen, die mit Ultratech nicht vertraut sind: Es handelt sich um ein vollautomatisches Messer mit einem Doppelmechanismus an der Vorderseite, das hei\u00dft, die Klinge l\u00e4sst sich mit dem Daumen ein- und ausklappen. Das Ultratech-Messer von Microtech setzt neue Ma\u00dfst\u00e4be f\u00fcr alle OTF-Messer.<\/p>\n<p>Gesamtl\u00e4nge: 22 cm<br \/>\nKlingenl\u00e4nge: 8,6 cm<br \/>\nKlingenst\u00e4rke: 0,33 cm<br \/>\nKlingenmaterial: 204P<br \/>\nKlingenstil: Drop Point<br \/>\nEins\u00e4tze: Flach<br \/>\nGriffmaterial: Aluminium<br \/>\nGewicht: 3,60 Unzen.<br \/>\nBenutzer: Rechte Hand<br \/>\nTaschenclip: Tip-Down<br \/>\nMessertyp: Double-Action OTF Automatic<br \/>\n\u00d6ffner: Daumenschieber<br \/>\nMarke: Microtech<br \/>\nModell: Ultratech<br \/>\nHerkunftsland: USA<br \/>\nBeste Verwendung: T\u00e4glich<\/p>\n<p>Das Ultratech ist seit seiner Einf\u00fchrung im Jahr 1999 zweifellos das Flaggschiff von Microtech unter den Automessern. K\u00fcrzlich wurde es einer \u00e4sthetischen Neugestaltung unterzogen und die Bewertungen waren durchweg positiv. W\u00e4hrend die Abmessungen des Ultratech unver\u00e4ndert bleiben, wurde der Griff einer \u201eTri-Grip\u201c-\u00dcberarbeitung unterzogen, die exponentiell mehr Griffsicherheit bietet. Zu den weiteren Verbesserungen geh\u00f6ren dreieckige Hardware, ein neu gestalteter Daumenschieber und der Glasbrecher, der jetzt ein eingepresstes Kugellager f\u00fcr ein komfortableres, aber immer noch funktionelles Benutzererlebnis enth\u00e4lt. Jedes Microtech OTF-Messer verf\u00fcgt \u00fcber \u00e4u\u00dferst ausgefeilte interne Mechanismen, die die allgemeine Betriebsfunktionalit\u00e4t und Zuverl\u00e4ssigkeit verbessern. Dieses Modell, das 123-12AP, verf\u00fcgt \u00fcber einen schwarzen Griff mit Standard-Hardware und integrierter Glasbrecherfunktion sowie eine vollst\u00e4ndig gezahnte Tanto-Klinge mit apokalyptischem Stonewash-Finish. Hergestellt in den USA.<\/p>\n<p>Hinweis: \u00c4nderungen des Klingenmaterials ohne Vorank\u00fcndigung vorbehalten<\/p>\n<p>Spezifikationen:<\/p>\n<p>Klingenl\u00e4nge: 3,375 Zoll<br \/>\nGesamtl\u00e4nge: 8,375 Zoll<br \/>\nKlingenmaterial: Elmax<br \/>\nKlingenfinish: Apocalyptic Stonewash<br \/>\nGriffl\u00e4nge: 5&#8243;<br \/>\nGriffmaterial: 6061-T6 Aluminium<br \/>\nGewicht: 3,2 Unzen.<\/p>\n<p>&nbsp;<\/p>\n","protected":false},"excerpt":{"rendered":"<p>Im Laufe der Jahre hat <strong>Microtech\u00ae Knives<\/strong> Messer mit Leidenschaft und K\u00f6nnen gef\u00fcllt, um nahezu Kunstwerke zu schaffen, die den Gipfel der Funktionalit\u00e4t darstellen. Alle Teile werden in den USA hergestellt.<br \/>\n<strong>F\u00fcr alle Microtech-Messer gilt eine lebenslange Garantie.<\/strong><\/p>\n<p><strong>Kostenloser Transport.<\/strong><\/p>\n","protected":false},"featured_media":439764,"comment_status":"open","ping_status":"closed","template":"","meta":[],"pwb-brand":[3278],"product_brand":[],"product_cat":[3343,3285],"product_tag":[3669],"class_list":{"0":"post-349631","1":"product","2":"type-product","3":"status-publish","4":"has-post-thumbnail","6":"pwb-brand-microtech-de","7":"product_cat-schiesmesser","8":"product_cat-messer","9":"product_tag-b2b-de","11":"first","12":"instock","13":"taxable","14":"shipping-taxable","15":"purchasable","16":"product-type-simple"},"brands":[{"id":3278,"name":"Microtech","slug":"microtech-de"}],"_links":{"self":[{"href":"https:\/\/www.moskito.cz\/de\/wp-json\/wp\/v2\/product\/349631","targetHints":{"allow":["GET"]}}],"collection":[{"href":"https:\/\/www.moskito.cz\/de\/wp-json\/wp\/v2\/product"}],"about":[{"href":"https:\/\/www.moskito.cz\/de\/wp-json\/wp\/v2\/types\/product"}],"replies":[{"embeddable":true,"href":"https:\/\/www.moskito.cz\/de\/wp-json\/wp\/v2\/comments?post=349631"}],"wp:featuredmedia":[{"embeddable":true,"href":"https:\/\/www.moskito.cz\/de\/wp-json\/wp\/v2\/media\/439764"}],"wp:attachment":[{"href":"https:\/\/www.moskito.cz\/de\/wp-json\/wp\/v2\/media?parent=349631"}],"wp:term":[{"taxonomy":"pwb-brand","embeddable":true,"href":"https:\/\/www.moskito.cz\/de\/wp-json\/wp\/v2\/pwb-brand?post=349631"},{"taxonomy":"product_brand","embeddable":true,"href":"https:\/\/www.moskito.cz\/de\/wp-json\/wp\/v2\/product_brand?post=349631"},{"taxonomy":"product_cat","embeddable":true,"href":"https:\/\/www.moskito.cz\/de\/wp-json\/wp\/v2\/product_cat?post=349631"},{"taxonomy":"product_tag","embeddable":true,"href":"https:\/\/www.moskito.cz\/de\/wp-json\/wp\/v2\/product_tag?post=349631"}],"curies":[{"name":"wp","href":"https:\/\/api.w.org\/{rel}","templated":true}]}}