{"id":349633,"date":"2021-03-24T21:23:24","date_gmt":"2024-07-04T19:39:18","guid":{"rendered":"https:\/\/www.moskito.cz\/produkt\/schiessmesser-microtech-ultratech-bounty-hunter-apocalyptic-123-10bh\/"},"modified":"2025-07-11T07:53:58","modified_gmt":"2025-07-11T06:53:58","slug":"schiessmesser-microtech-ultratech-bounty-hunter-apocalyptic-123-10bh","status":"publish","type":"product","link":"https:\/\/www.moskito.cz\/de\/produkt\/schiessmesser-microtech-ultratech-bounty-hunter-apocalyptic-123-10bh\/","title":{"rendered":"Schie\u00dfmesser Microtech Ultratech Bounty Hunter Apocalyptic 123-10BH"},"content":{"rendered":"<p>Schie\u00dfmesser <strong>Microtech<\/strong> Ultratech Bounty Hunter Apocalyptic 123-10BH<\/p>\n<p>Der Ultratech von <strong>Microtech<\/strong> ist eines ihrer beliebtesten Modelle und bietet definitiv das beste Preis-Leistungs-Verh\u00e4ltnis. Es wird f\u00fcr immer den Standard f\u00fcr alle Schie\u00dfmesser setzen. <strong>Das Ultratech<\/strong> ist das urspr\u00fcngliche Double-Action-Frontmesser von Microtech und bildete die Basis der gesamten OTF-Linie. Im Laufe der Jahre wurde es mehrfach modifiziert und ist jedes Mal effizienter und zuverl\u00e4ssiger geworden. Die Ultratech-Feder bleibt immer in der \u201eRuhe\u201c-Position, au\u00dfer im gedehnten Zustand. Dadurch wird sichergestellt, dass die zusammengedr\u00fcckte Feder nicht erm\u00fcdet und der Benutzer sicherstellt, dass das Messer beim Abfeuern effektiv funktioniert. Leichtes Ultratech-Messer mit einh\u00e4ndigem \u00d6ffnen und Schlie\u00dfen, schlanker Form und scharfer Skalpellklinge machen es zu einem einzigartigen Messer!<\/p>\n<p>Dieses <strong>Star Wars Bounty Hunter<\/strong> -Modell in limitierter Auflage verf\u00fcgt \u00fcber einen kampferprobten Griff aus abgenutztem und gr\u00fcn eloxiertem 6061-T6-Aluminium im Bounty Hunter-Stil. Zweifarbige Klinge aus rostfreiem M390-Stahl mit apokalyptischem\/satiniertem Finish und Standardschneide. Im Kampf abgenutzte rote Beschl\u00e4ge und zerbrechender Glasdorn. Der Taschenclip ist apokalyptisch verarbeitet und mit der Seriennummer, dem Herstellungsdatum, BH f\u00fcr Bounty Hunter, dem gelben Mandalorian Skull Star Wars-Logo und dem <strong>Microtech-<\/strong> Logo gekennzeichnet. <strong>Diese sind immer schnell ausverkauft, verpassen Sie nicht Ihre Chance!<\/strong><\/p>\n<p>Gesamtl\u00e4nge: 22 cm<br \/>\nKlingenl\u00e4nge: 8,6 cm<br \/>\nKlingenmaterial: B\u00f6hler M390<br \/>\nKlingenstil: Tanto<br \/>\nEins\u00e4tze: Flach<br \/>\nRandtyp: Uni<br \/>\nGriffmaterial: Aluminium<br \/>\nGewicht: 3,60 Unzen.<br \/>\nBenutzer: Rechte Hand<br \/>\nTaschenclip: Tip-Down<br \/>\nMessertyp: Double-Action OTF Automatic<br \/>\n\u00d6ffner: Daumenschieber<br \/>\nMarke: Microtech<br \/>\nModell: Ultratech<br \/>\nModellnummer: 123-10 BH<br \/>\nHerkunftsland: USA<br \/>\nBeste Verwendung: T\u00e4glich<\/p>\n<div class=\"description\">\n<p>Das Ultratech wird f\u00fcr immer den Standard f\u00fcr alle Out-the-Front-Messer setzen. Das Ultratech ist Microtechs urspr\u00fcngliches Dual-Action-Out-the-Front-Messer und bildet die Grundlage der gesamten OTF-Linie. Im Laufe der Jahre wurde es mehreren Modifikationen unterzogen, die jedes Mal effizienter und zuverl\u00e4ssiger wurden. Diese Version verf\u00fcgt \u00fcber die verbesserte Tri-Grip-Textur auf dem Daumenschieber f\u00fcr einen besseren Halt und einen apokalyptisch gr\u00fcnen Griff mit roter Hardware, was diesem Modell den Namen \u201eBounty Hunter\u201c alias Boba Fett verleiht. Es verf\u00fcgt au\u00dferdem \u00fcber ein sehr cooles Mythosaurier-Logo auf dem Taschenclip, das das Sch\u00e4delsymbol mit den Sto\u00dfz\u00e4hnen der Wahren Mandalorianer war. Die Feder des Ultratech bleibt stets in einer Ruheposition, au\u00dfer im ausgefahrenen Zustand. Dadurch wird sichergestellt, dass die zusammengedr\u00fcckte Feder nicht erm\u00fcdet und der Benutzer sicherstellt, dass das Messer beim Abfeuern effektiv funktioniert. Das geringe Gewicht des Ultratech, das \u00d6ffnen und Schlie\u00dfen mit einer Hand, die schlanke Form und die skalpellscharfe Drop-Point-Klinge machen es zu einem einzigartigen Messer, das nur bei <strong>Microtech<\/strong> erh\u00e4ltlich ist. Dieses Messer hat immer wieder bewiesen, dass es jedem Hindernis standh\u00e4lt, und unserer Meinung nach ist dieses Messer das begehrteste der Star Wars-Reihe von <strong>Ultratechs<\/strong> .<\/p>\n<div class=\"clearfix\"><\/div>\n<\/div>\n<div class=\"specifications\">\n<div class=\"features\">Spezifikationen<br \/>\nAutomatisches \u00d6ffnen\/Schlie\u00dfen \u2013 Front\u00f6ffner<br \/>\nAktion: Dual Action \u2013 Automatisches Feuern\/Einfahren<br \/>\nKlingenstahl: Edelstahl<br \/>\nKlingenl\u00e4nge: 3,46 Zoll<br \/>\nKlingenstil: Single Edge Tanto<br \/>\nGriffst\u00e4rke: 0,640 Zoll<br \/>\nGriffmaterial: 6061-T6-Aluminium mit gr\u00fcner apokalyptischer Mil-Spec-Hartanodisierung<br \/>\nL\u00e4nge geschlossen: 4,84&#8243;<br \/>\nL\u00e4nge offen: 8,30&#8243;<br \/>\nMaterial des Taschenclips: Edelstahl 301<br \/>\nStandardoberteil: 6061-T6 AL-Legierung<br \/>\nAbzug: 303 Edelstahl<br \/>\nFensterbrecher<br \/>\nHergestellt in den USA<\/div>\n<div class=\"specs\">\n<p>&nbsp;<\/p>\n<\/div>\n<\/div>\n","protected":false},"excerpt":{"rendered":"<p><strong>Im Laufe der Jahre hat Microtech\u00ae Knives Messer mit Leidenschaft und K\u00f6nnen gef\u00fcllt, um nahezu Kunstwerke zu schaffen, die den Gipfel der Funktionalit\u00e4t darstellen. Alle Teile werden in den USA hergestellt.<\/strong><br \/>\n<strong>Alle Microtech-Messer haben eine lebenslange Garantie (mindestens 80.000 Zyklen, \u00d6ffnen und Schlie\u00dfen).<\/strong><\/p>\n<p><strong>Kostenloser Transport.<\/strong><\/p>\n","protected":false},"featured_media":349634,"comment_status":"open","ping_status":"closed","template":"","meta":[],"pwb-brand":[3278],"product_brand":[],"product_cat":[3285,3343],"product_tag":[3669],"class_list":{"0":"post-349633","1":"product","2":"type-product","3":"status-publish","4":"has-post-thumbnail","6":"pwb-brand-microtech-de","7":"product_cat-messer","8":"product_cat-schiesmesser","9":"product_tag-b2b-de","11":"first","12":"outofstock","13":"taxable","14":"shipping-taxable","15":"purchasable","16":"product-type-simple"},"brands":[{"id":3278,"name":"Microtech","slug":"microtech-de"}],"_links":{"self":[{"href":"https:\/\/www.moskito.cz\/de\/wp-json\/wp\/v2\/product\/349633","targetHints":{"allow":["GET"]}}],"collection":[{"href":"https:\/\/www.moskito.cz\/de\/wp-json\/wp\/v2\/product"}],"about":[{"href":"https:\/\/www.moskito.cz\/de\/wp-json\/wp\/v2\/types\/product"}],"replies":[{"embeddable":true,"href":"https:\/\/www.moskito.cz\/de\/wp-json\/wp\/v2\/comments?post=349633"}],"wp:featuredmedia":[{"embeddable":true,"href":"https:\/\/www.moskito.cz\/de\/wp-json\/wp\/v2\/media\/349634"}],"wp:attachment":[{"href":"https:\/\/www.moskito.cz\/de\/wp-json\/wp\/v2\/media?parent=349633"}],"wp:term":[{"taxonomy":"pwb-brand","embeddable":true,"href":"https:\/\/www.moskito.cz\/de\/wp-json\/wp\/v2\/pwb-brand?post=349633"},{"taxonomy":"product_brand","embeddable":true,"href":"https:\/\/www.moskito.cz\/de\/wp-json\/wp\/v2\/product_brand?post=349633"},{"taxonomy":"product_cat","embeddable":true,"href":"https:\/\/www.moskito.cz\/de\/wp-json\/wp\/v2\/product_cat?post=349633"},{"taxonomy":"product_tag","embeddable":true,"href":"https:\/\/www.moskito.cz\/de\/wp-json\/wp\/v2\/product_tag?post=349633"}],"curies":[{"name":"wp","href":"https:\/\/api.w.org\/{rel}","templated":true}]}}