{"id":349855,"date":"2024-07-07T16:19:25","date_gmt":"2024-07-07T15:19:25","guid":{"rendered":"https:\/\/www.moskito.cz\/produkt\/schiessmesser-microtech-combat-troodon-gen-iii-interceptor-stonewashed-signature-series-1217-10tas\/"},"modified":"2025-05-07T11:20:01","modified_gmt":"2025-05-07T10:20:01","slug":"schiessmesser-microtech-combat-troodon-gen-iii-interceptor-stonewashed-signature-series-1217-10tas","status":"publish","type":"product","link":"https:\/\/www.moskito.cz\/de\/produkt\/schiessmesser-microtech-combat-troodon-gen-iii-interceptor-stonewashed-signature-series-1217-10tas\/","title":{"rendered":"Schie\u00dfmesser Microtech Combat Troodon Gen III Interceptor Stonewashed Signature Series 1217-10TAS"},"content":{"rendered":"<p>Schie\u00dfmesser <strong>Microtech<\/strong> Combat Troodon Gen III Interceptor Stonewashed Signature Series 1217-10TAS<\/p>\n<p>Microtech-Messer | Kampf gegen <strong>Troodon Gen III<\/strong><br \/>\nDas neu gestaltete Combat Troodon von Microtech ist der Inbegriff von OTF f\u00fcr den harten Einsatz und setzt einen neuen Standard f\u00fcr robuste Automatikmesser. Dieses ikonische Messer mit einem innovativen Antriebssystem gew\u00e4hrleistet einen schnellen Einsatz in kritischen Situationen und eine problemlose Demontage f\u00fcr den Benutzerkomfort. Das verbesserte Design der Knopftaschen minimiert die Reibung, leitet Schmutz effektiv ab und reduziert den Bedarf an h\u00e4ufiger Wartung. Verbessert mit strategischen Rillen und Rillen f\u00fcr au\u00dfergew\u00f6hnlichen Halt und ausgestattet mit einem neuen Titan-Taschenclip und Keramikstopper.<\/p>\n<p>Gesamtl\u00e4nge: 24,1 cm<br \/>\nL\u00e4nge geschlossen: 14 cm<br \/>\nKlingenl\u00e4nge: 10,2 cm<br \/>\nOberfl\u00e4chenbehandlung der Klinge: Stonewashed<br \/>\nRandstil: einfarbig<br \/>\nGriffmaterial: Hellbraunes Aluminium<br \/>\nTaschenclip: Tip-Down<br \/>\nHersteller Ref. #: 1217-10TAS<br \/>\nHerkunftsland: USA<\/p>\n<p><iframe title=\"Microtech Combat Troodon Torture Test\" width=\"800\" height=\"450\" src=\"https:\/\/www.youtube.com\/embed\/xE9TeOFYEjg?feature=oembed\" frameborder=\"0\" allow=\"accelerometer; autoplay; clipboard-write; encrypted-media; gyroscope; picture-in-picture; web-share\" referrerpolicy=\"strict-origin-when-cross-origin\" allowfullscreen><\/iframe><\/p>\n<p>&nbsp;<\/p>\n","protected":false},"excerpt":{"rendered":"<p><strong>Im Laufe der Jahre hat Microtech\u00ae Knives Messer mit Leidenschaft und K\u00f6nnen gef\u00fcllt, um nahezu Kunstwerke zu schaffen, die den Gipfel der Funktionalit\u00e4t darstellen. Alle Teile werden in den USA hergestellt.<\/strong><br \/>\n<strong>F\u00fcr alle Microtech-Messer gilt eine lebenslange Garantie.<\/strong><\/p>\n<p><strong>Kostenloser Transport.<\/strong><\/p>\n","protected":false},"featured_media":349804,"comment_status":"open","ping_status":"closed","template":"","meta":[],"pwb-brand":[3278],"product_brand":[],"product_cat":[3343,3285],"product_tag":[3669],"class_list":{"0":"post-349855","1":"product","2":"type-product","3":"status-publish","4":"has-post-thumbnail","6":"pwb-brand-microtech-de","7":"product_cat-schiesmesser","8":"product_cat-messer","9":"product_tag-b2b-de","11":"first","12":"outofstock","13":"taxable","14":"shipping-taxable","15":"purchasable","16":"product-type-simple"},"brands":[{"id":3278,"name":"Microtech","slug":"microtech-de"}],"_links":{"self":[{"href":"https:\/\/www.moskito.cz\/de\/wp-json\/wp\/v2\/product\/349855","targetHints":{"allow":["GET"]}}],"collection":[{"href":"https:\/\/www.moskito.cz\/de\/wp-json\/wp\/v2\/product"}],"about":[{"href":"https:\/\/www.moskito.cz\/de\/wp-json\/wp\/v2\/types\/product"}],"replies":[{"embeddable":true,"href":"https:\/\/www.moskito.cz\/de\/wp-json\/wp\/v2\/comments?post=349855"}],"wp:featuredmedia":[{"embeddable":true,"href":"https:\/\/www.moskito.cz\/de\/wp-json\/wp\/v2\/media\/349804"}],"wp:attachment":[{"href":"https:\/\/www.moskito.cz\/de\/wp-json\/wp\/v2\/media?parent=349855"}],"wp:term":[{"taxonomy":"pwb-brand","embeddable":true,"href":"https:\/\/www.moskito.cz\/de\/wp-json\/wp\/v2\/pwb-brand?post=349855"},{"taxonomy":"product_brand","embeddable":true,"href":"https:\/\/www.moskito.cz\/de\/wp-json\/wp\/v2\/product_brand?post=349855"},{"taxonomy":"product_cat","embeddable":true,"href":"https:\/\/www.moskito.cz\/de\/wp-json\/wp\/v2\/product_cat?post=349855"},{"taxonomy":"product_tag","embeddable":true,"href":"https:\/\/www.moskito.cz\/de\/wp-json\/wp\/v2\/product_tag?post=349855"}],"curies":[{"name":"wp","href":"https:\/\/api.w.org\/{rel}","templated":true}]}}