{"id":349931,"date":"2021-05-05T22:03:35","date_gmt":"2024-07-08T09:29:36","guid":{"rendered":"https:\/\/www.moskito.cz\/produkt\/feststehendes-messer-extrema-ratio-mamba-hcs\/"},"modified":"2025-05-07T11:20:03","modified_gmt":"2025-05-07T10:20:03","slug":"feststehendes-messer-extrema-ratio-mamba-hcs","status":"publish","type":"product","link":"https:\/\/www.moskito.cz\/de\/produkt\/feststehendes-messer-extrema-ratio-mamba-hcs\/","title":{"rendered":"Feststehendes Messer Extrema Ratio MAMBA HCS"},"content":{"rendered":"<p>Feststehendes Messer <strong>Extrema Ratio<\/strong> MAMBA HCS.<\/p>\n<p>Mehrzweck-Taktikmesser, sehr leicht und einfach zu handhaben. Es wird mit einer speziellen Aspis-Nylonscheide geliefert, die von Extrema Ratio speziell entwickelt wurde, um dank zwei Schnallen mit mehreren Positionen ein schnelles L\u00f6sen und Befestigen der Klinge im MOLLE-System zu erm\u00f6glichen.<br \/>\nErh\u00e4ltlich in Schwarz, Desert, HCS, Ranger Green und Wolf Grey<\/p>\n<p>TECHNISCHES ARBEITSBLATT<br \/>\nGewicht: 85 g<br \/>\nGewicht: 2,99 oz<br \/>\nKlingenl\u00e4nge (mm): 116<br \/>\nKlingenl\u00e4nge (Zoll): 4,56<br \/>\nGesamtl\u00e4nge (mm): 237<br \/>\nGesamtl\u00e4nge (Zoll): 9,33<br \/>\nKlingenst\u00e4rke (mm): 4<br \/>\nKlingenst\u00e4rke (in Zoll): 0,15<br \/>\nKlingenmaterial: B\u00f6HLER STEEL N690 (58HRC)<br \/>\nKlingenfinish: STEINE ENTHALTEN<br \/>\nHauptgitter: FLACH<br \/>\nGriffmaterial: FORPRENE<\/p>\n<p><iframe title=\"Extrema Ratio Mamba | t-tactical.eu\" width=\"800\" height=\"450\" src=\"https:\/\/www.youtube.com\/embed\/5jcDRn6oFuw?feature=oembed\" frameborder=\"0\" allow=\"accelerometer; autoplay; clipboard-write; encrypted-media; gyroscope; picture-in-picture; web-share\" referrerpolicy=\"strict-origin-when-cross-origin\" allowfullscreen><\/iframe><\/p>\n<p>&nbsp;<\/p>\n","protected":false},"excerpt":{"rendered":"<p>Extrema Ratio mit Sitz in Prato, Italien, entwirft und produziert seit 1997 leistungsstarke Kampf-, Milit\u00e4r-, K\u00fcchen-, Jagd- und taktische Messer und genie\u00dft einen Ruf f\u00fcr \u00fcberlegene Qualit\u00e4t, die in der Milit\u00e4r- und taktischen Messerbranche ihresgleichen sucht. Kostenloser Transport .<\/p>\n","protected":false},"featured_media":349944,"comment_status":"open","ping_status":"closed","template":"","meta":[],"pwb-brand":[3539],"product_brand":[],"product_cat":[3285,3287],"product_tag":[3669],"class_list":{"0":"post-349931","1":"product","2":"type-product","3":"status-publish","4":"has-post-thumbnail","6":"pwb-brand-extrema-verhaltnis","7":"product_cat-messer","8":"product_cat-solide-messer","9":"product_tag-b2b-de","11":"first","12":"instock","13":"taxable","14":"shipping-taxable","15":"purchasable","16":"product-type-simple"},"brands":[{"id":3539,"name":"Extrema-Verh\u00e4ltnis","slug":"extrema-verhaltnis"}],"_links":{"self":[{"href":"https:\/\/www.moskito.cz\/de\/wp-json\/wp\/v2\/product\/349931","targetHints":{"allow":["GET"]}}],"collection":[{"href":"https:\/\/www.moskito.cz\/de\/wp-json\/wp\/v2\/product"}],"about":[{"href":"https:\/\/www.moskito.cz\/de\/wp-json\/wp\/v2\/types\/product"}],"replies":[{"embeddable":true,"href":"https:\/\/www.moskito.cz\/de\/wp-json\/wp\/v2\/comments?post=349931"}],"wp:featuredmedia":[{"embeddable":true,"href":"https:\/\/www.moskito.cz\/de\/wp-json\/wp\/v2\/media\/349944"}],"wp:attachment":[{"href":"https:\/\/www.moskito.cz\/de\/wp-json\/wp\/v2\/media?parent=349931"}],"wp:term":[{"taxonomy":"pwb-brand","embeddable":true,"href":"https:\/\/www.moskito.cz\/de\/wp-json\/wp\/v2\/pwb-brand?post=349931"},{"taxonomy":"product_brand","embeddable":true,"href":"https:\/\/www.moskito.cz\/de\/wp-json\/wp\/v2\/product_brand?post=349931"},{"taxonomy":"product_cat","embeddable":true,"href":"https:\/\/www.moskito.cz\/de\/wp-json\/wp\/v2\/product_cat?post=349931"},{"taxonomy":"product_tag","embeddable":true,"href":"https:\/\/www.moskito.cz\/de\/wp-json\/wp\/v2\/product_tag?post=349931"}],"curies":[{"name":"wp","href":"https:\/\/api.w.org\/{rel}","templated":true}]}}