{"id":350038,"date":"2022-04-27T21:41:21","date_gmt":"2024-07-08T09:49:22","guid":{"rendered":"https:\/\/www.moskito.cz\/produkt\/sog-arbeitsspitzenschaerfer\/"},"modified":"2025-05-07T11:20:03","modified_gmt":"2025-05-07T10:20:03","slug":"sog-arbeitsspitzenschaerfer","status":"publish","type":"product","link":"https:\/\/www.moskito.cz\/de\/produkt\/sog-arbeitsspitzenschaerfer\/","title":{"rendered":"SOG ARBEITSSPITZENSCH\u00c4RFER"},"content":{"rendered":"<p><strong>SOG<\/strong> ARBEITSSCH\u00c4RFER.<\/p>\n<p>Jetzt macht SOG mit der neuesten Generation des SOG-Desktop-Sch\u00e4rfers das Messersch\u00e4rfen zum Kinderspiel! Stellen Sie den SOG-Arbeitsplattensch\u00e4rfer einfach auf eine flache, nicht por\u00f6se Oberfl\u00e4che, aktivieren Sie die Saugkraft und ziehen Sie die Messer durch, um eine messerscharfe Kante zu erhalten! Funktioniert mit allen SOG-Messern.<\/p>\n<p>Hinterl\u00e4sst Messer mit einer messerscharfen Kante. Klein und leicht zu tragen. Die Saugtechnik sorgt f\u00fcr minimalen Kraftaufwand.<\/p>\n<p>&nbsp;<\/p>\n<p>&nbsp;<\/p>\n","protected":false},"excerpt":{"rendered":"<p>Egal, ob Sie andere besch\u00fctzen oder eine epische Jagdexpedition leiten, eine der allt\u00e4glichen Herausforderungen des Lebens meistern oder die bisher extremsten Bedingungen meistern, machen Sie sich mit <strong>SOG<\/strong> auf den Weg.<\/p>\n<p><strong>Wir geben auf alle SOG-Messer eine lebenslange Garantie!<\/strong><\/p>\n","protected":false},"featured_media":350042,"comment_status":"open","ping_status":"closed","template":"","meta":[],"pwb-brand":[3605],"product_brand":[],"product_cat":[3346],"product_tag":[3669],"class_list":{"0":"post-350038","1":"product","2":"type-product","3":"status-publish","4":"has-post-thumbnail","6":"pwb-brand-wie-g","7":"product_cat-schleifscheiben-und-stahle","8":"product_tag-b2b-de","10":"first","11":"instock","12":"taxable","13":"shipping-taxable","14":"purchasable","15":"product-type-simple"},"brands":[{"id":3605,"name":"WIE G","slug":"wie-g"}],"_links":{"self":[{"href":"https:\/\/www.moskito.cz\/de\/wp-json\/wp\/v2\/product\/350038","targetHints":{"allow":["GET"]}}],"collection":[{"href":"https:\/\/www.moskito.cz\/de\/wp-json\/wp\/v2\/product"}],"about":[{"href":"https:\/\/www.moskito.cz\/de\/wp-json\/wp\/v2\/types\/product"}],"replies":[{"embeddable":true,"href":"https:\/\/www.moskito.cz\/de\/wp-json\/wp\/v2\/comments?post=350038"}],"wp:featuredmedia":[{"embeddable":true,"href":"https:\/\/www.moskito.cz\/de\/wp-json\/wp\/v2\/media\/350042"}],"wp:attachment":[{"href":"https:\/\/www.moskito.cz\/de\/wp-json\/wp\/v2\/media?parent=350038"}],"wp:term":[{"taxonomy":"pwb-brand","embeddable":true,"href":"https:\/\/www.moskito.cz\/de\/wp-json\/wp\/v2\/pwb-brand?post=350038"},{"taxonomy":"product_brand","embeddable":true,"href":"https:\/\/www.moskito.cz\/de\/wp-json\/wp\/v2\/product_brand?post=350038"},{"taxonomy":"product_cat","embeddable":true,"href":"https:\/\/www.moskito.cz\/de\/wp-json\/wp\/v2\/product_cat?post=350038"},{"taxonomy":"product_tag","embeddable":true,"href":"https:\/\/www.moskito.cz\/de\/wp-json\/wp\/v2\/product_tag?post=350038"}],"curies":[{"name":"wp","href":"https:\/\/api.w.org\/{rel}","templated":true}]}}