{"id":350235,"date":"2024-07-10T07:17:13","date_gmt":"2024-07-10T06:18:01","guid":{"rendered":"https:\/\/www.moskito.cz\/produkt\/schliessmesser-muela-navalia-10m-b\/"},"modified":"2025-05-07T11:20:08","modified_gmt":"2025-05-07T10:20:08","slug":"schliessmesser-muela-navalia-10m-b","status":"publish","type":"product","link":"https:\/\/www.moskito.cz\/de\/produkt\/schliessmesser-muela-navalia-10m-b\/","title":{"rendered":"Schlie\u00dfmesser Muela NAVALIA-10M.B"},"content":{"rendered":"<p>Schlie\u00dfmesser <strong>Muela<\/strong> NAVALIA-10M.B<\/p>\n<p>Taschenmesser Navalia-10M.B Muela Klappmesser ist ein au\u00dfergew\u00f6hnliches spanisches Taschenmesser mit Micarta-Griff.<\/p>\n<p>Dieses Taschenmesser ist \u00e4u\u00dferst vielseitig und bietet Tragbarkeit und schnelles \u00d6ffnen der Klinge, wodurch es sich ideal f\u00fcr eine Vielzahl von Anwendungen, einschlie\u00dflich \u00dcberlebenssituationen, eignet.<\/p>\n<p>Seine Klappfunktion erm\u00f6glicht einen bequemen und sicheren Transport und sorgt f\u00fcr den Schutz der Klinge.<\/p>\n<p>Der Griff des Klappmessers Muela Navalia-10M.B besteht aus Micarta, einem Material, das aus mit Harz impr\u00e4gnierten Stoffen besteht, die hohen Dr\u00fccken und Temperaturen ausgesetzt sind, was zu einem harten, dichten und haltbaren Material f\u00fcr extreme Beanspruchung f\u00fchrt.<\/p>\n<p>Die Klinge besteht aus X50CrMoV15 \u201eMOVA\u201c (1.4116), einem klassischen Material f\u00fcr Muela-Messer und Taschenmesser, das f\u00fcr seine hervorragende Kombination aus Molybd\u00e4n und Vanadium bekannt ist und eine bemerkenswerte H\u00e4rte und Korrosionsbest\u00e4ndigkeit bietet.<\/p>\n<p>Muela hat in Spanien seit 1950 eine Tradition in der Herstellung exklusiver Messer, Taschenmesser und Rasiermesser und ist eine weltweite Referenz im Bereich Besteck.<\/p>\n<p>Mit speziell ausgew\u00e4hlten Materialien wie martensitischem Stahl f\u00fcr die Klingen und sogar Hirschgeweih bei einigen Modellen werden seine St\u00fccke sorgf\u00e4ltig geschnitzt und bearbeitet und kombinieren moderne Technologie mit handwerklichen Techniken.<\/p>\n<p>Jedes Produkt wird an erfahrene Messermacher \u00fcbergeben, die die handwerkliche Endbearbeitung einschlie\u00dflich Sch\u00e4rfen, Polieren und strenger Qualit\u00e4tskontrolle durchf\u00fchren.<\/p>\n<p>&nbsp;<\/p>\n<p>Technische Beschreibung<\/p>\n<p>Code: NAVALIA-10M.B<\/p>\n<p>Gesamtl\u00e4nge: 21 cm<\/p>\n<p>Modell: Navalia Taschenmesser-10M.B<\/p>\n<p>Griffmaterial: Micarta<\/p>\n<p>Klingenmaterial: 1.4116<\/p>\n<p>Klingenl\u00e4nge: 10 cm<\/p>\n<p>Stahlh\u00e4rte: 56 \u2013 58 HRC<\/p>\n<p>Gewicht: 125g<\/p>\n<p>&nbsp;<\/p>\n","protected":false},"excerpt":{"rendered":"<p><strong>Taschenmesser Navalia-10M.B Muela Klappmesser ist ein au\u00dfergew\u00f6hnliches spanisches Taschenmesser mit Micarta-Griff.<\/strong><\/p>\n","protected":false},"featured_media":350209,"comment_status":"open","ping_status":"closed","template":"","meta":[],"pwb-brand":[3914],"product_brand":[],"product_cat":[3285,3303],"product_tag":[3669],"class_list":{"0":"post-350235","1":"product","2":"type-product","3":"status-publish","4":"has-post-thumbnail","6":"pwb-brand-sie-musste","7":"product_cat-messer","8":"product_cat-schliesmesser","9":"product_tag-b2b-de","11":"first","12":"outofstock","13":"taxable","14":"shipping-taxable","15":"purchasable","16":"product-type-simple"},"brands":[{"id":3914,"name":"Sie musste","slug":"sie-musste"}],"_links":{"self":[{"href":"https:\/\/www.moskito.cz\/de\/wp-json\/wp\/v2\/product\/350235","targetHints":{"allow":["GET"]}}],"collection":[{"href":"https:\/\/www.moskito.cz\/de\/wp-json\/wp\/v2\/product"}],"about":[{"href":"https:\/\/www.moskito.cz\/de\/wp-json\/wp\/v2\/types\/product"}],"replies":[{"embeddable":true,"href":"https:\/\/www.moskito.cz\/de\/wp-json\/wp\/v2\/comments?post=350235"}],"wp:featuredmedia":[{"embeddable":true,"href":"https:\/\/www.moskito.cz\/de\/wp-json\/wp\/v2\/media\/350209"}],"wp:attachment":[{"href":"https:\/\/www.moskito.cz\/de\/wp-json\/wp\/v2\/media?parent=350235"}],"wp:term":[{"taxonomy":"pwb-brand","embeddable":true,"href":"https:\/\/www.moskito.cz\/de\/wp-json\/wp\/v2\/pwb-brand?post=350235"},{"taxonomy":"product_brand","embeddable":true,"href":"https:\/\/www.moskito.cz\/de\/wp-json\/wp\/v2\/product_brand?post=350235"},{"taxonomy":"product_cat","embeddable":true,"href":"https:\/\/www.moskito.cz\/de\/wp-json\/wp\/v2\/product_cat?post=350235"},{"taxonomy":"product_tag","embeddable":true,"href":"https:\/\/www.moskito.cz\/de\/wp-json\/wp\/v2\/product_tag?post=350235"}],"curies":[{"name":"wp","href":"https:\/\/api.w.org\/{rel}","templated":true}]}}