{"id":350273,"date":"2024-07-10T07:50:11","date_gmt":"2024-07-10T06:50:52","guid":{"rendered":"https:\/\/www.moskito.cz\/produkt\/muela-p-8nl-schliessmesser\/"},"modified":"2025-05-07T11:20:09","modified_gmt":"2025-05-07T10:20:09","slug":"muela-p-8nl-schliessmesser","status":"publish","type":"product","link":"https:\/\/www.moskito.cz\/de\/produkt\/muela-p-8nl-schliessmesser\/","title":{"rendered":"Muela P-8NL Schlie\u00dfmesser"},"content":{"rendered":"<p><strong>Muela<\/strong> P-8NL Schlie\u00dfmesser.<\/p>\n<p>P-8NL Artisan Folding Knife \u2013 leichtes, klassisches Klappmesser von Muel. Die Klinge besteht aus MoVa-Molybd\u00e4n-Vanadium-Stahl. Der Palisandergriff (ideal f\u00fcr ein Allzweckmesser) erleichtert die Reinigung des Messers. Das perfekte Messer f\u00fcr Liebhaber des klassischen Designs, perfekt als Alltags-EDC.<\/p>\n<p>Klinge \u2013 sehr scharf mit modifiziertem Drop-Point-Profil, St\u00e4rke 2,4 mm, geh\u00e4rtet im Bereich von 57\u201358 HRC. Hergestellt aus langlebigem Molybd\u00e4n-Vanadium-Edelstahl X50CrMoV15. Satin-Finish (halbmatt), das Blendungen verhindert. Die glatte Klinge des Typs Plain verf\u00fcgt \u00fcber einen konkaven Schliff (Hollow Grind), der in Kombination mit der geringen Dicke der Klinge f\u00fcr \u00fcberdurchschnittliche Schneideigenschaften sorgt.<\/p>\n<p>Griff \u2013 braunes, profiliertes Furnier aus hartem exotischem Palisander (Amazonas-Palisander)<\/p>\n<p>Technische Daten:<br \/>\nProduktnummer: P-8NL<br \/>\nStahlsorte: X50CrMoV15<br \/>\nKlingenl\u00e4nge: 8,5 cm \/ 3,35<br \/>\nKlingenst\u00e4rke: 0,24 cm \/ 0,15<br \/>\nGesamtl\u00e4nge: 18,6 cm<br \/>\nGewicht: 73 g<br \/>\nKlinge: Gew\u00f6hnlich<br \/>\nKlingentyp: Drop Point<br \/>\nSchnittart: Konkav<br \/>\nGriffmaterial: Palisander (Amazonas-Palisander)<br \/>\nHersteller: Muela, Spanien<\/p>\n<p>&nbsp;<\/p>\n","protected":false},"excerpt":{"rendered":"<p><strong>Taschenklappmesser Muela P-8NL Elegantes Taschenklappmesser Muela P 8 NL mit Palisandergriffen.<\/strong><\/p>\n","protected":false},"featured_media":350242,"comment_status":"open","ping_status":"closed","template":"","meta":[],"pwb-brand":[3914],"product_brand":[],"product_cat":[3285,3303],"product_tag":[3669],"class_list":{"0":"post-350273","1":"product","2":"type-product","3":"status-publish","4":"has-post-thumbnail","6":"pwb-brand-sie-musste","7":"product_cat-messer","8":"product_cat-schliesmesser","9":"product_tag-b2b-de","11":"first","12":"instock","13":"taxable","14":"shipping-taxable","15":"purchasable","16":"product-type-simple"},"brands":[{"id":3914,"name":"Sie musste","slug":"sie-musste"}],"_links":{"self":[{"href":"https:\/\/www.moskito.cz\/de\/wp-json\/wp\/v2\/product\/350273","targetHints":{"allow":["GET"]}}],"collection":[{"href":"https:\/\/www.moskito.cz\/de\/wp-json\/wp\/v2\/product"}],"about":[{"href":"https:\/\/www.moskito.cz\/de\/wp-json\/wp\/v2\/types\/product"}],"replies":[{"embeddable":true,"href":"https:\/\/www.moskito.cz\/de\/wp-json\/wp\/v2\/comments?post=350273"}],"wp:featuredmedia":[{"embeddable":true,"href":"https:\/\/www.moskito.cz\/de\/wp-json\/wp\/v2\/media\/350242"}],"wp:attachment":[{"href":"https:\/\/www.moskito.cz\/de\/wp-json\/wp\/v2\/media?parent=350273"}],"wp:term":[{"taxonomy":"pwb-brand","embeddable":true,"href":"https:\/\/www.moskito.cz\/de\/wp-json\/wp\/v2\/pwb-brand?post=350273"},{"taxonomy":"product_brand","embeddable":true,"href":"https:\/\/www.moskito.cz\/de\/wp-json\/wp\/v2\/product_brand?post=350273"},{"taxonomy":"product_cat","embeddable":true,"href":"https:\/\/www.moskito.cz\/de\/wp-json\/wp\/v2\/product_cat?post=350273"},{"taxonomy":"product_tag","embeddable":true,"href":"https:\/\/www.moskito.cz\/de\/wp-json\/wp\/v2\/product_tag?post=350273"}],"curies":[{"name":"wp","href":"https:\/\/api.w.org\/{rel}","templated":true}]}}