{"id":350334,"date":"2024-07-10T08:18:58","date_gmt":"2024-07-10T07:19:41","guid":{"rendered":"https:\/\/www.moskito.cz\/produkt\/schliessmesser-muela-naval-10m-ol\/"},"modified":"2025-05-07T11:20:14","modified_gmt":"2025-05-07T10:20:14","slug":"schliessmesser-muela-naval-10m-ol","status":"publish","type":"product","link":"https:\/\/www.moskito.cz\/de\/produkt\/schliessmesser-muela-naval-10m-ol\/","title":{"rendered":"Schlie\u00dfmesser Muela NAVAL-10M.OL"},"content":{"rendered":"<p>Schlie\u00dfmesser <strong>Muela<\/strong> NAVAL-10M.OL<\/p>\n<p>Entdecken Sie das Taschenmesser NAVAL-10M.OL von Muel, ein authentisches Juwel der f\u00fchrenden spanischen Marke im Bereich Handwerksmesser und Klappmesser! Mit seinem au\u00dfergew\u00f6hnlichen Design und seinen erstklassigen Funktionen ist dieses Messer ein unverzichtbares Werkzeug.<\/p>\n<p>Griff aus schwarzem Micarta und Griffschalen aus Olivenholz: Der 115-mm-Griff ist kunstvoll aus schwarzem Micarta gefertigt und bietet in jeder Situation einen sicheren und bequemen Halt. Die Beschalung aus Olivenholz verleiht ihm nicht nur ein charmantes Aussehen, sondern auch eine au\u00dfergew\u00f6hnliche Haltbarkeit.<br \/>\nPr\u00e4zisionsklinge: Die 100-mm-Klinge ist ein Meisterwerk der Pr\u00e4zision, entworfen in Form einer Klinge, die eine hervorragende Leistung gew\u00e4hrleistet. Es besteht aus X50CrMoV15 (MOVA)-Stahl, ist korrosionsbest\u00e4ndig und beh\u00e4lt seine Sch\u00e4rfe \u00fcber einen langen Zeitraum.<br \/>\nHinterer Verriegelungsmechanismus: Ausgestattet mit einem hinteren Verriegelungsmechanismus k\u00f6nnen Sie sich jederzeit auf die Sicherheit und Benutzerfreundlichkeit dieses Messers verlassen.<br \/>\nInklusive S\u00e4ge: Dieses Messer geht noch einen Schritt weiter und verf\u00fcgt \u00fcber eine S\u00e4ge auf der Oberseite der Klinge, die Ihre Outdoor-Aktivit\u00e4ten vielseitiger macht.<br \/>\nHergestellt in Spanien: Dieses in Spanien hergestellte Messer verk\u00f6rpert im Kern die spanische Tradition von Qualit\u00e4t und Handwerkskunst.<\/p>\n<p>Warum Sie sich f\u00fcr Muela entscheiden sollten: Muela ist eine Marke, die sich seit Jahrzehnten durch die Herstellung hochwertiger Handwerksmesser und Taschenmesser auszeichnet. Ihr Streben nach Exzellenz spiegelt sich in jedem Detail ihrer Produkte wider. Zus\u00e4tzlich zu der Funktionalit\u00e4t und Haltbarkeit, die sie bieten, verwendet Muela auch besondere Elemente wie Damaststahl und exotische H\u00f6lzer, die ihre Messer zu einzigartigen und exklusiven St\u00fccken machen.<\/p>\n<p>Von Hirschgeweihen bis hin zu hochwertigen H\u00f6lzern ist Muela stolz darauf, sowohl zeitgen\u00f6ssische als auch klassische Designs anzubieten und so die spanische Handwerkstradition am Leben zu erhalten. Das Taschenmesser NAVAL-10M.OL ist ein klares Beispiel f\u00fcr Muelas Engagement f\u00fcr Qualit\u00e4t und Handwerkskunst und eine Wahl, die Sie nicht entt\u00e4uschen wird.<\/p>\n<p>Klingenmaterial: X50CrMoV15<br \/>\nGriffmaterial: Holz<br \/>\nKlingenl\u00e4nge: 10 cm<br \/>\nGesamtl\u00e4nge: 21,5 cm<br \/>\nGriffl\u00e4nge: 11,5 cm<br \/>\nGewicht: 120 g<br \/>\nKlingentyp: Drop Point<\/p>\n<p>&nbsp;<\/p>\n","protected":false},"excerpt":{"rendered":"<p><strong>Entdecken Sie das Taschenmesser NAVAL-10M.OL von Muel, ein authentisches Schmuckst\u00fcck der f\u00fchrenden spanischen Marke im Bereich Handwerksmesser und Klappmesser! Mit seinem au\u00dfergew\u00f6hnlichen Design und seinen erstklassigen Funktionen ist dieses Messer ein unverzichtbares Werkzeug.<\/strong><\/p>\n","protected":false},"featured_media":350322,"comment_status":"open","ping_status":"closed","template":"","meta":[],"pwb-brand":[3914],"product_brand":[],"product_cat":[3285,3303],"product_tag":[3669],"class_list":{"0":"post-350334","1":"product","2":"type-product","3":"status-publish","4":"has-post-thumbnail","6":"pwb-brand-sie-musste","7":"product_cat-messer","8":"product_cat-schliesmesser","9":"product_tag-b2b-de","11":"first","12":"outofstock","13":"taxable","14":"shipping-taxable","15":"purchasable","16":"product-type-simple"},"brands":[{"id":3914,"name":"Sie musste","slug":"sie-musste"}],"_links":{"self":[{"href":"https:\/\/www.moskito.cz\/de\/wp-json\/wp\/v2\/product\/350334","targetHints":{"allow":["GET"]}}],"collection":[{"href":"https:\/\/www.moskito.cz\/de\/wp-json\/wp\/v2\/product"}],"about":[{"href":"https:\/\/www.moskito.cz\/de\/wp-json\/wp\/v2\/types\/product"}],"replies":[{"embeddable":true,"href":"https:\/\/www.moskito.cz\/de\/wp-json\/wp\/v2\/comments?post=350334"}],"wp:featuredmedia":[{"embeddable":true,"href":"https:\/\/www.moskito.cz\/de\/wp-json\/wp\/v2\/media\/350322"}],"wp:attachment":[{"href":"https:\/\/www.moskito.cz\/de\/wp-json\/wp\/v2\/media?parent=350334"}],"wp:term":[{"taxonomy":"pwb-brand","embeddable":true,"href":"https:\/\/www.moskito.cz\/de\/wp-json\/wp\/v2\/pwb-brand?post=350334"},{"taxonomy":"product_brand","embeddable":true,"href":"https:\/\/www.moskito.cz\/de\/wp-json\/wp\/v2\/product_brand?post=350334"},{"taxonomy":"product_cat","embeddable":true,"href":"https:\/\/www.moskito.cz\/de\/wp-json\/wp\/v2\/product_cat?post=350334"},{"taxonomy":"product_tag","embeddable":true,"href":"https:\/\/www.moskito.cz\/de\/wp-json\/wp\/v2\/product_tag?post=350334"}],"curies":[{"name":"wp","href":"https:\/\/api.w.org\/{rel}","templated":true}]}}