{"id":350437,"date":"2024-07-10T09:44:05","date_gmt":"2024-07-10T08:45:39","guid":{"rendered":"https:\/\/www.moskito.cz\/produkt\/muela-schliessmesser-mit-etui-npq-8gr\/"},"modified":"2025-05-07T11:20:18","modified_gmt":"2025-05-07T10:20:18","slug":"muela-schliessmesser-mit-etui-npq-8gr","status":"publish","type":"product","link":"https:\/\/www.moskito.cz\/de\/produkt\/muela-schliessmesser-mit-etui-npq-8gr\/","title":{"rendered":"Muela Schlie\u00dfmesser mit Etui NPQ-8GR"},"content":{"rendered":"<p><strong>Muela<\/strong> Schlie\u00dfmesser mit Etui NPQ-8GR<\/p>\n<p><strong>Das Taschenmesser Muela<\/strong> Folding Knife Type NPQ-8GR ist ein hervorragendes Taschenmesser, ideal f\u00fcr Sammler und Messerliebhaber. Das Taschenmesser ist ein \u00e4u\u00dferst vielseitiges Accessoire mit besserer Tragbarkeit und schnellem \u00d6ffnen der Klinge, ideal f\u00fcr eine Vielzahl von Kontexten mit vielen Einsatzm\u00f6glichkeiten, einschlie\u00dflich Survival. Sie sind zusammenklappbar, sodass der Transport einfach und sicher ist, da die Klinge gesch\u00fctzt ist.<\/p>\n<p>Der Griff des Taschenmessers Muela Folding Knife NPQ-8GR besteht aus Granadillo-Holz, einem nat\u00fcrlichen Material und Harz, das hohem Druck und hoher Temperatur ausgesetzt ist. Dadurch wird das Holz dichter, h\u00e4rter und wasserbest\u00e4ndiger.<\/p>\n<p>Seine Klinge besteht aus X50CrMoV15 \u201eMOVA\u201c (1.4116), einem klassischen Material f\u00fcr Muela-Messer und Taschenmesser, das eine hervorragende Kombination aus Molybd\u00e4n und Vanadium darstellt, um einen Stahl mit ausgezeichneter H\u00e4rte und Korrosionsbest\u00e4ndigkeit zu bilden.<\/p>\n<p>Technische Eigenschaften:<\/p>\n<p>Code: NPQ-8GR<br \/>\nMarke: Muela<br \/>\nModell: Taschenmesser NPQ-8GR<br \/>\nGriffmaterial: Granadillo-Holz<br \/>\nKlingenmaterial: 1.4116<br \/>\nKlingenl\u00e4nge: 8,5 cm<br \/>\nGesamtl\u00e4nge: 19,5 mm<br \/>\nStahlh\u00e4rte: 56 &#8211; 58 HRC<br \/>\nGewicht: 100 g<\/p>\n<p>&nbsp;<\/p>\n","protected":false},"excerpt":{"rendered":"<p><strong>Das Taschenmesser Muela Folding Knife Type NPQ-8GR ist ein hervorragendes Taschenmesser, ideal f\u00fcr Sammler und Messerliebhaber.<\/strong><\/p>\n","protected":false},"featured_media":350419,"comment_status":"open","ping_status":"closed","template":"","meta":[],"pwb-brand":[3914],"product_brand":[],"product_cat":[3285,3303],"product_tag":[3669],"class_list":{"0":"post-350437","1":"product","2":"type-product","3":"status-publish","4":"has-post-thumbnail","6":"pwb-brand-sie-musste","7":"product_cat-messer","8":"product_cat-schliesmesser","9":"product_tag-b2b-de","11":"first","12":"outofstock","13":"taxable","14":"shipping-taxable","15":"purchasable","16":"product-type-simple"},"brands":[{"id":3914,"name":"Sie musste","slug":"sie-musste"}],"_links":{"self":[{"href":"https:\/\/www.moskito.cz\/de\/wp-json\/wp\/v2\/product\/350437","targetHints":{"allow":["GET"]}}],"collection":[{"href":"https:\/\/www.moskito.cz\/de\/wp-json\/wp\/v2\/product"}],"about":[{"href":"https:\/\/www.moskito.cz\/de\/wp-json\/wp\/v2\/types\/product"}],"replies":[{"embeddable":true,"href":"https:\/\/www.moskito.cz\/de\/wp-json\/wp\/v2\/comments?post=350437"}],"wp:featuredmedia":[{"embeddable":true,"href":"https:\/\/www.moskito.cz\/de\/wp-json\/wp\/v2\/media\/350419"}],"wp:attachment":[{"href":"https:\/\/www.moskito.cz\/de\/wp-json\/wp\/v2\/media?parent=350437"}],"wp:term":[{"taxonomy":"pwb-brand","embeddable":true,"href":"https:\/\/www.moskito.cz\/de\/wp-json\/wp\/v2\/pwb-brand?post=350437"},{"taxonomy":"product_brand","embeddable":true,"href":"https:\/\/www.moskito.cz\/de\/wp-json\/wp\/v2\/product_brand?post=350437"},{"taxonomy":"product_cat","embeddable":true,"href":"https:\/\/www.moskito.cz\/de\/wp-json\/wp\/v2\/product_cat?post=350437"},{"taxonomy":"product_tag","embeddable":true,"href":"https:\/\/www.moskito.cz\/de\/wp-json\/wp\/v2\/product_tag?post=350437"}],"curies":[{"name":"wp","href":"https:\/\/api.w.org\/{rel}","templated":true}]}}