{"id":350488,"date":"2023-07-12T13:06:36","date_gmt":"2024-07-10T08:58:06","guid":{"rendered":"https:\/\/www.moskito.cz\/produkt\/feststehendes-messer-muela-crusader-13m-n\/"},"modified":"2025-05-07T11:20:21","modified_gmt":"2025-05-07T10:20:21","slug":"feststehendes-messer-muela-crusader-13m-n","status":"publish","type":"product","link":"https:\/\/www.moskito.cz\/de\/produkt\/feststehendes-messer-muela-crusader-13m-n\/","title":{"rendered":"Feststehendes Messer Muela CRUSADER-13M.N"},"content":{"rendered":"<p>Feststehendes Messer <strong>Muela<\/strong> CRUSADER-13M.N<\/p>\n<p>CRUSADER-13M.N, ein gro\u00dfes, langlebiges Messer f\u00fcr Outdoor- und Survival-Enthusiasten. Das perfekt ausbalancierte Full-Tang-Design mit Edelstahlklinge sorgt f\u00fcr eine hervorragende Schneidleistung. Ein Werkzeug, das sich in den unterschiedlichsten Anwendungen bew\u00e4hren wird!<br \/>\nStahl<\/p>\n<p>1.4116, X50CrMoV15 \u2013 Molybd\u00e4n-Vanadium-Stahl, der f\u00fcr hochwertige Messer, Besteck und chirurgische Instrumente verwendet wird. Es zeichnet sich durch eine relativ hohe H\u00e4rte wie bei rostfreien St\u00e4hlen aus. Best\u00e4ndig gegen Korrosion unter K\u00fcchenbedingungen. Es ist eine empfohlene Alternative zu 1.4034 \/ X46Cr13 \/ 4H13. Die chemische Zusammensetzung ist durch Chromgehalt, Zus\u00e4tze von Molybd\u00e4n und Vanadium angereichert.<br \/>\nKlinge<\/p>\n<p>Extrem scharfe Drop-Point-Form, ideal f\u00fcr alle Arten von Feldarbeiten. Die schwarze PTFE-Beschichtung der Klinge verhindert Blendung. Die glatte Klinge ist hohlgeschliffen f\u00fcr geringeres Gewicht und hervorragende Schneidleistung. Eine gro\u00dfe Kerbe erleichtert das Fokussieren. Die R\u00fcckseite der Klinge verf\u00fcgt \u00fcber eine ger\u00e4ndelte Fingerrampe (Jimping) f\u00fcr eine bessere Messerkontrolle.<br \/>\nHandhaben<\/p>\n<p>Hergestellt aus schwarzem Micarta (komprimierte Leinwand mit Kunstharz). Abgeschr\u00e4gte Kanten der Abdeckungen verhindern scharfe Kanten und sorgen f\u00fcr einen bequemen Halt. Die Abdeckungen wurden direkt mit dem Joch verschraubt, was die Gesamtkonstruktion sehr steif und langlebig machte. Der geformte Griff sorgt f\u00fcr eine gute Kontrolle des Messers. Auf der R\u00fcckseite befindet sich ein Loch f\u00fcr ein Schl\u00fcsselband, eine \u00d6ffnung f\u00fcr ein Sicherheits- oder Dekoband.<br \/>\nScheide<\/p>\n<p>Handgen\u00e4ht, aus Naturleder in Schwarz mit gepr\u00e4gtem Herstellerlogo. Die Montage erfolgt am G\u00fcrtel oder an einer Vorrichtung, die das Tragen des Messers in vertikaler oder horizontaler Position erm\u00f6glicht.<\/p>\n<p>Die Muela-Gruppe ist heute eines der f\u00fchrenden Unternehmen im Bereich handgefertigter Jagdmesser in Spanien und weltweit und ihre Messer und Taschenmesser genie\u00dfen hohes Ansehen f\u00fcr ihre hervorragende Verarbeitungsqualit\u00e4t.<br \/>\nTechnische Daten:<\/p>\n<p>Produktnummer: CRUSADER-13M.N<br \/>\nProduktname: CRUSADER-13M.N Full Tang Micarta Schwarz 130 mm<\/p>\n<p>Gesamtl\u00e4nge: 25 cm<br \/>\nKlingenl\u00e4nge: 12,5 cm<br \/>\nGriffl\u00e4nge: 12,5 cm<br \/>\nGewicht: 293,0 g<\/p>\n<p>Klingenmaterial: X50CrMoV15<br \/>\nKlingenh\u00e4rte: n.d<br \/>\nKlingenschliff: Hohl<br \/>\nKlingenoberfl\u00e4chenbehandlung: PTFE-Beschichtung<\/p>\n<p>Griffmaterial: Micarta<br \/>\nGrifffarbe: Schwarz<\/p>\n<p>Scheide (Holster): Leder<br \/>\nWeiteres Zubeh\u00f6r: Orangefarbenes Paracord<\/p>\n<p>Designer: Muela<br \/>\nMarkenname: Muela<br \/>\nHersteller: Muela, Spanien<br \/>\nHerkunftsland: Spanien<\/p>\n<p>&nbsp;<\/p>\n","protected":false},"excerpt":{"rendered":"<p><strong>CRUSADER-13M.N, ein gro\u00dfes, langlebiges Messer f\u00fcr Outdoor- und Survival-Enthusiasten.<\/strong><\/p>\n","protected":false},"featured_media":350489,"comment_status":"open","ping_status":"closed","template":"","meta":[],"pwb-brand":[3914],"product_brand":[],"product_cat":[3285,3287],"product_tag":[3669],"class_list":{"0":"post-350488","1":"product","2":"type-product","3":"status-publish","4":"has-post-thumbnail","6":"pwb-brand-sie-musste","7":"product_cat-messer","8":"product_cat-solide-messer","9":"product_tag-b2b-de","11":"first","12":"instock","13":"taxable","14":"shipping-taxable","15":"purchasable","16":"product-type-simple"},"brands":[{"id":3914,"name":"Sie musste","slug":"sie-musste"}],"_links":{"self":[{"href":"https:\/\/www.moskito.cz\/de\/wp-json\/wp\/v2\/product\/350488","targetHints":{"allow":["GET"]}}],"collection":[{"href":"https:\/\/www.moskito.cz\/de\/wp-json\/wp\/v2\/product"}],"about":[{"href":"https:\/\/www.moskito.cz\/de\/wp-json\/wp\/v2\/types\/product"}],"replies":[{"embeddable":true,"href":"https:\/\/www.moskito.cz\/de\/wp-json\/wp\/v2\/comments?post=350488"}],"wp:featuredmedia":[{"embeddable":true,"href":"https:\/\/www.moskito.cz\/de\/wp-json\/wp\/v2\/media\/350489"}],"wp:attachment":[{"href":"https:\/\/www.moskito.cz\/de\/wp-json\/wp\/v2\/media?parent=350488"}],"wp:term":[{"taxonomy":"pwb-brand","embeddable":true,"href":"https:\/\/www.moskito.cz\/de\/wp-json\/wp\/v2\/pwb-brand?post=350488"},{"taxonomy":"product_brand","embeddable":true,"href":"https:\/\/www.moskito.cz\/de\/wp-json\/wp\/v2\/product_brand?post=350488"},{"taxonomy":"product_cat","embeddable":true,"href":"https:\/\/www.moskito.cz\/de\/wp-json\/wp\/v2\/product_cat?post=350488"},{"taxonomy":"product_tag","embeddable":true,"href":"https:\/\/www.moskito.cz\/de\/wp-json\/wp\/v2\/product_tag?post=350488"}],"curies":[{"name":"wp","href":"https:\/\/api.w.org\/{rel}","templated":true}]}}