{"id":350512,"date":"2023-07-13T10:20:41","date_gmt":"2023-07-13T09:20:41","guid":{"rendered":"https:\/\/www.moskito.cz\/produkt\/feststehendes-messer-muela-5161-m\/"},"modified":"2025-05-07T11:20:22","modified_gmt":"2025-05-07T10:20:22","slug":"feststehendes-messer-muela-5161-m","status":"publish","type":"product","link":"https:\/\/www.moskito.cz\/de\/produkt\/feststehendes-messer-muela-5161-m\/","title":{"rendered":"Feststehendes Messer Muela 5161-M"},"content":{"rendered":"<p>Feststehendes Messer <strong>Muela<\/strong> 5161-M<\/p>\n<p>Sportmesser Muela 5161-M. Muela ist eine weltbekannte spanische Marke und gilt als eine der bekanntesten. Alle Messer werden nach technologisch fortschrittlichen Konzepten entworfen und hergestellt, die die Verwendung von Rohstoffen au\u00dfergew\u00f6hnlicher Qualit\u00e4t kombinieren, vom Stahl der Klinge bis zur Endbearbeitung. Sie gelten als Spitzenprodukte und werden im exklusiven Design renommierter Messer hergestellt, was zu einer sch\u00f6nen \u00c4sthetik und hervorragender Funktionalit\u00e4t f\u00fchrt. Ein sehr wichtiges Detail ist, dass alle Teile, obwohl sie im industriellen Ma\u00dfstab hergestellt werden, von Hand gefertigt werden und dabei nur das erforderliche Minimum an Industriewerkzeugen zum Einsatz kommt. Eine perfekte Wahl f\u00fcr Sammler, Messerliebhaber oder einfache Benutzer, die hochwertige Werkzeuge suchen.<\/p>\n<p>Technische Spezifikationen:<\/p>\n<p>Modell: 5161-M<\/p>\n<p>Stahlsorte: 420H<\/p>\n<p>H\u00e4rte: 57-58 HRC<\/p>\n<p>Schwarzes Lederetui<\/p>\n<p>Griff: Korallengepresstes Holz<\/p>\n<p>Klingenl\u00e4nge: 15,6 cm<\/p>\n<p>Gesamtl\u00e4nge: 27,5 cm<\/p>\n<p>Gesamtgewicht: 0,360 g<\/p>\n<p>&nbsp;<\/p>\n","protected":false},"excerpt":{"rendered":"<p><strong>Sportmesser Muela 5161-M. Muela ist eine weltbekannte spanische Marke und gilt als eine der bekanntesten.<\/strong><\/p>\n","protected":false},"featured_media":350513,"comment_status":"open","ping_status":"closed","template":"","meta":[],"pwb-brand":[3914],"product_brand":[],"product_cat":[3287,3285],"product_tag":[3669],"class_list":{"0":"post-350512","1":"product","2":"type-product","3":"status-publish","4":"has-post-thumbnail","6":"pwb-brand-sie-musste","7":"product_cat-solide-messer","8":"product_cat-messer","9":"product_tag-b2b-de","11":"first","12":"instock","13":"taxable","14":"shipping-taxable","15":"purchasable","16":"product-type-simple"},"brands":[{"id":3914,"name":"Sie musste","slug":"sie-musste"}],"_links":{"self":[{"href":"https:\/\/www.moskito.cz\/de\/wp-json\/wp\/v2\/product\/350512","targetHints":{"allow":["GET"]}}],"collection":[{"href":"https:\/\/www.moskito.cz\/de\/wp-json\/wp\/v2\/product"}],"about":[{"href":"https:\/\/www.moskito.cz\/de\/wp-json\/wp\/v2\/types\/product"}],"replies":[{"embeddable":true,"href":"https:\/\/www.moskito.cz\/de\/wp-json\/wp\/v2\/comments?post=350512"}],"wp:featuredmedia":[{"embeddable":true,"href":"https:\/\/www.moskito.cz\/de\/wp-json\/wp\/v2\/media\/350513"}],"wp:attachment":[{"href":"https:\/\/www.moskito.cz\/de\/wp-json\/wp\/v2\/media?parent=350512"}],"wp:term":[{"taxonomy":"pwb-brand","embeddable":true,"href":"https:\/\/www.moskito.cz\/de\/wp-json\/wp\/v2\/pwb-brand?post=350512"},{"taxonomy":"product_brand","embeddable":true,"href":"https:\/\/www.moskito.cz\/de\/wp-json\/wp\/v2\/product_brand?post=350512"},{"taxonomy":"product_cat","embeddable":true,"href":"https:\/\/www.moskito.cz\/de\/wp-json\/wp\/v2\/product_cat?post=350512"},{"taxonomy":"product_tag","embeddable":true,"href":"https:\/\/www.moskito.cz\/de\/wp-json\/wp\/v2\/product_tag?post=350512"}],"curies":[{"name":"wp","href":"https:\/\/api.w.org\/{rel}","templated":true}]}}