{"id":350563,"date":"2024-07-10T11:54:44","date_gmt":"2024-07-10T10:54:44","guid":{"rendered":"https:\/\/www.moskito.cz\/produkt\/feststehendes-messer-muela-ranger-14-ol\/"},"modified":"2025-05-07T11:20:24","modified_gmt":"2025-05-07T10:20:24","slug":"feststehendes-messer-muela-ranger-14-ol","status":"publish","type":"product","link":"https:\/\/www.moskito.cz\/de\/produkt\/feststehendes-messer-muela-ranger-14-ol\/","title":{"rendered":"Feststehendes Messer Muela RANGER-14.OL"},"content":{"rendered":"<p>Feststehendes Messer <strong>Muela<\/strong> RANGER-14.OL<\/p>\n<p>Der Griff besteht aus nat\u00fcrlichem Olivenholz und ist mit einer Messingabdeckung versehen, um die Sicherheit zu erh\u00f6hen und das Risiko zu vermeiden, dass die Handfl\u00e4che w\u00e4hrend des Gebrauchs in Richtung Klinge rutscht. Das Messer wird zusammen mit einem sch\u00fctzenden Lederetui geliefert, das \u00fcber ein Verschlusssystem mit Schnalle und G\u00fcrtelbefestigung verf\u00fcgt. Das Messer wird in Spanien hergestellt und hat eine Gesamtl\u00e4nge von 27 cm.<\/p>\n<p>Eigenschaften:<\/p>\n<p>Messerl\u00e4nge: 27 cm;<br \/>\nKlingenl\u00e4nge: 14,5 cm;<br \/>\nKlingenmaterial: Edelstahl;<br \/>\nMessingabdeckung;<br \/>\nGriff: Olivenholz;<br \/>\nLederetui;<br \/>\nHergestellt in Spanien.<\/p>\n<p>&nbsp;<\/p>\n<p>&nbsp;<\/p>\n","protected":false},"excerpt":{"rendered":"<p><strong>Muela-Messer werden von einem spanischen Unternehmen hergestellt, das erschwingliche und hochwertige Jagdmesser, Klappmesser, Luxusmesser und viele andere herstellt.<\/strong><\/p>\n","protected":false},"featured_media":350544,"comment_status":"open","ping_status":"closed","template":"","meta":[],"pwb-brand":[3914],"product_brand":[],"product_cat":[3287,3285],"product_tag":[3669],"class_list":{"0":"post-350563","1":"product","2":"type-product","3":"status-publish","4":"has-post-thumbnail","6":"pwb-brand-sie-musste","7":"product_cat-solide-messer","8":"product_cat-messer","9":"product_tag-b2b-de","11":"first","12":"instock","13":"taxable","14":"shipping-taxable","15":"purchasable","16":"product-type-simple"},"brands":[{"id":3914,"name":"Sie musste","slug":"sie-musste"}],"_links":{"self":[{"href":"https:\/\/www.moskito.cz\/de\/wp-json\/wp\/v2\/product\/350563","targetHints":{"allow":["GET"]}}],"collection":[{"href":"https:\/\/www.moskito.cz\/de\/wp-json\/wp\/v2\/product"}],"about":[{"href":"https:\/\/www.moskito.cz\/de\/wp-json\/wp\/v2\/types\/product"}],"replies":[{"embeddable":true,"href":"https:\/\/www.moskito.cz\/de\/wp-json\/wp\/v2\/comments?post=350563"}],"wp:featuredmedia":[{"embeddable":true,"href":"https:\/\/www.moskito.cz\/de\/wp-json\/wp\/v2\/media\/350544"}],"wp:attachment":[{"href":"https:\/\/www.moskito.cz\/de\/wp-json\/wp\/v2\/media?parent=350563"}],"wp:term":[{"taxonomy":"pwb-brand","embeddable":true,"href":"https:\/\/www.moskito.cz\/de\/wp-json\/wp\/v2\/pwb-brand?post=350563"},{"taxonomy":"product_brand","embeddable":true,"href":"https:\/\/www.moskito.cz\/de\/wp-json\/wp\/v2\/product_brand?post=350563"},{"taxonomy":"product_cat","embeddable":true,"href":"https:\/\/www.moskito.cz\/de\/wp-json\/wp\/v2\/product_cat?post=350563"},{"taxonomy":"product_tag","embeddable":true,"href":"https:\/\/www.moskito.cz\/de\/wp-json\/wp\/v2\/product_tag?post=350563"}],"curies":[{"name":"wp","href":"https:\/\/api.w.org\/{rel}","templated":true}]}}