{"id":350588,"date":"2023-07-13T15:30:58","date_gmt":"2024-07-10T10:59:09","guid":{"rendered":"https:\/\/www.moskito.cz\/produkt\/feststehendes-messer-muela-21733-g\/"},"modified":"2025-05-07T11:20:25","modified_gmt":"2025-05-07T10:20:25","slug":"feststehendes-messer-muela-21733-g","status":"publish","type":"product","link":"https:\/\/www.moskito.cz\/de\/produkt\/feststehendes-messer-muela-21733-g\/","title":{"rendered":"Feststehendes Messer Muela 21733-G"},"content":{"rendered":"<p>Feststehendes Messer <strong>Muela<\/strong> 21733-G<\/p>\n<p>21733-G \u2013 ein solides, universelles taktisches Messer mit feststehender Klinge, hergestellt von der spanischen Firma Muela, jetzt in tollem Design! Hergestellt aus Molybd\u00e4n-Vanadium-Stahl (MoVa). Gebaut f\u00fcr jeden Job unter allen Bedingungen, sogar unter extremen Bedingungen.<\/p>\n<p>Klinge \u2013 massives Messer mit Bowie-Profil, St\u00e4rke 3,9 Millimeter. Die Klinge ist mit einer nicht reflektierenden Satin-Finish-Schicht (halbmatt) \u00fcberzogen, die Blendungen verhindert. Hergestellt aus geh\u00e4rtetem Edelstahl im Bereich von 57\u201358 HRC (X50CrMoV15). Glatte Klinge (einfacher Typ). Stahl auf beiden Seiten der Klinge sch\u00fctzt die Hand vor dem Abrutschen beim Arbeiten.<\/p>\n<p>Griff &#8211; profiliert aus strukturiertem Kunststoff-Elastomer in Schwarz. Das Messer rutscht nicht aus der Hand. Ein starker und zuverl\u00e4ssiger Griff erm\u00f6glicht pr\u00e4zise Bewegungen trotz der geringen Abmessungen. Auf der R\u00fcckseite des Griffs befindet sich eine \u00d6ffnung f\u00fcr das Seil.<\/p>\n<p>Der Koffer garantiert einen sicheren Transport des Messers. Hergestellt aus nat\u00fcrlichem, schwarzem Leder mit gepr\u00e4gtem Muela Company-Logo. Die Scheide wurde an den R\u00e4ndern mit Ziergarn vern\u00e4ht. Die Scheide verf\u00fcgt \u00fcber eine G\u00fcrtelbefestigung zum Tragen des Messers in vertikaler Position.<\/p>\n<p>Technische Spezifikationen:<br \/>\nProduktnummer: 21733G<br \/>\nStahlsorte: X50CrMoV15<br \/>\nKlingenl\u00e4nge: 16,5 cm<br \/>\nKlingenst\u00e4rke: 0,39 cm<br \/>\nGesamtl\u00e4nge: 28 cm<br \/>\nGewicht: 282 g<br \/>\nKantenart: Glatt<br \/>\nKlingentyp: Bowie<br \/>\nSchnittart: Konkav<br \/>\nGriffmaterial: Thermorun<br \/>\nScheide: Leder<br \/>\nHersteller: Muela, Spanien<\/p>\n<p>&nbsp;<\/p>\n","protected":false},"excerpt":{"rendered":"<p><strong>21733-G \u2013 ein solides, universelles taktisches Messer mit feststehender Klinge, hergestellt von der spanischen Firma Muela, jetzt in tollem Design!<\/strong><\/p>\n","protected":false},"featured_media":350589,"comment_status":"open","ping_status":"closed","template":"","meta":[],"pwb-brand":[3914],"product_brand":[],"product_cat":[3287,3285],"product_tag":[3669],"class_list":{"0":"post-350588","1":"product","2":"type-product","3":"status-publish","4":"has-post-thumbnail","6":"pwb-brand-sie-musste","7":"product_cat-solide-messer","8":"product_cat-messer","9":"product_tag-b2b-de","11":"first","12":"instock","13":"taxable","14":"shipping-taxable","15":"purchasable","16":"product-type-simple"},"brands":[{"id":3914,"name":"Sie musste","slug":"sie-musste"}],"_links":{"self":[{"href":"https:\/\/www.moskito.cz\/de\/wp-json\/wp\/v2\/product\/350588","targetHints":{"allow":["GET"]}}],"collection":[{"href":"https:\/\/www.moskito.cz\/de\/wp-json\/wp\/v2\/product"}],"about":[{"href":"https:\/\/www.moskito.cz\/de\/wp-json\/wp\/v2\/types\/product"}],"replies":[{"embeddable":true,"href":"https:\/\/www.moskito.cz\/de\/wp-json\/wp\/v2\/comments?post=350588"}],"wp:featuredmedia":[{"embeddable":true,"href":"https:\/\/www.moskito.cz\/de\/wp-json\/wp\/v2\/media\/350589"}],"wp:attachment":[{"href":"https:\/\/www.moskito.cz\/de\/wp-json\/wp\/v2\/media?parent=350588"}],"wp:term":[{"taxonomy":"pwb-brand","embeddable":true,"href":"https:\/\/www.moskito.cz\/de\/wp-json\/wp\/v2\/pwb-brand?post=350588"},{"taxonomy":"product_brand","embeddable":true,"href":"https:\/\/www.moskito.cz\/de\/wp-json\/wp\/v2\/product_brand?post=350588"},{"taxonomy":"product_cat","embeddable":true,"href":"https:\/\/www.moskito.cz\/de\/wp-json\/wp\/v2\/product_cat?post=350588"},{"taxonomy":"product_tag","embeddable":true,"href":"https:\/\/www.moskito.cz\/de\/wp-json\/wp\/v2\/product_tag?post=350588"}],"curies":[{"name":"wp","href":"https:\/\/api.w.org\/{rel}","templated":true}]}}