{"id":350624,"date":"2024-07-10T12:39:56","date_gmt":"2024-07-10T11:51:32","guid":{"rendered":"https:\/\/www.moskito.cz\/produkt\/feststehendes-messer-muela-predator-14n\/"},"modified":"2025-05-07T11:20:27","modified_gmt":"2025-05-07T10:20:27","slug":"feststehendes-messer-muela-predator-14n","status":"publish","type":"product","link":"https:\/\/www.moskito.cz\/de\/produkt\/feststehendes-messer-muela-predator-14n\/","title":{"rendered":"Feststehendes Messer Muela PREDATOR-14N"},"content":{"rendered":"<p>Feststehendes Messer <strong>Muela<\/strong> PREDATOR-14N<\/p>\n<p>Taktisches Full-Tang-Messer mit schwarzem Micarta-CNC-Griff und PTFE-Gleitbeschichtung auf der Klinge. Kordelzug am Griff.<\/p>\n<p>Dieses Messer best\u00e4tigt seine alte Geschichte und ist auch heute noch eine unsch\u00e4tzbare Hilfe f\u00fcr alle Soldaten auf der ganzen Welt, nicht nur in vielerlei Hinsicht als Werkzeug, sondern nat\u00fcrlich auch wegen seines unsch\u00e4tzbaren Wertes als Verteidigungselement.<\/p>\n<p>Sie werden auch von Tausenden taktischen Einsatzkr\u00e4ften der Polizei auf der ganzen Welt in ihre fortschrittliche und moderne Ausr\u00fcstung integriert.<br \/>\nZu diesem Zweck verf\u00fcgt Muela auch \u00fcber eine gro\u00dfe Auswahl an Modellen, die ergonomisches Klingen- und Griffdesign, modernste und unver\u00e4nderliche Materialien und sogar spezielle Oberfl\u00e4chenbehandlungen kombinieren, um ein sicheres, langlebiges und \u00e4u\u00dferst zuverl\u00e4ssiges Messer zu bieten. in allen Situationen.<\/p>\n<p>Messer mit teflonbeschichteter Klinge 140 mm.<\/p>\n<p>Eigenschaften:<\/p>\n<p>Stahl: X50CrMoV15 (MOVA)<br \/>\nStahlh\u00e4rte: 57-58 HRC<br \/>\nKlingenform: Lang<br \/>\nGriffe: Schwarzes CNC-Micarta<br \/>\nScheide: Schwarzes Lederetui im \u200b\u200bLieferumfang enthalten<br \/>\nMit einer S\u00e4ge auf dem R\u00fccken<br \/>\nAnti-Reibungs-PTFE-beschichtete Klinge<br \/>\nMesserkonstruktion: Vollerl<br \/>\nKlingenl\u00e4nge: 14 cm (5 1\/2&#8243;).<br \/>\nGriffl\u00e4nge: 12,5 cm (5 1\/2&#8243;)<br \/>\nGesamtl\u00e4nge: 23,5 m (235 mm)<br \/>\nGewicht: 235 gr<br \/>\nHergestellt in Spanien<\/p>\n<p>&nbsp;<\/p>\n<p>&nbsp;<\/p>\n","protected":false},"excerpt":{"rendered":"<p><strong>Dieses Messer best\u00e4tigt seine alte Geschichte und ist auch heute noch eine unsch\u00e4tzbare Hilfe f\u00fcr alle Soldaten auf der ganzen Welt, nicht nur in vielerlei Hinsicht als Werkzeug, sondern nat\u00fcrlich auch wegen seines unsch\u00e4tzbaren Wertes als Verteidigungselement.<\/strong><\/p>\n<p>&nbsp;<\/p>\n","protected":false},"featured_media":350599,"comment_status":"open","ping_status":"closed","template":"","meta":[],"pwb-brand":[3914],"product_brand":[],"product_cat":[3285,3287],"product_tag":[3669],"class_list":{"0":"post-350624","1":"product","2":"type-product","3":"status-publish","4":"has-post-thumbnail","6":"pwb-brand-sie-musste","7":"product_cat-messer","8":"product_cat-solide-messer","9":"product_tag-b2b-de","11":"first","12":"outofstock","13":"taxable","14":"shipping-taxable","15":"purchasable","16":"product-type-simple"},"brands":[{"id":3914,"name":"Sie musste","slug":"sie-musste"}],"_links":{"self":[{"href":"https:\/\/www.moskito.cz\/de\/wp-json\/wp\/v2\/product\/350624","targetHints":{"allow":["GET"]}}],"collection":[{"href":"https:\/\/www.moskito.cz\/de\/wp-json\/wp\/v2\/product"}],"about":[{"href":"https:\/\/www.moskito.cz\/de\/wp-json\/wp\/v2\/types\/product"}],"replies":[{"embeddable":true,"href":"https:\/\/www.moskito.cz\/de\/wp-json\/wp\/v2\/comments?post=350624"}],"wp:featuredmedia":[{"embeddable":true,"href":"https:\/\/www.moskito.cz\/de\/wp-json\/wp\/v2\/media\/350599"}],"wp:attachment":[{"href":"https:\/\/www.moskito.cz\/de\/wp-json\/wp\/v2\/media?parent=350624"}],"wp:term":[{"taxonomy":"pwb-brand","embeddable":true,"href":"https:\/\/www.moskito.cz\/de\/wp-json\/wp\/v2\/pwb-brand?post=350624"},{"taxonomy":"product_brand","embeddable":true,"href":"https:\/\/www.moskito.cz\/de\/wp-json\/wp\/v2\/product_brand?post=350624"},{"taxonomy":"product_cat","embeddable":true,"href":"https:\/\/www.moskito.cz\/de\/wp-json\/wp\/v2\/product_cat?post=350624"},{"taxonomy":"product_tag","embeddable":true,"href":"https:\/\/www.moskito.cz\/de\/wp-json\/wp\/v2\/product_tag?post=350624"}],"curies":[{"name":"wp","href":"https:\/\/api.w.org\/{rel}","templated":true}]}}