{"id":350650,"date":"2024-07-10T13:13:16","date_gmt":"2024-07-10T12:14:35","guid":{"rendered":"https:\/\/www.moskito.cz\/produkt\/feststehendes-messer-muela-predator-14w\/"},"modified":"2025-05-07T11:20:28","modified_gmt":"2025-05-07T10:20:28","slug":"feststehendes-messer-muela-predator-14w","status":"publish","type":"product","link":"https:\/\/www.moskito.cz\/de\/produkt\/feststehendes-messer-muela-predator-14w\/","title":{"rendered":"Feststehendes Messer Muela PREDATOR-14W"},"content":{"rendered":"<p>Feststehendes Messer <strong>Muela<\/strong> PREDATOR-14W<\/p>\n<p><strong>Das PREDATOR-14W<\/strong> ist ein Jagdmesser f\u00fcr Jagdbegeisterte und Menschen, die Wert auf aktives \u00dcberleben im Freien legen. Hergestellt von Muela in Ciudad de Real, Spanien. Es ist langlebig, robust und \u00fcbersteht alle Bedingungen unbeschadet. Muela-Messer, die sie in den 1950er Jahren in einem kleinen Raum herzustellen begann. Jahre 20 Jahrhundert aus der Familie Muela stammend, werden sie heute in mehr als 50 L\u00e4nder auf 5 Kontinenten exportiert. Muela, das \u00fcber eine j\u00e4hrliche Produktionskapazit\u00e4t von 350.000 Messern verf\u00fcgt, verkauft 70 % seiner Produktion im Ausland und den Rest f\u00fcr den Inlandsmarkt.<\/p>\n<p>Die Klinge besteht aus einer Kombination von Molybd\u00e4n und Vanadium, was zu einem handgeschmiedeten MoVa X50CrMoV15-Edelstahl mit einer Brinellh\u00e4rte von HB 55-57 RC f\u00fchrt, was ihr eine extrem hohe Korrosions- und Verschlei\u00dffestigkeit verleiht. Auf der Klinge ist das Modell des Messers und das Muela-Logo beschrieben, was von der Originalit\u00e4t und Qualit\u00e4t des Produkts zeugt. Der Griff des Messers besteht aus schwarzem Ton, einem Material aus harzimpr\u00e4gniertem synthetischem Segeltuch, das hohem Druck und hoher Temperatur ausgesetzt wird, wodurch ein hartes, dichtes und haltbares Material f\u00fcr extreme Beanspruchung entsteht. Im vorderen Teil des Griffs neben der Klinge befindet sich eine Schutzh\u00fclle mit der Aufgabe, die Hand zu sch\u00fctzen, damit diese beim Gebrauch nicht in Richtung Klinge rutscht, und im hinteren Teil befindet sich eine \u00d6ffnung, in der sich die Paracord-Schnur befindet verstrickt. montiert. Der Griff hat eine ergonomische Form, sodass er auch bei nassen H\u00e4nden gut in der Hand liegt.<\/p>\n<p>Das Messer wird in einem Karton zusammen mit einer schwarzen Schutzh\u00fclle aus handgefertigtem Naturleder von \u201eQuercur Leathercraft\u201c, einem Echtheitszertifikat und einer Garantiekarte geliefert. Die Scheide verf\u00fcgt \u00fcber ein Clip-Verschlusssystem und ist mit dem Muela-Logo eingraviert. Kann am G\u00fcrtel befestigt werden. Alle Muela-Messer durchlaufen die H\u00e4nde erfahrener Messermachermeister, die jedes St\u00fcck mit einem hohen Ma\u00df an Qualit\u00e4tskontrolle fertigen, sch\u00e4rfen, polieren und pr\u00fcfen.<\/p>\n<p>Funktion:<\/p>\n<p>Klingenl\u00e4nge: 14 cm;<br \/>\nKlingenst\u00e4rke: 0,4 cm;<br \/>\nGriffl\u00e4nge: 12,5 cm;<br \/>\nGesamtl\u00e4nge: 26,5 cm;<br \/>\nKlingenmaterial: Edelstahl MoVa X50CrMoV15;<br \/>\nGriff: schwarzes Uhrwerk;<br \/>\nGrifffarbe: Schwarz;<br \/>\nGewicht: 255g<\/p>\n<p>&nbsp;<\/p>\n<p>&nbsp;<\/p>\n<p>&nbsp;<\/p>\n","protected":false},"excerpt":{"rendered":"<p><strong>Das PREDATOR-14W ist ein Jagdmesser f\u00fcr Jagdbegeisterte und Menschen, die Wert auf aktives \u00dcberleben im Freien legen. Hergestellt von Muela in Ciudad de Real, Spanien. Es ist langlebig, robust und \u00fcbersteht alle Bedingungen unbeschadet.<\/strong><\/p>\n","protected":false},"featured_media":350639,"comment_status":"open","ping_status":"closed","template":"","meta":[],"pwb-brand":[3914],"product_brand":[],"product_cat":[3303,3285],"product_tag":[3669],"class_list":{"0":"post-350650","1":"product","2":"type-product","3":"status-publish","4":"has-post-thumbnail","6":"pwb-brand-sie-musste","7":"product_cat-schliesmesser","8":"product_cat-messer","9":"product_tag-b2b-de","11":"first","12":"instock","13":"taxable","14":"shipping-taxable","15":"purchasable","16":"product-type-simple"},"brands":[{"id":3914,"name":"Sie musste","slug":"sie-musste"}],"_links":{"self":[{"href":"https:\/\/www.moskito.cz\/de\/wp-json\/wp\/v2\/product\/350650","targetHints":{"allow":["GET"]}}],"collection":[{"href":"https:\/\/www.moskito.cz\/de\/wp-json\/wp\/v2\/product"}],"about":[{"href":"https:\/\/www.moskito.cz\/de\/wp-json\/wp\/v2\/types\/product"}],"replies":[{"embeddable":true,"href":"https:\/\/www.moskito.cz\/de\/wp-json\/wp\/v2\/comments?post=350650"}],"wp:featuredmedia":[{"embeddable":true,"href":"https:\/\/www.moskito.cz\/de\/wp-json\/wp\/v2\/media\/350639"}],"wp:attachment":[{"href":"https:\/\/www.moskito.cz\/de\/wp-json\/wp\/v2\/media?parent=350650"}],"wp:term":[{"taxonomy":"pwb-brand","embeddable":true,"href":"https:\/\/www.moskito.cz\/de\/wp-json\/wp\/v2\/pwb-brand?post=350650"},{"taxonomy":"product_brand","embeddable":true,"href":"https:\/\/www.moskito.cz\/de\/wp-json\/wp\/v2\/product_brand?post=350650"},{"taxonomy":"product_cat","embeddable":true,"href":"https:\/\/www.moskito.cz\/de\/wp-json\/wp\/v2\/product_cat?post=350650"},{"taxonomy":"product_tag","embeddable":true,"href":"https:\/\/www.moskito.cz\/de\/wp-json\/wp\/v2\/product_tag?post=350650"}],"curies":[{"name":"wp","href":"https:\/\/api.w.org\/{rel}","templated":true}]}}