{"id":350669,"date":"2023-07-14T10:50:36","date_gmt":"2023-07-14T09:50:36","guid":{"rendered":"https:\/\/www.moskito.cz\/produkt\/feststehendes-messer-muela-85-161\/"},"modified":"2025-05-07T11:20:29","modified_gmt":"2025-05-07T10:20:29","slug":"feststehendes-messer-muela-85-161","status":"publish","type":"product","link":"https:\/\/www.moskito.cz\/de\/produkt\/feststehendes-messer-muela-85-161\/","title":{"rendered":"Feststehendes Messer Muela 85-161"},"content":{"rendered":"<p>Feststehendes Messer <strong>Muela<\/strong> 85-161<\/p>\n<p>85-161 mittelgro\u00dfes Messer mit feststehender Klinge der spanischen Firma Muela. Ein ausgezeichnetes taktisches Messer leistet gute Dienste bei einem Ausflug au\u00dferhalb der Stadt, beim Camping, als \u00dcberlebens- oder Jagdmesser. Die solide Klinge h\u00e4lt jeder Arbeit unter allen Bedingungen ohne Besch\u00e4digung stand.<\/p>\n<p>Klinge \u2013 St\u00e4rke 3,7 mm mit Drop-Point-Profil, mit gewellter Kante (Recurve), bietet hervorragende Schneideigenschaften. Wird in guten taktischen Messern und Jagdmessern verwendet. Die Klinge besteht aus korrosionsbest\u00e4ndigem, langlebigem Edelstahl 420H mit erh\u00f6htem Kohlenstoffgehalt und hoher Schlagfestigkeit, geh\u00e4rtet im Bereich von 54\u201358 HRC. Beschichtet mit einer Antireflex-Satin-Finish-Schicht (halbmatt), die Blendungen verhindert. Die glatte Klinge mit Hohlschliff sorgt f\u00fcr gute Schneideigenschaften. Ein doppelseitiger Parierschutz an der Klingenbasis verhindert ein Abrutschen der Hand auf die Klinge.<\/p>\n<p>Griff \u2013 ger\u00e4ndelte schwarze Elastomerbeschichtung, abgerundet mit einem Stahlkopf. Der weiche Gummigriff liegt gut in der Hand, das Messer rutscht auch mit nassen H\u00e4nden nicht ab. Ein starker und fester Griff erm\u00f6glicht pr\u00e4zise Bewegungen mit dem Messer.<\/p>\n<p>Etui &#8211; aus Naturleder, schwarz. Die Befestigung mit einem Riegel erm\u00f6glicht ein sicheres Tragen des Messers. Die R\u00e4nder der Scheide wurden mit Ziergarn vern\u00e4ht. Auf der Vorderseite ist das Logo des Herstellers eingepr\u00e4gt. Die Scheide wird an einem G\u00fcrtel oder Accessoire befestigt, sodass das Messer in vertikaler Position getragen werden kann.<\/p>\n<p>Technische Daten:<br \/>\nProduktnummer: 85-161<br \/>\nStahlsorte: 420H<br \/>\nKlingenl\u00e4nge: 16 cm<br \/>\nKlingenst\u00e4rke: 0,37 cm<br \/>\nGesamtl\u00e4nge: 26,8 cm<br \/>\nGewicht: 277 g<br \/>\nKlinge: Gew\u00f6hnlich<br \/>\nKlingentyp: Drop Point<br \/>\nSchnittart: Konkav<br \/>\nGrifftyp: Thermorun<br \/>\nScheide: Leder<br \/>\nHersteller: Muela, Spanien<\/p>\n<p>&nbsp;<\/p>\n","protected":false},"excerpt":{"rendered":"<p><strong>85-161 mittelgro\u00dfes Messer mit feststehender Klinge der spanischen Firma Muela. Ein ausgezeichnetes taktisches Messer leistet gute Dienste bei einem Ausflug au\u00dferhalb der Stadt, beim Camping, als \u00dcberlebens- oder Jagdmesser.<\/strong><\/p>\n","protected":false},"featured_media":350670,"comment_status":"open","ping_status":"closed","template":"","meta":[],"pwb-brand":[3914],"product_brand":[],"product_cat":[3287,3285],"product_tag":[3669],"class_list":{"0":"post-350669","1":"product","2":"type-product","3":"status-publish","4":"has-post-thumbnail","6":"pwb-brand-sie-musste","7":"product_cat-solide-messer","8":"product_cat-messer","9":"product_tag-b2b-de","11":"first","12":"instock","13":"taxable","14":"shipping-taxable","15":"purchasable","16":"product-type-simple"},"brands":[{"id":3914,"name":"Sie musste","slug":"sie-musste"}],"_links":{"self":[{"href":"https:\/\/www.moskito.cz\/de\/wp-json\/wp\/v2\/product\/350669","targetHints":{"allow":["GET"]}}],"collection":[{"href":"https:\/\/www.moskito.cz\/de\/wp-json\/wp\/v2\/product"}],"about":[{"href":"https:\/\/www.moskito.cz\/de\/wp-json\/wp\/v2\/types\/product"}],"replies":[{"embeddable":true,"href":"https:\/\/www.moskito.cz\/de\/wp-json\/wp\/v2\/comments?post=350669"}],"wp:featuredmedia":[{"embeddable":true,"href":"https:\/\/www.moskito.cz\/de\/wp-json\/wp\/v2\/media\/350670"}],"wp:attachment":[{"href":"https:\/\/www.moskito.cz\/de\/wp-json\/wp\/v2\/media?parent=350669"}],"wp:term":[{"taxonomy":"pwb-brand","embeddable":true,"href":"https:\/\/www.moskito.cz\/de\/wp-json\/wp\/v2\/pwb-brand?post=350669"},{"taxonomy":"product_brand","embeddable":true,"href":"https:\/\/www.moskito.cz\/de\/wp-json\/wp\/v2\/product_brand?post=350669"},{"taxonomy":"product_cat","embeddable":true,"href":"https:\/\/www.moskito.cz\/de\/wp-json\/wp\/v2\/product_cat?post=350669"},{"taxonomy":"product_tag","embeddable":true,"href":"https:\/\/www.moskito.cz\/de\/wp-json\/wp\/v2\/product_tag?post=350669"}],"curies":[{"name":"wp","href":"https:\/\/api.w.org\/{rel}","templated":true}]}}