{"id":350673,"date":"2023-07-12T15:29:06","date_gmt":"2024-07-10T12:21:13","guid":{"rendered":"https:\/\/www.moskito.cz\/produkt\/feststehendes-messer-muela-bw-14\/"},"modified":"2025-05-07T11:20:30","modified_gmt":"2025-05-07T10:20:30","slug":"feststehendes-messer-muela-bw-14","status":"publish","type":"product","link":"https:\/\/www.moskito.cz\/de\/produkt\/feststehendes-messer-muela-bw-14\/","title":{"rendered":"Feststehendes Messer Muela BW-14"},"content":{"rendered":"<p>Feststehendes Messer <strong>Muela<\/strong> BW-14<\/p>\n<p>BW-14-Messer mit konstanter Klinge, hergestellt aus Molybd\u00e4n-Vanadium-Stahl (MoVa). Es ist ein ausgezeichnetes Jagdmesser und eignet sich hervorragend f\u00fcr \u00dcberlebensmissionen oder au\u00dferhalb der Stadt. Langlebig, sehr scharf, jeder Aufgabe gewachsen.<\/p>\n<p>Puukko \u2013 ein unverzichtbarer Bestandteil der Ausr\u00fcstung jedes Pfadfinders, der gerne von Touristen genutzt wird. Es verf\u00fcgt \u00fcber eine feststehende Klinge von ca. 130 mm L\u00e4nge und einen Griff aus Kunststoff oder Holz, der meist in einem Vorderschaft endet.<\/p>\n<p>Klinge &#8211; Bowie-Profil, St\u00e4rke 4,3 mm. Hergestellt aus geh\u00e4rtetem 57\u201358 HRC, langlebigem Molybd\u00e4n-Vanadium-Edelstahl X50CrMoV15. Die Klinge ist mit einer Antireflex-Satin-Finish-Schicht (halbmatt) \u00fcberzogen, die Reflexionen verhindert. Die glatte Klinge (Typ Plain) wurde mit einem konkaven Schliff (Hollow Grind) gefertigt. Der doppelseitige Handschutz aus Messing am Klingenr\u00fccken verhindert ein Abrutschen der Hand auf der Klinge und sorgt f\u00fcr einen festen Halt des Daumens.<\/p>\n<p>Griff \u2013 mit Messingkopf versehen. Profilierte braune Schichtholzplatten sorgen f\u00fcr sicheren Halt.<\/p>\n<p>Geh\u00e4use \u2013 braunes Leder mit gepr\u00e4gtem Firmenlogo. Die Scheide wird an einem G\u00fcrtel oder einer Halterung befestigt und erm\u00f6glicht so das Tragen in vertikaler Position.<\/p>\n<p>Technische Spezifikationen:<br \/>\nProduktnummer: BW-14<br \/>\nStahlsorte: X50CrMoV15<br \/>\nKlingenl\u00e4nge: 14 cm<br \/>\nKlingenst\u00e4rke: 0,43 cm<br \/>\nGesamtl\u00e4nge: 22,5 cm<br \/>\nGewicht: 225 g<br \/>\nKantenart: Glatt<br \/>\nKlingentyp: Bowie<br \/>\nSchnittart: Konkav<br \/>\nGriffmaterial: Pakkaholz (Korallen-Pakkaholz)<br \/>\nScheide: Leder<br \/>\nHersteller: Muela, Spanien<\/p>\n<p>&nbsp;<\/p>\n","protected":false},"excerpt":{"rendered":"<p><strong>Es ist ein ausgezeichnetes Jagdmesser und eignet sich gut f\u00fcr \u00dcberlebensmissionen oder au\u00dferhalb der Stadt. Langlebig, sehr scharf, jeder Aufgabe gewachsen.<\/strong><\/p>\n","protected":false},"featured_media":350675,"comment_status":"open","ping_status":"closed","template":"","meta":[],"pwb-brand":[3914],"product_brand":[],"product_cat":[3285,3287],"product_tag":[3669],"class_list":{"0":"post-350673","1":"product","2":"type-product","3":"status-publish","4":"has-post-thumbnail","6":"pwb-brand-sie-musste","7":"product_cat-messer","8":"product_cat-solide-messer","9":"product_tag-b2b-de","11":"first","12":"instock","13":"taxable","14":"shipping-taxable","15":"purchasable","16":"product-type-simple"},"brands":[{"id":3914,"name":"Sie musste","slug":"sie-musste"}],"_links":{"self":[{"href":"https:\/\/www.moskito.cz\/de\/wp-json\/wp\/v2\/product\/350673","targetHints":{"allow":["GET"]}}],"collection":[{"href":"https:\/\/www.moskito.cz\/de\/wp-json\/wp\/v2\/product"}],"about":[{"href":"https:\/\/www.moskito.cz\/de\/wp-json\/wp\/v2\/types\/product"}],"replies":[{"embeddable":true,"href":"https:\/\/www.moskito.cz\/de\/wp-json\/wp\/v2\/comments?post=350673"}],"wp:featuredmedia":[{"embeddable":true,"href":"https:\/\/www.moskito.cz\/de\/wp-json\/wp\/v2\/media\/350675"}],"wp:attachment":[{"href":"https:\/\/www.moskito.cz\/de\/wp-json\/wp\/v2\/media?parent=350673"}],"wp:term":[{"taxonomy":"pwb-brand","embeddable":true,"href":"https:\/\/www.moskito.cz\/de\/wp-json\/wp\/v2\/pwb-brand?post=350673"},{"taxonomy":"product_brand","embeddable":true,"href":"https:\/\/www.moskito.cz\/de\/wp-json\/wp\/v2\/product_brand?post=350673"},{"taxonomy":"product_cat","embeddable":true,"href":"https:\/\/www.moskito.cz\/de\/wp-json\/wp\/v2\/product_cat?post=350673"},{"taxonomy":"product_tag","embeddable":true,"href":"https:\/\/www.moskito.cz\/de\/wp-json\/wp\/v2\/product_tag?post=350673"}],"curies":[{"name":"wp","href":"https:\/\/api.w.org\/{rel}","templated":true}]}}