{"id":350721,"date":"2023-07-16T18:29:38","date_gmt":"2024-07-10T12:32:51","guid":{"rendered":"https:\/\/www.moskito.cz\/produkt\/feststehendes-messer-muela-55-16\/"},"modified":"2025-05-07T11:20:33","modified_gmt":"2025-05-07T10:20:33","slug":"feststehendes-messer-muela-55-16","status":"publish","type":"product","link":"https:\/\/www.moskito.cz\/de\/produkt\/feststehendes-messer-muela-55-16\/","title":{"rendered":"Feststehendes Messer Muela 55-16"},"content":{"rendered":"<p>Feststehendes Messer <strong>Muela<\/strong> 55-16<\/p>\n<p>55-16 \u2013 taktisches Messer mit feststehender Klinge der spanischen Firma Muela. Ideal f\u00fcr Ausfl\u00fcge au\u00dferhalb der Stadt, als Flossenmesser, Survivalmesser oder zur Jagd. Es eignet sich sowohl als taktisches Messer als auch als Jagdmesser. Die feststehende Klinge kann f\u00fcr alle Arten von Arbeiten und unter allen Bedingungen verwendet werden.<\/p>\n<p>Klinge \u2013 hergestellt mit einem Bowie-Profil, Dicke 3,5 Millimeter, hergestellt aus korrosionsbest\u00e4ndigem, langlebigem 420H-Edelstahl mit hohem Kohlenstoffgehalt und hoher Schlagfestigkeit, geh\u00e4rtet im Bereich von 54\u201358 HRC. Diese Klinge ist mit einer nicht reflektierenden Satin-Finish-Schicht (halbmatt) \u00fcberzogen, die Blendungen verhindert. Glatte Klinge (einfacher Typ), abgeleitete konkave Klinge (Hohlschliff) sorgen f\u00fcr gute Schneideigenschaften. Stahl auf beiden Seiten der Klinge sch\u00fctzt die Hand vor dem Abrutschen beim Arbeiten. An der Basis der Klinge wurde eine doppelseitige Klaue angebracht, um ein Abrutschen der Hand an der Klinge zu verhindern.<\/p>\n<p>Griff \u2013 geflochtener schwarzer Elastomerverschluss mit vergoldetem Stahlkopf. Der weiche Gummigriff liegt angenehm in der Hand, das Messer rutscht uns auch mit nassen H\u00e4nden nicht aus der Hand. Ein starker und zuverl\u00e4ssiger Griff erm\u00f6glicht pr\u00e4zise Bewegungen mit dem Messer. Auf der R\u00fcckseite des Griffs befindet sich eine \u00d6ffnung f\u00fcr das Seil.<\/p>\n<p>Das mit einem Druckknopf befestigte Etui in schwarzer Farbe erm\u00f6glicht den sicheren Transport des Messers. Aus Naturleder mit gepr\u00e4gtem Muela Company-Logo. Die Scheide wurde an den R\u00e4ndern mit Ziergarn vern\u00e4ht. Die Scheide verf\u00fcgt \u00fcber eine G\u00fcrtelbefestigung zum Tragen des Messers in vertikaler Position.<\/p>\n<p>Technische Spezifikationen:<br \/>\nProduktnummer: 55-16<br \/>\nStahlsorte: 420H<br \/>\nKlingenl\u00e4nge: 16 cm<br \/>\nKlingenst\u00e4rke: 0,35 cm<br \/>\nGesamtl\u00e4nge: 28,6 cm<br \/>\nGewicht: 228 g<br \/>\nKantenart: Glatt<br \/>\nKlingentyp: Bowie<br \/>\nGrifftyp: Thermorun<br \/>\nScheide: Leder<br \/>\nHersteller: Muela, Spanien<\/p>\n<p>Erstellt von: Sharg\u00ae Company \u2013 Direktimporteur<\/p>\n<p>&nbsp;<\/p>\n","protected":false},"excerpt":{"rendered":"<p><strong>55-16 &#8211; taktisches Messer mit feststehender Klinge der spanischen Firma Muela. Ideal f\u00fcr Ausfl\u00fcge au\u00dferhalb der Stadt, als Flossenmesser, Survivalmesser oder zur Jagd. Es eignet sich sowohl als taktisches Messer als auch als Jagdmesser.<\/strong><\/p>\n","protected":false},"featured_media":350722,"comment_status":"open","ping_status":"closed","template":"","meta":[],"pwb-brand":[3914],"product_brand":[],"product_cat":[3287,3285],"product_tag":[3669],"class_list":{"0":"post-350721","1":"product","2":"type-product","3":"status-publish","4":"has-post-thumbnail","6":"pwb-brand-sie-musste","7":"product_cat-solide-messer","8":"product_cat-messer","9":"product_tag-b2b-de","11":"first","12":"instock","13":"taxable","14":"shipping-taxable","15":"purchasable","16":"product-type-simple"},"brands":[{"id":3914,"name":"Sie musste","slug":"sie-musste"}],"_links":{"self":[{"href":"https:\/\/www.moskito.cz\/de\/wp-json\/wp\/v2\/product\/350721","targetHints":{"allow":["GET"]}}],"collection":[{"href":"https:\/\/www.moskito.cz\/de\/wp-json\/wp\/v2\/product"}],"about":[{"href":"https:\/\/www.moskito.cz\/de\/wp-json\/wp\/v2\/types\/product"}],"replies":[{"embeddable":true,"href":"https:\/\/www.moskito.cz\/de\/wp-json\/wp\/v2\/comments?post=350721"}],"wp:featuredmedia":[{"embeddable":true,"href":"https:\/\/www.moskito.cz\/de\/wp-json\/wp\/v2\/media\/350722"}],"wp:attachment":[{"href":"https:\/\/www.moskito.cz\/de\/wp-json\/wp\/v2\/media?parent=350721"}],"wp:term":[{"taxonomy":"pwb-brand","embeddable":true,"href":"https:\/\/www.moskito.cz\/de\/wp-json\/wp\/v2\/pwb-brand?post=350721"},{"taxonomy":"product_brand","embeddable":true,"href":"https:\/\/www.moskito.cz\/de\/wp-json\/wp\/v2\/product_brand?post=350721"},{"taxonomy":"product_cat","embeddable":true,"href":"https:\/\/www.moskito.cz\/de\/wp-json\/wp\/v2\/product_cat?post=350721"},{"taxonomy":"product_tag","embeddable":true,"href":"https:\/\/www.moskito.cz\/de\/wp-json\/wp\/v2\/product_tag?post=350721"}],"curies":[{"name":"wp","href":"https:\/\/api.w.org\/{rel}","templated":true}]}}