{"id":350770,"date":"2023-07-13T14:54:59","date_gmt":"2024-07-10T12:54:53","guid":{"rendered":"https:\/\/www.moskito.cz\/produkt\/feststehendes-messer-muela-hunter-17r\/"},"modified":"2025-05-07T11:20:35","modified_gmt":"2025-05-07T10:20:35","slug":"feststehendes-messer-muela-hunter-17r","status":"publish","type":"product","link":"https:\/\/www.moskito.cz\/de\/produkt\/feststehendes-messer-muela-hunter-17r\/","title":{"rendered":"Feststehendes Messer Muela Hunter-17R"},"content":{"rendered":"<p>Feststehendes Messer <strong>Muela<\/strong> Hunter-17R<\/p>\n<p>Der Hersteller von Messern und handwerklichen Klappmessern Manufacturas Muela pr\u00e4sentiert das Outdoormesser HUNTER-17R innerhalb der Familie der JAGD- UND SPORTMESSER.<\/p>\n<p>Mit Palisandergriff und Verwendung von Edelstahl f\u00fcr Verteidigung und Becher. Ergonomischer Griff und Klingengr\u00f6\u00dfe 170 mm, hergestellt aus Molybd\u00e4n-Vanadium-Stahl. Hartes Messer!!!<\/p>\n<p>Das Unternehmen Muela wurde Mitte der 1950er Jahre von Herrn Eladio Muela Le\u00f3n gegr\u00fcndet. Jahre des letzten Jahrhunderts, ermutigt durch die gro\u00dfe Resonanz, die sein 38-teiliges handgefertigtes Taschenmesser bei deutschen Ingenieuren in der Empetrol-Raffinerie fand, in der Herr Eladio I. damals arbeitete.<\/p>\n<p>Muelas aktuelle Messerfabrik in Argamasilla de Calatrava erstreckt sich \u00fcber eine Fl\u00e4che von mehr als 5.000 m2 und ist mit modernsten Produktions- und Bearbeitungssystemen ausgestattet. Sie produziert j\u00e4hrlich mehr als 350.000 St\u00fccke, von denen 70 % in mehr als exportiert werden 50 L\u00e4nder auf f\u00fcnf Kontinenten.<\/p>\n<p>Derzeit ist die Muela-Gruppe eines der Referenzunternehmen f\u00fcr handwerklich hergestelltes Jagdbesteck in Spanien und auf der ganzen Welt, und ihre Messer und Taschenmesser werden aufgrund ihrer hohen Qualit\u00e4t sehr gesch\u00e4tzt.<\/p>\n<p>Vollmesser Muela Hunter 17R<\/p>\n<p>Geformter Holzgriff<br \/>\nEdles Lederetui<br \/>\nKlinge: 17 cm<br \/>\nGesamtl\u00e4nge: 28,5 cm<br \/>\nDicke 4 mm<br \/>\nGewicht: 264 Gramm<br \/>\nStahl: Molybd\u00e4n Vanadium X50CrMoV15 MOVA (1.4116)<br \/>\nH\u00e4rte: 57-58 HRC<br \/>\nDer klassische Stahl unserer Messer. Hervorragende Kombination aus Molybd\u00e4n und Vanadium zur Erzielung von Stahl mit hervorragenden H\u00e4rte- und Korrosionsbest\u00e4ndigkeitseigenschaften.<\/p>\n<p>Muela-Messer haben eine lebenslange Garantie auf Material- oder Herstellungsfehler. Sch\u00e4den, die durch Missbrauch, Fahrl\u00e4ssigkeit und logische Abnutzung durch den Gebrauch entstehen, fallen nicht unter diese Garantie.)<\/p>\n<p>&nbsp;<\/p>\n<p>&nbsp;<\/p>\n","protected":false},"excerpt":{"rendered":"<p><strong>Der Hersteller von Messern und handwerklichen Klappmessern Manufacturas Muela pr\u00e4sentiert das Outdoormesser HUNTER-17R innerhalb der Familie der JAGD- UND SPORTMESSER.<\/strong><\/p>\n","protected":false},"featured_media":350771,"comment_status":"open","ping_status":"closed","template":"","meta":[],"pwb-brand":[3914],"product_brand":[],"product_cat":[3285,3287],"product_tag":[3669],"class_list":{"0":"post-350770","1":"product","2":"type-product","3":"status-publish","4":"has-post-thumbnail","6":"pwb-brand-sie-musste","7":"product_cat-messer","8":"product_cat-solide-messer","9":"product_tag-b2b-de","11":"first","12":"instock","13":"taxable","14":"shipping-taxable","15":"purchasable","16":"product-type-simple"},"brands":[{"id":3914,"name":"Sie musste","slug":"sie-musste"}],"_links":{"self":[{"href":"https:\/\/www.moskito.cz\/de\/wp-json\/wp\/v2\/product\/350770","targetHints":{"allow":["GET"]}}],"collection":[{"href":"https:\/\/www.moskito.cz\/de\/wp-json\/wp\/v2\/product"}],"about":[{"href":"https:\/\/www.moskito.cz\/de\/wp-json\/wp\/v2\/types\/product"}],"replies":[{"embeddable":true,"href":"https:\/\/www.moskito.cz\/de\/wp-json\/wp\/v2\/comments?post=350770"}],"wp:featuredmedia":[{"embeddable":true,"href":"https:\/\/www.moskito.cz\/de\/wp-json\/wp\/v2\/media\/350771"}],"wp:attachment":[{"href":"https:\/\/www.moskito.cz\/de\/wp-json\/wp\/v2\/media?parent=350770"}],"wp:term":[{"taxonomy":"pwb-brand","embeddable":true,"href":"https:\/\/www.moskito.cz\/de\/wp-json\/wp\/v2\/pwb-brand?post=350770"},{"taxonomy":"product_brand","embeddable":true,"href":"https:\/\/www.moskito.cz\/de\/wp-json\/wp\/v2\/product_brand?post=350770"},{"taxonomy":"product_cat","embeddable":true,"href":"https:\/\/www.moskito.cz\/de\/wp-json\/wp\/v2\/product_cat?post=350770"},{"taxonomy":"product_tag","embeddable":true,"href":"https:\/\/www.moskito.cz\/de\/wp-json\/wp\/v2\/product_tag?post=350770"}],"curies":[{"name":"wp","href":"https:\/\/api.w.org\/{rel}","templated":true}]}}