{"id":350808,"date":"2024-07-10T14:10:59","date_gmt":"2024-07-10T13:11:49","guid":{"rendered":"https:\/\/www.moskito.cz\/produkt\/solides-messer-muela-sarrio-19g\/"},"modified":"2025-05-07T11:20:36","modified_gmt":"2025-05-07T10:20:36","slug":"solides-messer-muela-sarrio-19g","status":"publish","type":"product","link":"https:\/\/www.moskito.cz\/de\/produkt\/solides-messer-muela-sarrio-19g\/","title":{"rendered":"Solides Messer Muela SARRIO-19G"},"content":{"rendered":"<p>Solides Messer <strong>Muela<\/strong> SARRIO-19G<\/p>\n<p>Hochwertiger, mittelgro\u00dfer Jagddolch des spanischen Herstellers Muela, der auf eine lange Tradition in der Herstellung von Jagddolchen zur\u00fcckblickt.<br \/>\nMuela ist eine der bekanntesten und meistverkauften spanischen Messermarken, eine ideale Wahl f\u00fcr J\u00e4ger oder f\u00fcr den Aufenthalt in der Natur.<br \/>\nDas Messer hat einen ergonomisch geformten gummierten Griff f\u00fcr besseren Halt, einen doppelseitigen Metallschutz f\u00fcr mehr Sicherheit, der Dolch wird mit einer schwarzen Lederscheide geliefert.<\/p>\n<p>VERWENDEN:<br \/>\n&#8211; f\u00fcr die Natur und f\u00fcr den normalen Gebrauch,<br \/>\n&#8211; f\u00fcr F\u00f6rster, J\u00e4ger,<br \/>\n&#8211; Outdoor, Camping, \u00dcberleben.<\/p>\n<p>&nbsp;<\/p>\n<p>Klingenmaterial: X50CrMoV15<br \/>\nGriffmaterial: Gummi<br \/>\nKlingenl\u00e4nge: 19,5 cm<br \/>\nGesamtl\u00e4nge: 31 cm<br \/>\nGriffl\u00e4nge: 11,5 cm<br \/>\nGewicht: 300 g<\/p>\n<p>&nbsp;<\/p>\n","protected":false},"excerpt":{"rendered":"<p><strong>Hochwertiger, mittelgro\u00dfer Jagddolch des spanischen Herstellers Muela, der auf eine lange Tradition in der Herstellung von Jagddolchen zur\u00fcckblickt.<\/strong><\/p>\n","protected":false},"featured_media":350778,"comment_status":"open","ping_status":"closed","template":"","meta":[],"pwb-brand":[3914],"product_brand":[],"product_cat":[3287,3285],"product_tag":[3669],"class_list":{"0":"post-350808","1":"product","2":"type-product","3":"status-publish","4":"has-post-thumbnail","6":"pwb-brand-sie-musste","7":"product_cat-solide-messer","8":"product_cat-messer","9":"product_tag-b2b-de","11":"first","12":"outofstock","13":"taxable","14":"shipping-taxable","15":"purchasable","16":"product-type-simple"},"brands":[{"id":3914,"name":"Sie musste","slug":"sie-musste"}],"_links":{"self":[{"href":"https:\/\/www.moskito.cz\/de\/wp-json\/wp\/v2\/product\/350808","targetHints":{"allow":["GET"]}}],"collection":[{"href":"https:\/\/www.moskito.cz\/de\/wp-json\/wp\/v2\/product"}],"about":[{"href":"https:\/\/www.moskito.cz\/de\/wp-json\/wp\/v2\/types\/product"}],"replies":[{"embeddable":true,"href":"https:\/\/www.moskito.cz\/de\/wp-json\/wp\/v2\/comments?post=350808"}],"wp:featuredmedia":[{"embeddable":true,"href":"https:\/\/www.moskito.cz\/de\/wp-json\/wp\/v2\/media\/350778"}],"wp:attachment":[{"href":"https:\/\/www.moskito.cz\/de\/wp-json\/wp\/v2\/media?parent=350808"}],"wp:term":[{"taxonomy":"pwb-brand","embeddable":true,"href":"https:\/\/www.moskito.cz\/de\/wp-json\/wp\/v2\/pwb-brand?post=350808"},{"taxonomy":"product_brand","embeddable":true,"href":"https:\/\/www.moskito.cz\/de\/wp-json\/wp\/v2\/product_brand?post=350808"},{"taxonomy":"product_cat","embeddable":true,"href":"https:\/\/www.moskito.cz\/de\/wp-json\/wp\/v2\/product_cat?post=350808"},{"taxonomy":"product_tag","embeddable":true,"href":"https:\/\/www.moskito.cz\/de\/wp-json\/wp\/v2\/product_tag?post=350808"}],"curies":[{"name":"wp","href":"https:\/\/api.w.org\/{rel}","templated":true}]}}