{"id":350841,"date":"2024-07-10T14:22:29","date_gmt":"2024-07-10T13:23:22","guid":{"rendered":"https:\/\/www.moskito.cz\/produkt\/feststehendes-messer-muela-caz-16r\/"},"modified":"2025-05-07T11:20:37","modified_gmt":"2025-05-07T10:20:37","slug":"feststehendes-messer-muela-caz-16r","status":"publish","type":"product","link":"https:\/\/www.moskito.cz\/de\/produkt\/feststehendes-messer-muela-caz-16r\/","title":{"rendered":"Feststehendes Messer Muela CAZ-16R"},"content":{"rendered":"<p>Feststehendes Messer <strong>Muela<\/strong> CAZ-16R<\/p>\n<p>Universelles Outdoor- und Bushcraftmesser. Die Klinge besteht aus hochwertigem, rostfreiem Molybd\u00e4n-Vanadium-Stahl mit einer H\u00e4rte von etwa 60 HRC. F\u00fcr maximale Sicherheit bei der Arbeit ist das Messer mit einem massiven doppelseitigen Metallschutz in silberner Farbe ausgestattet. Der Griff besteht aus laminiertem Pakkaholz, ist anatomisch geformt und hat am Ende ein Loch f\u00fcr eine Aufh\u00e4ngeschnur. Das Messer wird mit einer braunen Lederscheide geliefert.<\/p>\n<p>Spezifikationen:<\/p>\n<p>Klingenl\u00e4nge: 16 cm.<\/p>\n<p>Griffl\u00e4nge: 12 cm.<\/p>\n<p>Gesamtl\u00e4nge: 18 cm.<\/p>\n<p>Messergewicht: 190 g.<\/p>\n<p>Geh\u00e4usematerial: Leder<\/p>\n","protected":false},"excerpt":{"rendered":"<p><strong>Universelles Outdoor- und Bushcraftmesser mit Lederscheide.<\/strong><\/p>\n","protected":false},"featured_media":350818,"comment_status":"open","ping_status":"closed","template":"","meta":[],"pwb-brand":[3914],"product_brand":[],"product_cat":[3287,3285],"product_tag":[3669],"class_list":{"0":"post-350841","1":"product","2":"type-product","3":"status-publish","4":"has-post-thumbnail","6":"pwb-brand-sie-musste","7":"product_cat-solide-messer","8":"product_cat-messer","9":"product_tag-b2b-de","11":"first","12":"instock","13":"taxable","14":"shipping-taxable","15":"purchasable","16":"product-type-simple"},"brands":[{"id":3914,"name":"Sie musste","slug":"sie-musste"}],"_links":{"self":[{"href":"https:\/\/www.moskito.cz\/de\/wp-json\/wp\/v2\/product\/350841","targetHints":{"allow":["GET"]}}],"collection":[{"href":"https:\/\/www.moskito.cz\/de\/wp-json\/wp\/v2\/product"}],"about":[{"href":"https:\/\/www.moskito.cz\/de\/wp-json\/wp\/v2\/types\/product"}],"replies":[{"embeddable":true,"href":"https:\/\/www.moskito.cz\/de\/wp-json\/wp\/v2\/comments?post=350841"}],"wp:featuredmedia":[{"embeddable":true,"href":"https:\/\/www.moskito.cz\/de\/wp-json\/wp\/v2\/media\/350818"}],"wp:attachment":[{"href":"https:\/\/www.moskito.cz\/de\/wp-json\/wp\/v2\/media?parent=350841"}],"wp:term":[{"taxonomy":"pwb-brand","embeddable":true,"href":"https:\/\/www.moskito.cz\/de\/wp-json\/wp\/v2\/pwb-brand?post=350841"},{"taxonomy":"product_brand","embeddable":true,"href":"https:\/\/www.moskito.cz\/de\/wp-json\/wp\/v2\/product_brand?post=350841"},{"taxonomy":"product_cat","embeddable":true,"href":"https:\/\/www.moskito.cz\/de\/wp-json\/wp\/v2\/product_cat?post=350841"},{"taxonomy":"product_tag","embeddable":true,"href":"https:\/\/www.moskito.cz\/de\/wp-json\/wp\/v2\/product_tag?post=350841"}],"curies":[{"name":"wp","href":"https:\/\/api.w.org\/{rel}","templated":true}]}}