{"id":350914,"date":"2024-07-10T14:59:04","date_gmt":"2024-07-10T13:59:04","guid":{"rendered":"https:\/\/www.moskito.cz\/produkt\/feststehendes-messer-muela-criollo-17-ol\/"},"modified":"2025-05-07T11:20:40","modified_gmt":"2025-05-07T10:20:40","slug":"feststehendes-messer-muela-criollo-17-ol","status":"publish","type":"product","link":"https:\/\/www.moskito.cz\/de\/produkt\/feststehendes-messer-muela-criollo-17-ol\/","title":{"rendered":"Feststehendes Messer Muela CRIOLLO-17.OL"},"content":{"rendered":"<p>Feststehendes Messer <strong>Muela<\/strong> CRIOLLO-17.OL<\/p>\n<p>Muela CRIOLLO-17.OL Jagdmesser, MoVa-Stahl, Olivenholz + Lederetui<\/p>\n<p><strong>CRIOLLO-17.OL<\/strong> ist ein Messer f\u00fcr Outdoor-Aktivit\u00e4ten, hergestellt von der ber\u00fchmten Firma Muela in Ciudad de Real, Spanien. Das ideale Messer f\u00fcr Jagdbegeisterte und Menschen, die das aktive \u00dcberleben in der Natur sch\u00e4tzen. Es ist langlebig, robust und \u00fcbersteht alle Bedingungen unbeschadet. Muela-Messer, die sie in den 1950er Jahren in einem kleinen Raum herzustellen begann. Jahre 20 Jahrhundert aus der Familie Muela stammend, werden sie heute in mehr als 50 L\u00e4nder auf 5 Kontinenten exportiert. Muela, das \u00fcber eine j\u00e4hrliche Produktionskapazit\u00e4t von 350.000 Messern verf\u00fcgt, verkauft 70 % seiner Produktion im Ausland und den Rest f\u00fcr den Inlandsmarkt.<\/p>\n<p>Die Klinge ist beidseitig geschliffen und besteht aus einer Kombination aus Molybd\u00e4n und Vanadium. Das Ergebnis ist handgeschmiedeter Edelstahl MoVa tragen. Auf der robusten Klinge sind das Modell des Messers und das Muela-Logo eingraviert, was von der Originalit\u00e4t und Qualit\u00e4t des Produkts zeugt. Der Griff besteht aus Olivenholz, einem exotischen Hartholz von B\u00e4umen aus dem Mittelmeerraum, das aufgrund seines erstaunlich reichen und farbenfrohen Aussehens und der Tatsache, dass sich die Holzoberfl\u00e4che leicht und gut schleifen l\u00e4sst, haupts\u00e4chlich f\u00fcr Dekorationsgegenst\u00e4nde verwendet wird. Der Griff hat eine ergonomische Form, sodass er auch bei nassen H\u00e4nden gut in der Hand liegt. Es verf\u00fcgt \u00fcber einen Messingschutz, um die Sicherheit zu erh\u00f6hen und das Risiko zu verhindern, dass die Handfl\u00e4che w\u00e4hrend des Gebrauchs in Richtung der Klinge rutscht, und verf\u00fcgt \u00fcber ein Loch am Ende des Griffs, durch das ein Sicherheitskabel angebracht werden kann.<\/p>\n<p>Das Messer wird in einem Karton zusammen mit einer von \u201eQuercur Leathercraft\u201c handgefertigten braunen Lederschutzh\u00fclle, einem Echtheitszertifikat und einer Garantiekarte geliefert. Die Scheide verf\u00fcgt \u00fcber ein Clip-Verschlusssystem und ist mit dem Muela-Logo gepr\u00e4gt. Kann am G\u00fcrtel befestigt werden. Alle Muela-Messer durchlaufen die H\u00e4nde erfahrener Messermachermeister, die jedes St\u00fcck mit einem hohen Ma\u00df an Qualit\u00e4tskontrolle fertigen, sch\u00e4rfen, polieren und pr\u00fcfen.<\/p>\n<p>Funktion:<\/p>\n<p>Klingenl\u00e4nge: 17 cm;<br \/>\nKlingenst\u00e4rke: 0,4 cm;<br \/>\nGriffl\u00e4nge: 12 cm;<br \/>\nGesamtl\u00e4nge: 29 cm;<br \/>\nKlingenmaterial: Stahl MoVa X50CrMoV15;<br \/>\nGriff: Olivenholz;<br \/>\nGrifffarbe: Braun;<br \/>\nGewicht: 200g<\/p>\n<p>&nbsp;<\/p>\n","protected":false},"excerpt":{"rendered":"<p><strong>CRIOLLO-17.OL ist ein Messer f\u00fcr Outdoor-Aktivit\u00e4ten, hergestellt von der ber\u00fchmten Firma Muela in Ciudad de Real, Spanien. Das ideale Messer f\u00fcr Jagdbegeisterte und Menschen, die das aktive \u00dcberleben in der Natur sch\u00e4tzen. Es ist langlebig, robust und \u00fcbersteht alle Bedingungen unbeschadet.<\/strong><\/p>\n","protected":false},"featured_media":350883,"comment_status":"open","ping_status":"closed","template":"","meta":[],"pwb-brand":[3914],"product_brand":[],"product_cat":[3287,3285],"product_tag":[3669],"class_list":{"0":"post-350914","1":"product","2":"type-product","3":"status-publish","4":"has-post-thumbnail","6":"pwb-brand-sie-musste","7":"product_cat-solide-messer","8":"product_cat-messer","9":"product_tag-b2b-de","11":"first","12":"instock","13":"taxable","14":"shipping-taxable","15":"purchasable","16":"product-type-simple"},"brands":[{"id":3914,"name":"Sie musste","slug":"sie-musste"}],"_links":{"self":[{"href":"https:\/\/www.moskito.cz\/de\/wp-json\/wp\/v2\/product\/350914","targetHints":{"allow":["GET"]}}],"collection":[{"href":"https:\/\/www.moskito.cz\/de\/wp-json\/wp\/v2\/product"}],"about":[{"href":"https:\/\/www.moskito.cz\/de\/wp-json\/wp\/v2\/types\/product"}],"replies":[{"embeddable":true,"href":"https:\/\/www.moskito.cz\/de\/wp-json\/wp\/v2\/comments?post=350914"}],"wp:featuredmedia":[{"embeddable":true,"href":"https:\/\/www.moskito.cz\/de\/wp-json\/wp\/v2\/media\/350883"}],"wp:attachment":[{"href":"https:\/\/www.moskito.cz\/de\/wp-json\/wp\/v2\/media?parent=350914"}],"wp:term":[{"taxonomy":"pwb-brand","embeddable":true,"href":"https:\/\/www.moskito.cz\/de\/wp-json\/wp\/v2\/pwb-brand?post=350914"},{"taxonomy":"product_brand","embeddable":true,"href":"https:\/\/www.moskito.cz\/de\/wp-json\/wp\/v2\/product_brand?post=350914"},{"taxonomy":"product_cat","embeddable":true,"href":"https:\/\/www.moskito.cz\/de\/wp-json\/wp\/v2\/product_cat?post=350914"},{"taxonomy":"product_tag","embeddable":true,"href":"https:\/\/www.moskito.cz\/de\/wp-json\/wp\/v2\/product_tag?post=350914"}],"curies":[{"name":"wp","href":"https:\/\/api.w.org\/{rel}","templated":true}]}}