{"id":351208,"date":"2024-07-11T10:09:52","date_gmt":"2024-07-11T09:11:58","guid":{"rendered":"https:\/\/www.moskito.cz\/produkt\/solides-messer-muela-pioneer-14-ol\/"},"modified":"2025-05-07T11:20:46","modified_gmt":"2025-05-07T10:20:46","slug":"solides-messer-muela-pioneer-14-ol","status":"publish","type":"product","link":"https:\/\/www.moskito.cz\/de\/produkt\/solides-messer-muela-pioneer-14-ol\/","title":{"rendered":"Solides Messer Muela PIONEER-14.OL"},"content":{"rendered":"<p>Solides Messer <strong>Muela<\/strong> PIONEER-14.OL<\/p>\n<p><strong>Muela-<\/strong> Messer werden von einem spanischen Unternehmen hergestellt, das erschwingliche und hochwertige Jagdmesser, Klappmesser, Luxusmesser und viele andere herstellt.<\/p>\n<p>Das Messer der spanischen Firma <strong>Muela<\/strong> eignet sich f\u00fcr die Jagd und den Aufenthalt in der Natur. Dank seiner Konstruktion ist es auch unter anspruchsvollen Bedingungen \u00e4u\u00dferst langlebig und zuverl\u00e4ssig. Das Messer besteht aus einem St\u00fcck Molybd\u00e4n-Vanadium-Stahl mit einer H\u00e4rte von 58 &#8211; 61 HRC. Der Griff ist gut anatomisch geformt und liegt perfekt in der Hand, die Griffschalen bestehen aus Olivenholz mit sch\u00f6nem Muster. Am Ende des Griffs befindet sich ein Loch f\u00fcr eine Aufh\u00e4ngeschnur. Das Messer wird mit einer braunen Lederscheide geliefert.<\/p>\n<p>Klingenmaterial: MoVa<br \/>\nGriffmaterial: Holz<br \/>\nGeh\u00e4usematerial: Leder<br \/>\nKlingenl\u00e4nge: 13,5 cm<br \/>\nGesamtl\u00e4nge: 26,5 cm<br \/>\nGriffl\u00e4nge: 13 cm<br \/>\nGewicht: 230 g<br \/>\nKlingentyp: Drop Point<\/p>\n","protected":false},"excerpt":{"rendered":"<p><strong>Ein Messer der spanischen Firma Muela, geeignet f\u00fcr die Jagd und den Aufenthalt in der Natur. Dank seiner Konstruktion ist es auch unter anspruchsvollen Bedingungen \u00e4u\u00dferst langlebig und zuverl\u00e4ssig.<\/strong><\/p>\n","protected":false},"featured_media":351158,"comment_status":"open","ping_status":"closed","template":"","meta":[],"pwb-brand":[3914],"product_brand":[],"product_cat":[3285,3287],"product_tag":[3669],"class_list":{"0":"post-351208","1":"product","2":"type-product","3":"status-publish","4":"has-post-thumbnail","6":"pwb-brand-sie-musste","7":"product_cat-messer","8":"product_cat-solide-messer","9":"product_tag-b2b-de","11":"first","12":"outofstock","13":"taxable","14":"shipping-taxable","15":"purchasable","16":"product-type-simple"},"brands":[{"id":3914,"name":"Sie musste","slug":"sie-musste"}],"_links":{"self":[{"href":"https:\/\/www.moskito.cz\/de\/wp-json\/wp\/v2\/product\/351208","targetHints":{"allow":["GET"]}}],"collection":[{"href":"https:\/\/www.moskito.cz\/de\/wp-json\/wp\/v2\/product"}],"about":[{"href":"https:\/\/www.moskito.cz\/de\/wp-json\/wp\/v2\/types\/product"}],"replies":[{"embeddable":true,"href":"https:\/\/www.moskito.cz\/de\/wp-json\/wp\/v2\/comments?post=351208"}],"wp:featuredmedia":[{"embeddable":true,"href":"https:\/\/www.moskito.cz\/de\/wp-json\/wp\/v2\/media\/351158"}],"wp:attachment":[{"href":"https:\/\/www.moskito.cz\/de\/wp-json\/wp\/v2\/media?parent=351208"}],"wp:term":[{"taxonomy":"pwb-brand","embeddable":true,"href":"https:\/\/www.moskito.cz\/de\/wp-json\/wp\/v2\/pwb-brand?post=351208"},{"taxonomy":"product_brand","embeddable":true,"href":"https:\/\/www.moskito.cz\/de\/wp-json\/wp\/v2\/product_brand?post=351208"},{"taxonomy":"product_cat","embeddable":true,"href":"https:\/\/www.moskito.cz\/de\/wp-json\/wp\/v2\/product_cat?post=351208"},{"taxonomy":"product_tag","embeddable":true,"href":"https:\/\/www.moskito.cz\/de\/wp-json\/wp\/v2\/product_tag?post=351208"}],"curies":[{"name":"wp","href":"https:\/\/api.w.org\/{rel}","templated":true}]}}