{"id":351309,"date":"2024-07-11T11:13:49","date_gmt":"2024-07-11T11:37:31","guid":{"rendered":"https:\/\/www.moskito.cz\/produkt\/feststehendes-messer-muela-criollo-17\/"},"modified":"2025-05-07T11:20:51","modified_gmt":"2025-05-07T10:20:51","slug":"feststehendes-messer-muela-criollo-17","status":"publish","type":"product","link":"https:\/\/www.moskito.cz\/de\/produkt\/feststehendes-messer-muela-criollo-17\/","title":{"rendered":"Feststehendes Messer Muela CRIOLLO-17"},"content":{"rendered":"<p>Feststehendes Messer <strong>Muela<\/strong> CRIOLLO-17.<\/p>\n<p><strong>CRIOLLO-17<\/strong> gr\u00f6\u00dferes der beiden Universalmesser aus der CRIOLLO-Serie mit Full-Tang-Konstruktion. Hergestellt aus Molybd\u00e4n-Vanadium-Stahl MoVa. Entwickelt f\u00fcr \u00dcberlebensk\u00fcnstler, ideal f\u00fcr Ausfl\u00fcge au\u00dferhalb der Stadt und als Jagdmesser.<\/p>\n<p>Kopf \u2013 mit modifiziertem Drop-Point-Profil, Dicke 4 mm mit guter, langanhaltender Fokussierung, \u00fcberzogen mit Antireflex-Satin-Finish (halbmatt), wodurch Blendung vermieden wird. Hergestellt aus langlebigem Molybd\u00e4n-Vanadium-Edelstahl X50CrMoV15, geh\u00e4rtet im Bereich von 57\u201358 HRC. Die glatte Klinge (Plain-Typ) wurde mit Full Flat Grind f\u00fcr hervorragende Schneidleistung hergestellt. Dieser Schliff reduzierte das Gewicht des Messers und verbesserte die Schneideigenschaften.<\/p>\n<p>Der unter der Hand profilierte Griff sorgt f\u00fcr sicheren Halt, \u00fcberzogen mit naturbraunen Polstern aus Korallenlaminat (Coral Pakkawood). Profilierte, hinterschnittene Fingermulde zwischen Griff und Klinge (erh\u00f6ht die Kontrolle \u00fcber das Messer). Das Messer liegt sehr gut in der Hand, rutscht nicht, l\u00e4sst sich unter allen Bedingungen gut kontrollieren. Auf der R\u00fcckseite des Griffs befindet sich eine Kabel\u00f6ffnung.<\/p>\n<p>Etui \u2013 unter dem Griff profiliert, aus braunem Leder mit gepr\u00e4gtem Muela-Logo und Riegelverschluss. Die Scheide wurde an den R\u00e4ndern mit Ziergarn vern\u00e4ht. Durch die G\u00fcrtel- oder Zahnradbefestigung kann das Messer in vertikaler Position getragen werden.<\/p>\n<p>Technische Spezifikationen:<br \/>\nProduktnummer: CRIOLLO-17<\/p>\n<p>Klingenl\u00e4nge: 17 cm \/ 6,69 Zoll<br \/>\nKlingenst\u00e4rke: 0,4 cm \/ 0,16 Zoll<br \/>\nGesamtl\u00e4nge: 28 cm \/ 11,34 Zoll<br \/>\nGewicht: 170,0 g<\/p>\n<p>Klingenmaterial: 1.4116 (X50CrMoV15)<br \/>\nKlingenh\u00e4rte: 57-58 HRC<br \/>\nKantenart: Glatt<br \/>\nKlingentyp: Drop Point<br \/>\nSchnittart: Full Flat<\/p>\n<p>Griff: Rotholz, Palisander, Pakkaholz<\/p>\n<p>Scheide: Leder<br \/>\nHersteller: Muela, Spanien<\/p>\n<p>&nbsp;<\/p>\n","protected":false},"excerpt":{"rendered":"<p><strong>CRIOLLO-17 gr\u00f6\u00dferes der beiden Universalmesser aus der CRIOLLO-Serie mit Full-Tang-Konstruktion. Hergestellt aus Molybd\u00e4n-Vanadium-Stahl MoVa. Entwickelt f\u00fcr Survival-Enthusiasten, ideal f\u00fcr Ausfl\u00fcge au\u00dferhalb der Stadt und als Jagdmesser.<\/strong><\/p>\n","protected":false},"featured_media":351289,"comment_status":"open","ping_status":"closed","template":"","meta":[],"pwb-brand":[3914],"product_brand":[],"product_cat":[3285,3287],"product_tag":[3669],"class_list":{"0":"post-351309","1":"product","2":"type-product","3":"status-publish","4":"has-post-thumbnail","6":"pwb-brand-sie-musste","7":"product_cat-messer","8":"product_cat-solide-messer","9":"product_tag-b2b-de","11":"first","12":"instock","13":"taxable","14":"shipping-taxable","15":"purchasable","16":"product-type-simple"},"brands":[{"id":3914,"name":"Sie musste","slug":"sie-musste"}],"_links":{"self":[{"href":"https:\/\/www.moskito.cz\/de\/wp-json\/wp\/v2\/product\/351309","targetHints":{"allow":["GET"]}}],"collection":[{"href":"https:\/\/www.moskito.cz\/de\/wp-json\/wp\/v2\/product"}],"about":[{"href":"https:\/\/www.moskito.cz\/de\/wp-json\/wp\/v2\/types\/product"}],"replies":[{"embeddable":true,"href":"https:\/\/www.moskito.cz\/de\/wp-json\/wp\/v2\/comments?post=351309"}],"wp:featuredmedia":[{"embeddable":true,"href":"https:\/\/www.moskito.cz\/de\/wp-json\/wp\/v2\/media\/351289"}],"wp:attachment":[{"href":"https:\/\/www.moskito.cz\/de\/wp-json\/wp\/v2\/media?parent=351309"}],"wp:term":[{"taxonomy":"pwb-brand","embeddable":true,"href":"https:\/\/www.moskito.cz\/de\/wp-json\/wp\/v2\/pwb-brand?post=351309"},{"taxonomy":"product_brand","embeddable":true,"href":"https:\/\/www.moskito.cz\/de\/wp-json\/wp\/v2\/product_brand?post=351309"},{"taxonomy":"product_cat","embeddable":true,"href":"https:\/\/www.moskito.cz\/de\/wp-json\/wp\/v2\/product_cat?post=351309"},{"taxonomy":"product_tag","embeddable":true,"href":"https:\/\/www.moskito.cz\/de\/wp-json\/wp\/v2\/product_tag?post=351309"}],"curies":[{"name":"wp","href":"https:\/\/api.w.org\/{rel}","templated":true}]}}