{"id":351329,"date":"2022-09-20T22:08:49","date_gmt":"2024-07-11T12:52:43","guid":{"rendered":"https:\/\/www.moskito.cz\/produkt\/schliessmesser-zero-tolerance-blackwash-0357bw\/"},"modified":"2025-05-07T11:20:52","modified_gmt":"2025-05-07T10:20:52","slug":"schliessmesser-zero-tolerance-blackwash-0357bw","status":"publish","type":"product","link":"https:\/\/www.moskito.cz\/de\/produkt\/schliessmesser-zero-tolerance-blackwash-0357bw\/","title":{"rendered":"Schlie\u00dfmesser Zero Tolerance BLACKWASH 0357BW"},"content":{"rendered":"<p>Schlie\u00dfmesser <strong>Zero Tolerance<\/strong> BLACKWASH 0357BW.<\/p>\n<p>0357BW ist ein erstklassiges, einfaches Arbeitsmesser, das f\u00fcr anspruchsvolle Bedingungen entwickelt wurde. Die 3,25-Zoll-Klinge mit spitzer Kante bietet dem Benutzer zahlreiche Schneidoptionen. Der hochwertige Klingenstahl CPM 20CV sorgt f\u00fcr zuverl\u00e4ssige Schnitthaltigkeit und Korrosionsbest\u00e4ndigkeit. Die Kratzer verschmelzen mit dem BlackWash\u2122-Klingenfinish. Auf der Vorder- und R\u00fcckseite des Griffs ist schwarzes G10 bearbeitet. 0357BW ist mit dem ZT-\u00d6ffnungssystem ausgestattet. Ziehen Sie einfach am Flipper, um das Messer jedes Mal leicht zu \u00f6ffnen. Die Klinge arretiert mit einer soliden Insert-Arretierung. Ein doppelseitiger Clip an der tiefen Tasche erm\u00f6glicht das Tragen beider Seiten in gefalteter Position. Alle diese Funktionen werden im ZT-Werk in Tualatin, Oregon, USA, pr\u00e4zisionsgefertigt. Ganz gleich, ob Sie Ihre ZT-Reise gerade erst beginnen oder Ihre Sammlung erweitern m\u00f6chten, verlassen Sie sich darauf, dass der 0357BW Ihre Arbeit erledigt.<\/p>\n<p>Funktion<\/p>\n<p>Hergestellt in den USA<br \/>\nSchwarzer G10-Griff<br \/>\nDer Klingenstahl CPM 20CV bietet au\u00dfergew\u00f6hnliche H\u00e4rte, Verschlei\u00dffestigkeit und Schnitthaltigkeit; Die schwarze Oberfl\u00e4che hilft, Kratzer vor Gebrauch zu verbergen<br \/>\nDie unterst\u00fctzte \u00d6ffnung erm\u00f6glicht eine schnelle und zuverl\u00e4ssige \u00d6ffnung mithilfe einer Flosse<\/p>\n<p>Geben Sie \u201eUnterst\u00fctzt\u201c und \u201eOrdner\u201c ein<br \/>\nT\u00e4glich verwenden, im Freien, bei der Arbeit<br \/>\nStylisches Taschenmesser<br \/>\nEntworfen von ZT Originals<br \/>\nDrop-Point im Klingenstil<br \/>\nKlingenkante glatt<br \/>\nUnterst\u00fctzte \u00d6ffnungsaktion<br \/>\n\u00d6ffnet mit Flipper<br \/>\nSchlosstyp Liner Lock<br \/>\nTaschenclip Reversibler Deep Carry (rechts\/links, umdrehen)<br \/>\nHergestellt in den USA. Ja<br \/>\nHardware: Stahlstift, Schrauben, Clip<\/p>\n<p>Klingenstahl CPM 20CV<br \/>\nKlingenl\u00e4nge 3,25 Zoll (8,25 cm)<br \/>\nHRC 60-62<br \/>\nKlingenoberfl\u00e4chenbehandlung\/Beschichtung BlackWash\u2122-Oberfl\u00e4chenbehandlung<br \/>\nKlingenst\u00e4rke 0,121 Zoll (0,31 cm)<br \/>\nL\u00e4nge im geschlossenen Zustand: 11,2 cm (4,4 Zoll)<br \/>\nGriffmaterial G10<br \/>\nGrifffarbe Schwarz<br \/>\nGriffst\u00e4rke 0,47 Zoll (11,2 mm)<br \/>\nGesamtl\u00e4nge 7,625 Zoll (19,4 cm)<br \/>\nGewicht 4,3 Unzen. (122g)<\/p>\n","protected":false},"excerpt":{"rendered":"<p>Wir werden weiterhin professionelle Messer in Premiumqualit\u00e4t bauen, auf die sich unsere Kunden jeden Tag verlassen k\u00f6nnen!!<\/p>\n<p><strong>Das ist Null Toleranz!!<\/strong><\/p>\n<p><strong>Kostenloser Transport.<\/strong><\/p>\n","protected":false},"featured_media":351330,"comment_status":"open","ping_status":"closed","template":"","meta":[],"pwb-brand":[3928],"product_brand":[],"product_cat":[3285,3303],"product_tag":[],"class_list":{"0":"post-351329","1":"product","2":"type-product","3":"status-publish","4":"has-post-thumbnail","6":"pwb-brand-null-toleranz","7":"product_cat-messer","8":"product_cat-schliesmesser","10":"first","11":"outofstock","12":"taxable","13":"shipping-taxable","14":"purchasable","15":"product-type-simple"},"brands":[{"id":3928,"name":"Null Toleranz","slug":"null-toleranz"}],"_links":{"self":[{"href":"https:\/\/www.moskito.cz\/de\/wp-json\/wp\/v2\/product\/351329","targetHints":{"allow":["GET"]}}],"collection":[{"href":"https:\/\/www.moskito.cz\/de\/wp-json\/wp\/v2\/product"}],"about":[{"href":"https:\/\/www.moskito.cz\/de\/wp-json\/wp\/v2\/types\/product"}],"replies":[{"embeddable":true,"href":"https:\/\/www.moskito.cz\/de\/wp-json\/wp\/v2\/comments?post=351329"}],"wp:featuredmedia":[{"embeddable":true,"href":"https:\/\/www.moskito.cz\/de\/wp-json\/wp\/v2\/media\/351330"}],"wp:attachment":[{"href":"https:\/\/www.moskito.cz\/de\/wp-json\/wp\/v2\/media?parent=351329"}],"wp:term":[{"taxonomy":"pwb-brand","embeddable":true,"href":"https:\/\/www.moskito.cz\/de\/wp-json\/wp\/v2\/pwb-brand?post=351329"},{"taxonomy":"product_brand","embeddable":true,"href":"https:\/\/www.moskito.cz\/de\/wp-json\/wp\/v2\/product_brand?post=351329"},{"taxonomy":"product_cat","embeddable":true,"href":"https:\/\/www.moskito.cz\/de\/wp-json\/wp\/v2\/product_cat?post=351329"},{"taxonomy":"product_tag","embeddable":true,"href":"https:\/\/www.moskito.cz\/de\/wp-json\/wp\/v2\/product_tag?post=351329"}],"curies":[{"name":"wp","href":"https:\/\/api.w.org\/{rel}","templated":true}]}}