{"id":351397,"date":"2021-09-24T15:32:31","date_gmt":"2024-07-12T09:07:31","guid":{"rendered":"https:\/\/www.moskito.cz\/produkt\/verschlussmesser-sog-pentagon-xr-von-green\/"},"modified":"2025-05-07T11:20:54","modified_gmt":"2025-05-07T10:20:54","slug":"verschlussmesser-sog-pentagon-xr-von-green","status":"publish","type":"product","link":"https:\/\/www.moskito.cz\/de\/produkt\/verschlussmesser-sog-pentagon-xr-von-green\/","title":{"rendered":"Verschlussmesser SOG PENTAGON XR VON GREEN"},"content":{"rendered":"<p>Verschlussmesser <strong>SOG<\/strong> PENTAGON XR VON GREEN.<\/p>\n<p>Das leicht zu tragende SOG Pentagon XR wurde f\u00fcr die Verteidigung entwickelt und besteht aus kryogen w\u00e4rmebehandeltem CTS XHP-Edelstahl, einer breiten Klinge mit Speerspitze und einem besonders griffigen G10-Griff. Die XR-Verriegelung von <strong>SOG<\/strong> erm\u00f6glicht ein sanftes einh\u00e4ndiges \u00d6ffnen auf drei verschiedene Arten mit einer erkennbaren soliden Klingenverriegelung beim \u00d6ffnen mit dem Gef\u00fchl und der Sicherheit einer soliden Klinge. Eine weitere Stufe verbesserter F\u00e4higkeiten, die durch die bew\u00e4hrte Pentagon-Stammbaumstruktur gest\u00fctzt wird.<\/p>\n<p>ZWECKGESTALTUNG<br \/>\nEs verf\u00fcgt \u00fcber eine doppelseitige sanfte \u00d6ffnung und einen fest verriegelnden XR Lock, eine breite CRYO CTS XHP-Speerspitze aus Edelstahl und einen ultra-griffigen G10-Griff f\u00fcr bessere Kontrolle.<\/p>\n<p>XR-SPERRE<br \/>\nDas SOG XR Lock\u00ae erm\u00f6glicht ein sanftes, kontrolliertes \u00d6ffnen mit einer Hand, wenn dies mit einem Kick\u00f6ffner, einem Daumenstift oder durch Festhalten des Schlosses und Ziehen an der Klinge beabsichtigt ist. Im ge\u00f6ffneten Zustand bietet es eine maximale integrierte Klingenverriegelung, die einer Kraft von 1.500 Pfund standh\u00e4lt.<\/p>\n<p>CRYO CTS XHP STAHL<\/p>\n<p>Hochharter, korrosionsbest\u00e4ndiger Stahl, der gem\u00e4\u00df den einzigartigen Leistungsspezifikationen von SOG kryogen w\u00e4rmebehandelt wird. CTS XHP bietet die ideale Kombination aus Schnitthaltigkeit und Haltbarkeit f\u00fcr starke Beanspruchung bei minimalem Wartungsaufwand.<\/p>\n<p>Beidh\u00e4ndiges Design<br \/>\nKonzipiert f\u00fcr die beidh\u00e4ndige Verwendung mit einer Hand, wobei alle Funktionen f\u00fcr beide H\u00e4nde zug\u00e4nglich sind, einschlie\u00dflich einer umgekehrten Cliphalterung f\u00fcr das Tragen mit der linken oder rechten Hand.<\/p>\n<p>GESAMTL\u00c4NGE: 21 cm<br \/>\nKLINGENL\u00c4NGE: 9 cm<br \/>\nGEWICHT: 4,9 Unzen<br \/>\nSTAHLKLINGENTYP: CRYO CTS XHP<br \/>\nGRIFFMATERIAL: G10<br \/>\nGRIFFFARBE: OD-Gr\u00fcn<br \/>\n\u00d6FFNUNGSMECHANISMUS: XR, Daumen, Kick<br \/>\nVERRIEGELUNGSMECHANISMUS: XR<br \/>\nFINISH: Schwarzes Titannitrid<br \/>\nKLINGENFORM: Speerspitze<\/p>\n<p>Unsere Geschichte beginnt in Vietnam, wo Mitglieder der streng geheimen Spezialeinheit Amerikas \u2013 bekannt als MACV \u2013 <strong>SOG<\/strong> \u2013 auf verdeckten Missionen ein einzigartiges Geheimmesser in den Dschungel trugen. Einige Jahre sp\u00e4ter, 1986, inspirierte dieses Messer einen jungen Designer namens Spencer Frazer zur Gr\u00fcndung von SOG Specialty Knives. Seine Mission: das originale <strong>SOG-<\/strong> Bowiemesser zu reproduzieren und der Spezialeinheit, die es geschaffen hat, Tribut zu zollen. Was als einzelnes Gedenkmodell begann, entwickelte sich bald zu einer ganzen Reihe innovativer Werkzeuge \u2013 bew\u00e4hrt von US-Spezialeinheiten und sogar als Messer der Wahl der Navy SEALs ausgezeichnet. Heute werden SOG-Messer auch in den anspruchsvollsten Situationen selbstbewusst getragen. Aus Tradition geschmiedet, im Feld geh\u00e4rtet, f\u00fcr Sie gefeilt.<\/p>\n<p>Egal, ob Sie andere besch\u00fctzen oder eine epische Jagdexpedition leiten, eine der allt\u00e4glichen Herausforderungen des Lebens meistern oder die bisher extremsten Bedingungen meistern, machen Sie sich mit <strong>SOG<\/strong> auf den Weg.<\/p>\n<p><iframe title=\"Pentagon XR\" width=\"800\" height=\"450\" src=\"https:\/\/www.youtube.com\/embed\/pgrGfNe-rl0?feature=oembed\" frameborder=\"0\" allow=\"accelerometer; autoplay; clipboard-write; encrypted-media; gyroscope; picture-in-picture; web-share\" referrerpolicy=\"strict-origin-when-cross-origin\" allowfullscreen><\/iframe><\/p>\n<p>&nbsp;<\/p>\n<p>Das leicht zu tragende SOG Pentagon XR wurde f\u00fcr die Verteidigung entwickelt und verf\u00fcgt \u00fcber einen 3,66 Zoll langen, kryogen w\u00e4rmebehandelten CTS XHP-Edelstahl, eine breite Spear-Point-Klinge und einen besonders griffigen G10-Griff. Die XR-Verriegelung von SOG erm\u00f6glicht ein sanftes, beidh\u00e4ndiges \u00d6ffnen mit einer Hand auf drei verschiedene Arten, wobei die solide Klingenverriegelung nach dem \u00d6ffnen erkennbar ist und das Gef\u00fchl und die Sicherheit einer feststehenden Klinge vermittelt. Die n\u00e4chste Stufe verbesserter F\u00e4higkeiten, unterst\u00fctzt durch die bew\u00e4hrte Tradition des Pentagons.<\/p>\n<p>GESAMTL\u00c4NGE<br \/>\n8,38 Zoll<br \/>\nGESCHLOSSENE L\u00c4NGE<br \/>\n4,77 Zoll<br \/>\nKLINGENL\u00c4NGE<br \/>\n3,6 Zoll<br \/>\nGEWICHT<br \/>\n4,9 Unzen<br \/>\nKLINGENSTAHLTYP<br \/>\nCRYO CTS XHP<br \/>\nKLINGENDICKE<br \/>\n0,12 Zoll<br \/>\nGRIFFMATERIAL<br \/>\nG10<br \/>\nGRIFFFARBE<br \/>\nVon Green<br \/>\n\u00d6FFNUNGSMECHANISMUS<br \/>\nXR, Daumenknopf, Kick<br \/>\nVERSCHLUSSMECHANISMUS<br \/>\nXR<br \/>\nBEENDEN<br \/>\nSchwarzes Titannitrid<br \/>\nKLINGENFORM<br \/>\nSpeerspitze<br \/>\nKANTENTYP<br \/>\nGerade<\/p>\n<p>&nbsp;<\/p>\n<p>&nbsp;<\/p>\n","protected":false},"excerpt":{"rendered":"<p>Egal, ob Sie andere besch\u00fctzen oder eine epische Jagdexpedition leiten, eine der allt\u00e4glichen Herausforderungen des Lebens meistern oder die bisher extremsten Bedingungen meistern, machen Sie sich mit <strong>SOG<\/strong> auf den Weg.<\/p>\n<p><strong>Wir geben auf alle SOG-Messer eine lebenslange Garantie!<\/strong><\/p>\n","protected":false},"featured_media":351399,"comment_status":"open","ping_status":"closed","template":"","meta":[],"pwb-brand":[3605],"product_brand":[],"product_cat":[3285,3303],"product_tag":[3669],"class_list":{"0":"post-351397","1":"product","2":"type-product","3":"status-publish","4":"has-post-thumbnail","6":"pwb-brand-wie-g","7":"product_cat-messer","8":"product_cat-schliesmesser","9":"product_tag-b2b-de","11":"first","12":"outofstock","13":"taxable","14":"shipping-taxable","15":"purchasable","16":"product-type-simple"},"brands":[{"id":3605,"name":"WIE G","slug":"wie-g"}],"_links":{"self":[{"href":"https:\/\/www.moskito.cz\/de\/wp-json\/wp\/v2\/product\/351397","targetHints":{"allow":["GET"]}}],"collection":[{"href":"https:\/\/www.moskito.cz\/de\/wp-json\/wp\/v2\/product"}],"about":[{"href":"https:\/\/www.moskito.cz\/de\/wp-json\/wp\/v2\/types\/product"}],"replies":[{"embeddable":true,"href":"https:\/\/www.moskito.cz\/de\/wp-json\/wp\/v2\/comments?post=351397"}],"wp:featuredmedia":[{"embeddable":true,"href":"https:\/\/www.moskito.cz\/de\/wp-json\/wp\/v2\/media\/351399"}],"wp:attachment":[{"href":"https:\/\/www.moskito.cz\/de\/wp-json\/wp\/v2\/media?parent=351397"}],"wp:term":[{"taxonomy":"pwb-brand","embeddable":true,"href":"https:\/\/www.moskito.cz\/de\/wp-json\/wp\/v2\/pwb-brand?post=351397"},{"taxonomy":"product_brand","embeddable":true,"href":"https:\/\/www.moskito.cz\/de\/wp-json\/wp\/v2\/product_brand?post=351397"},{"taxonomy":"product_cat","embeddable":true,"href":"https:\/\/www.moskito.cz\/de\/wp-json\/wp\/v2\/product_cat?post=351397"},{"taxonomy":"product_tag","embeddable":true,"href":"https:\/\/www.moskito.cz\/de\/wp-json\/wp\/v2\/product_tag?post=351397"}],"curies":[{"name":"wp","href":"https:\/\/api.w.org\/{rel}","templated":true}]}}