{"id":351481,"date":"2024-07-12T12:30:49","date_gmt":"2024-07-12T11:31:18","guid":{"rendered":"https:\/\/www.moskito.cz\/produkt\/feststehendes-messer-muela-caz-16\/"},"modified":"2025-05-07T11:20:55","modified_gmt":"2025-05-07T10:20:55","slug":"feststehendes-messer-muela-caz-16","status":"publish","type":"product","link":"https:\/\/www.moskito.cz\/de\/produkt\/feststehendes-messer-muela-caz-16\/","title":{"rendered":"Feststehendes Messer Muela CAZ-16"},"content":{"rendered":"<p>Feststehendes Messer <strong>Muela<\/strong> CAZ-16.<\/p>\n<p>1.4116 (X50CrMoV15) \u2013 martensitischer Edelstahl mit hohem Kohlenstoffgehalt und Molybd\u00e4n-Vanadium-Gehalt, \u00e4u\u00dferst best\u00e4ndig gegen Korrosion und Verschlei\u00df. Es wird bei der Herstellung von Messern, Schneidbestecken und chirurgischen Instrumenten verwendet. Es zeichnet sich durch eine f\u00fcr Edelst\u00e4hle relativ hohe H\u00e4rte von 57-58 HRC aus. Die chemische Zusammensetzung des Stahls wird durch eine Beimischung von 15,0 % Chrom, 0,80 % Molybd\u00e4n und 0,20 % Vanadium angereichert.<\/p>\n<p>Klinge \u2013 Clip-Point-Typ (Bowie) mit deutlich ausgepr\u00e4gter Bauchseite der Klinge. Die glatte Klinge wurde vom Flachschliff abgeleitet, der hervorragende Schneideigenschaften bei gleichzeitig hervorragender Haltbarkeit bietet. Ein doppelseitiger Stahlgriff an der Klingenbasis sch\u00fctzt die Hand vor dem Abrutschen auf der Klinge.<\/p>\n<p>Griff \u2013 Geweih<\/p>\n<p>Scheide \u2013 aus gut gegerbtem, nat\u00fcrlichem Rindsleder. Auf der Oberfl\u00e4che eingepr\u00e4gtes Herstellerlogo. Die Scheide wurde an den R\u00e4ndern mit Ziergarn vern\u00e4ht. Durch die Befestigung am G\u00fcrtel oder an Ihrer Ausr\u00fcstung k\u00f6nnen Sie das Messer in aufrechter Position tragen.<\/p>\n<p>Klingenmaterial: 440C<br \/>\nGriffmaterial: Geweih, Metall<br \/>\nGeh\u00e4usematerial: Leder<br \/>\nKlingenl\u00e4nge: 16 cm<br \/>\nGesamtl\u00e4nge: 29,5 cm<br \/>\nGriffl\u00e4nge: 13,5 cm<br \/>\nGewicht: 260 g<br \/>\nVerwendung: Jagd<\/p>\n<p>&nbsp;<\/p>\n","protected":false},"excerpt":{"rendered":"<p><strong>Muela CAZ-16 Jagdmesser mit feststehender Klinge aus 440C-Edelstahl mit doppelseitigem massivem Metallschutz und Lederscheide.<\/strong><\/p>\n","protected":false},"featured_media":351449,"comment_status":"open","ping_status":"closed","template":"","meta":[],"pwb-brand":[3914],"product_brand":[],"product_cat":[3285,3287],"product_tag":[3669],"class_list":{"0":"post-351481","1":"product","2":"type-product","3":"status-publish","4":"has-post-thumbnail","6":"pwb-brand-sie-musste","7":"product_cat-messer","8":"product_cat-solide-messer","9":"product_tag-b2b-de","11":"first","12":"outofstock","13":"taxable","14":"shipping-taxable","15":"purchasable","16":"product-type-simple"},"brands":[{"id":3914,"name":"Sie musste","slug":"sie-musste"}],"_links":{"self":[{"href":"https:\/\/www.moskito.cz\/de\/wp-json\/wp\/v2\/product\/351481","targetHints":{"allow":["GET"]}}],"collection":[{"href":"https:\/\/www.moskito.cz\/de\/wp-json\/wp\/v2\/product"}],"about":[{"href":"https:\/\/www.moskito.cz\/de\/wp-json\/wp\/v2\/types\/product"}],"replies":[{"embeddable":true,"href":"https:\/\/www.moskito.cz\/de\/wp-json\/wp\/v2\/comments?post=351481"}],"wp:featuredmedia":[{"embeddable":true,"href":"https:\/\/www.moskito.cz\/de\/wp-json\/wp\/v2\/media\/351449"}],"wp:attachment":[{"href":"https:\/\/www.moskito.cz\/de\/wp-json\/wp\/v2\/media?parent=351481"}],"wp:term":[{"taxonomy":"pwb-brand","embeddable":true,"href":"https:\/\/www.moskito.cz\/de\/wp-json\/wp\/v2\/pwb-brand?post=351481"},{"taxonomy":"product_brand","embeddable":true,"href":"https:\/\/www.moskito.cz\/de\/wp-json\/wp\/v2\/product_brand?post=351481"},{"taxonomy":"product_cat","embeddable":true,"href":"https:\/\/www.moskito.cz\/de\/wp-json\/wp\/v2\/product_cat?post=351481"},{"taxonomy":"product_tag","embeddable":true,"href":"https:\/\/www.moskito.cz\/de\/wp-json\/wp\/v2\/product_tag?post=351481"}],"curies":[{"name":"wp","href":"https:\/\/api.w.org\/{rel}","templated":true}]}}