{"id":351510,"date":"2024-07-12T12:44:07","date_gmt":"2024-07-12T11:48:43","guid":{"rendered":"https:\/\/www.moskito.cz\/produkt\/feststehendes-messer-muela-ranger-14r\/"},"modified":"2025-05-07T11:20:56","modified_gmt":"2025-05-07T10:20:56","slug":"feststehendes-messer-muela-ranger-14r","status":"publish","type":"product","link":"https:\/\/www.moskito.cz\/de\/produkt\/feststehendes-messer-muela-ranger-14r\/","title":{"rendered":"Feststehendes Messer Muela RANGER-14R"},"content":{"rendered":"<p>Feststehendes Messer <strong>Muela<\/strong> RANGER-14R<\/p>\n<p>Ranger Bowie Pakkawood, Satin ist ein Universalmesser mit feststehender Klinge der spanischen Firma Muela aus Molybd\u00e4n-Vanadium-Stahl (MoVa). Diese solide Klinge kann f\u00fcr alle Arten von Arbeiten und unter allen Bedingungen ohne Besch\u00e4digung verwendet werden. Dieses Messer eignet sich hervorragend f\u00fcr Survival-Trips, Caping-Touren und auch f\u00fcr Ausfl\u00fcge au\u00dferhalb der Stadt.<\/p>\n<p>X50CrMoV15 (1.4116) \u2013 martensitischer Edelstahl mit hohem Kohlenstoffgehalt und Molybd\u00e4n-Vanadium-Gehalt, \u00e4u\u00dferst best\u00e4ndig gegen Korrosion und Verschlei\u00df. Es wird bei der Herstellung von Messern, Schneidbestecken und chirurgischen Instrumenten verwendet. Es zeichnet sich durch eine f\u00fcr Edelst\u00e4hle relativ hohe H\u00e4rte von 56-58 HRC aus. Die chemische Zusammensetzung des Stahls wurde durch Dotierung mit 15,0 % Chrom, 0,80 % Molybd\u00e4n und 0,20 % Vanadium angereichert.<\/p>\n<p>Klinge \u2013 scharfe Bowie-Klinge mit einer Dicke von 3,6 mm, \u00fcberzogen mit einer nicht reflektierenden Satin-Finish-Schicht (halbmatt), die Blendungen verhindert. Glatte Klinge. Die Klinge wurde mit einem konkaven Schliff (Hollow Grind) gefertigt. sorgt f\u00fcr gute Schnitteigenschaften. Am Klingenr\u00fccken befindet sich eine einseitige Messingsicherung, die verhindert, dass die Hand an der Klinge herunterrutscht.<\/p>\n<p>Griff \u2013 beschichtet mit Naturholz-Pakka (Laminat) in brauner Farbe, abgerundet mit einem Messingkopf. Der profilierte Griff sorgt f\u00fcr einen sicheren Halt. Das Messer liegt sehr gut in der Hand, rutscht nicht, l\u00e4sst sich unter allen Bedingungen gut kontrollieren.<\/p>\n<p>Scheide &#8211; handgen\u00e4ht, aus hochwertigem braunem Rindsleder mit gepr\u00e4gtem Herstellerlogo. Die Kanten des Geh\u00e4uses sind mit Ziergarn vern\u00e4ht. Schnappverschluss Typ Prym. Die G\u00fcrtelbefestigung erm\u00f6glicht das Tragen des Messers in aufrechter Position.<\/p>\n<p>Technische Spezifikationen:<br \/>\nProduktnummer: RANGER-14R<\/p>\n<p>Gesamtl\u00e4nge: 25,8 cm \/ 10,16 Zoll<br \/>\nKlingenl\u00e4nge: 14,5 cm \/ 5,71 Zoll<br \/>\nKlingenst\u00e4rke: 0,36 cm \/ 0,14 Zoll<br \/>\nGewicht: 195,0 g \/ 6,88 Unzen<\/p>\n<p>Klingenmaterial: X50CrMoV15<br \/>\nKlingenh\u00e4rte: 56-58 HRc<br \/>\nKlingenschliff: Flach<br \/>\nOberfl\u00e4chenbehandlung der Klinge: satiniert<\/p>\n<p>Griffmaterial: Pakkaholz (Korallen-Pakkaholz)<br \/>\nGrifffarbe: Braun<\/p>\n<p>Scheide (Holster): Leder<br \/>\nSonstiges Zubeh\u00f6r: Keines<\/p>\n<p>Designer: Muela<br \/>\nMarkenname: Muela<br \/>\nHersteller: Manufacturas Muela, SA<br \/>\nHerkunftsland: Spanien<\/p>\n<p>&nbsp;<\/p>\n<p>&nbsp;<\/p>\n","protected":false},"excerpt":{"rendered":"<p><strong>Ranger Bowie Pakkawood, Satin ist ein Universalmesser mit feststehender Klinge der spanischen Firma Muela mit Lederetui.<\/strong><\/p>\n","protected":false},"featured_media":351490,"comment_status":"open","ping_status":"closed","template":"","meta":[],"pwb-brand":[3914],"product_brand":[],"product_cat":[3287,3285],"product_tag":[3669],"class_list":{"0":"post-351510","1":"product","2":"type-product","3":"status-publish","4":"has-post-thumbnail","6":"pwb-brand-sie-musste","7":"product_cat-solide-messer","8":"product_cat-messer","9":"product_tag-b2b-de","11":"first","12":"outofstock","13":"taxable","14":"shipping-taxable","15":"purchasable","16":"product-type-simple"},"brands":[{"id":3914,"name":"Sie musste","slug":"sie-musste"}],"_links":{"self":[{"href":"https:\/\/www.moskito.cz\/de\/wp-json\/wp\/v2\/product\/351510","targetHints":{"allow":["GET"]}}],"collection":[{"href":"https:\/\/www.moskito.cz\/de\/wp-json\/wp\/v2\/product"}],"about":[{"href":"https:\/\/www.moskito.cz\/de\/wp-json\/wp\/v2\/types\/product"}],"replies":[{"embeddable":true,"href":"https:\/\/www.moskito.cz\/de\/wp-json\/wp\/v2\/comments?post=351510"}],"wp:featuredmedia":[{"embeddable":true,"href":"https:\/\/www.moskito.cz\/de\/wp-json\/wp\/v2\/media\/351490"}],"wp:attachment":[{"href":"https:\/\/www.moskito.cz\/de\/wp-json\/wp\/v2\/media?parent=351510"}],"wp:term":[{"taxonomy":"pwb-brand","embeddable":true,"href":"https:\/\/www.moskito.cz\/de\/wp-json\/wp\/v2\/pwb-brand?post=351510"},{"taxonomy":"product_brand","embeddable":true,"href":"https:\/\/www.moskito.cz\/de\/wp-json\/wp\/v2\/product_brand?post=351510"},{"taxonomy":"product_cat","embeddable":true,"href":"https:\/\/www.moskito.cz\/de\/wp-json\/wp\/v2\/product_cat?post=351510"},{"taxonomy":"product_tag","embeddable":true,"href":"https:\/\/www.moskito.cz\/de\/wp-json\/wp\/v2\/product_tag?post=351510"}],"curies":[{"name":"wp","href":"https:\/\/api.w.org\/{rel}","templated":true}]}}