{"id":351547,"date":"2024-07-12T13:04:16","date_gmt":"2024-07-12T12:06:25","guid":{"rendered":"https:\/\/www.moskito.cz\/produkt\/schliessmesser-muela-gavilan-m\/"},"modified":"2025-05-07T11:20:57","modified_gmt":"2025-05-07T10:20:57","slug":"schliessmesser-muela-gavilan-m","status":"publish","type":"product","link":"https:\/\/www.moskito.cz\/de\/produkt\/schliessmesser-muela-gavilan-m\/","title":{"rendered":"Schlie\u00dfmesser Muela GAVILAN-M"},"content":{"rendered":"<p>Schlie\u00dfmesser <strong>Muela<\/strong> GAVILAN-M<\/p>\n<p>Universalmesser <strong>GAVILAN<\/strong> -M und Full-Tang-Design mit feststehender Klinge, hergestellt aus MoVa-Molybd\u00e4n-Vanadium-Stahl. Bessere Balance bei reduziertem Gewicht, ein hervorragendes Werkzeug, das f\u00fcr eine Vielzahl von Anwendungen geeignet ist, von der Jagd \u00fcber \u00dcberlebensexpeditionen bis hin zum Camping. Ein echtes 4&#215;4-Fahrzeug zwischen den Messern.<\/p>\n<p>Der Stahl war kryogen (bei Temperaturen unter Null w\u00e4rmebehandelt), genannt CRYO-T, auch Frost genannt. Dank CRYO-T erhalten wir eine homogene Innenstruktur des Stahls, die sich in einer deutlichen Steigerung der Festigkeit der Klinge, einer Erh\u00f6hung der Schlag-, Zug- und Verdrehfestigkeit widerspiegelt.<\/p>\n<p>Klinge \u2013 mit einem Drop-Point-Profil und einer Dicke von 4,5 mm, beschichtet mit einem Antireflex-Satin-Finish (halbmatt). Hergestellt aus geh\u00e4rtetem, haltbarem Molybd\u00e4n-Vanadium-Edelstahl X50CrMoV15 im Bereich von 57\u201358 HRC. Die Klinge zeichnet sich durch gute mechanische Eigenschaften und Langzeitsch\u00e4rfe aus. Die glatte Klinge (Typ Plain) wurde mit einem Flachschliff (Flat Grind) gefertigt.<\/p>\n<p>Griff &#8211; profiliert, mit rutschfester, wasserfester Micarta-Beschichtung in Schwarz \u00fcberzogen, sorgt f\u00fcr hervorragenden Halt \/ sicheren Halt. Der vergr\u00f6\u00dferte Vorsprung fungiert als Handschutz und sch\u00fctzt die Hand vor unbeabsichtigtem Abrutschen beim Arbeiten. Auf der R\u00fcckseite des Griffs wurde eine Aussparung mit einer geflochtenen Paracord-Schnur angebracht.<\/p>\n<p>Koffer \u2013 verl\u00e4ngert, sch\u00fctzt den Kopf mit einem Teil des Griffs. Hergestellt aus hochwertigem schwarzem Rindsleder mit gepr\u00e4gtem Herstellerlogo. Die Scheide wurde an den R\u00e4ndern mit Ziergarn vern\u00e4ht. Durch die Befestigung an einem G\u00fcrtel oder Ger\u00e4t kann das Messer in vertikaler Position getragen werden.<\/p>\n<p>Technische Spezifikationen:<br \/>\nProduktnummer: GAVILAN-M<\/p>\n<p>Stahlsorte: 1.4116 (X50CrMoV15)<br \/>\nKlingenl\u00e4nge: 12,5 cm \/ 4,92 Zoll<br \/>\nKlingenst\u00e4rke: 0,45 cm \/ 0,16 Zoll<br \/>\nGesamtl\u00e4nge: 25,3 cm \/ 9,96 Zoll<br \/>\nGewicht: 290 g<br \/>\nKantenart: Glatt<br \/>\nKlingentyp: Drop Point<br \/>\nSchnittart: Flach<\/p>\n<p>Griffmaterial: Micarta Schwarz<br \/>\nScheide: Leder<br \/>\nHersteller: Muela, Spanien<\/p>\n<p>&nbsp;<\/p>\n","protected":false},"excerpt":{"rendered":"<p><strong>Ein ausgezeichnetes Werkzeug, das in einer Vielzahl von Anwendungen eingesetzt werden kann, bei der Jagd, bei \u00dcberlebensexpeditionen und beim Camping. Ein echtes 4&#215;4-Fahrzeug zwischen den Messern.<\/strong><\/p>\n","protected":false},"featured_media":351515,"comment_status":"open","ping_status":"closed","template":"","meta":[],"pwb-brand":[3914],"product_brand":[],"product_cat":[3285,3287],"product_tag":[3669],"class_list":{"0":"post-351547","1":"product","2":"type-product","3":"status-publish","4":"has-post-thumbnail","6":"pwb-brand-sie-musste","7":"product_cat-messer","8":"product_cat-solide-messer","9":"product_tag-b2b-de","11":"first","12":"instock","13":"taxable","14":"shipping-taxable","15":"purchasable","16":"product-type-simple"},"brands":[{"id":3914,"name":"Sie musste","slug":"sie-musste"}],"_links":{"self":[{"href":"https:\/\/www.moskito.cz\/de\/wp-json\/wp\/v2\/product\/351547","targetHints":{"allow":["GET"]}}],"collection":[{"href":"https:\/\/www.moskito.cz\/de\/wp-json\/wp\/v2\/product"}],"about":[{"href":"https:\/\/www.moskito.cz\/de\/wp-json\/wp\/v2\/types\/product"}],"replies":[{"embeddable":true,"href":"https:\/\/www.moskito.cz\/de\/wp-json\/wp\/v2\/comments?post=351547"}],"wp:featuredmedia":[{"embeddable":true,"href":"https:\/\/www.moskito.cz\/de\/wp-json\/wp\/v2\/media\/351515"}],"wp:attachment":[{"href":"https:\/\/www.moskito.cz\/de\/wp-json\/wp\/v2\/media?parent=351547"}],"wp:term":[{"taxonomy":"pwb-brand","embeddable":true,"href":"https:\/\/www.moskito.cz\/de\/wp-json\/wp\/v2\/pwb-brand?post=351547"},{"taxonomy":"product_brand","embeddable":true,"href":"https:\/\/www.moskito.cz\/de\/wp-json\/wp\/v2\/product_brand?post=351547"},{"taxonomy":"product_cat","embeddable":true,"href":"https:\/\/www.moskito.cz\/de\/wp-json\/wp\/v2\/product_cat?post=351547"},{"taxonomy":"product_tag","embeddable":true,"href":"https:\/\/www.moskito.cz\/de\/wp-json\/wp\/v2\/product_tag?post=351547"}],"curies":[{"name":"wp","href":"https:\/\/api.w.org\/{rel}","templated":true}]}}