{"id":351568,"date":"2024-07-12T13:48:10","date_gmt":"2024-07-12T12:57:09","guid":{"rendered":"https:\/\/www.moskito.cz\/produkt\/festes-tauchmesser-muela-sub-14-3\/"},"modified":"2025-05-07T11:20:58","modified_gmt":"2025-05-07T10:20:58","slug":"festes-tauchmesser-muela-sub-14-3","status":"publish","type":"product","link":"https:\/\/www.moskito.cz\/de\/produkt\/festes-tauchmesser-muela-sub-14-3\/","title":{"rendered":"Festes Tauchmesser Muela SUB-14.3"},"content":{"rendered":"<p>Festes Tauchmesser <strong>Muela<\/strong> SUB-14.3<\/p>\n<p>Perfektes Tauchmesser <strong>SUB-14.3<\/strong> aus Molybd\u00e4n-Vanadium-Edelstahl. Es wird von der renommierten spanischen Firma Muela hergestellt, die \u00fcber mehr als 50 Jahre Erfahrung in der Herstellung von Messern verf\u00fcgt.<\/p>\n<p>Klinge \u2013 St\u00e4rke ca. 3,4 mm, aus robustem, hochglanzpoliertem Molybd\u00e4n-Vanadium-Edelstahl. Auf dem Kamm des S\u00e4geblatts wurde eine Universals\u00e4ge zum aggressiven Schneiden von Fasermaterialien platziert.<\/p>\n<p>Der Edge-about-Combo-Typ wurde mit einem konkaven Schliff (Hollow Grind) hergestellt. 20 % ist eine gezahnte Klinge, die unter anderem zum Schneiden von Seilen, Netzen und G\u00fcrteln verwendet wird, und 80 % ist eine klassische glatte Klinge (einfacher Typ), die f\u00fcr pr\u00e4zises Schneiden entwickelt wurde.<\/p>\n<p>Griff \u2013 ergonomisch, strukturiert mit gezackten Kerben unter der Handfl\u00e4che f\u00fcr guten Halt. Dank der Beschichtung aus weichem Kunststoff (PDV) in blauer Farbe liegt das Messer gut in der Hand und verrutscht nicht. Gezahnte R\u00fcckenst\u00fctze unter dem Daumen (Rampe) verhindert ein versehentliches Abrutschen der H\u00e4nde beim Arbeiten.<\/p>\n<p>Geh\u00e4use \u2013 aus ABS-Material in blauer Farbe. Das Etui verf\u00fcgt \u00fcber einen Clip, der das Messer gegen Herausfallen sichert. Im Set sind zwei verstellbare UV-best\u00e4ndige Gummib\u00e4nder zur Befestigung der Vagina am Bein oder Oberschenkel enthalten.<br \/>\nTechnische Spezifikationen:<br \/>\nProduktnummer: SUB-14.3 (schwarz-blau)<br \/>\nStahlsorte: Molybd\u00e4n-Vanadium<br \/>\nKlingenl\u00e4nge: 14 cm \/ 5,51 Zoll<br \/>\nKlingenst\u00e4rke: 0,35 cm \/ 0,14 Zoll<br \/>\nGesamtl\u00e4nge: 25,5 cm \/ 10,04 Zoll<br \/>\nGewicht: 133 g<br \/>\nKlinge: Kombiniert<br \/>\nSchnittart: Konkav<br \/>\nGrifftyp: PDV-Polymer<br \/>\nSchale: ABS<br \/>\nHersteller: Muela, Spanien<\/p>\n<p>&nbsp;<\/p>\n","protected":false},"excerpt":{"rendered":"<p><strong>Perfektes Tauchmesser SUB-14.3 aus Molybd\u00e4n-Vanadium-Edelstahl. Es wird von der renommierten spanischen Firma Muela hergestellt, die \u00fcber mehr als 50 Jahre Erfahrung in der Herstellung von Messern verf\u00fcgt.<\/strong><\/p>\n","protected":false},"featured_media":351555,"comment_status":"open","ping_status":"closed","template":"","meta":[],"pwb-brand":[3914],"product_brand":[],"product_cat":[3285,3287],"product_tag":[3669],"class_list":{"0":"post-351568","1":"product","2":"type-product","3":"status-publish","4":"has-post-thumbnail","6":"pwb-brand-sie-musste","7":"product_cat-messer","8":"product_cat-solide-messer","9":"product_tag-b2b-de","11":"first","12":"instock","13":"taxable","14":"shipping-taxable","15":"purchasable","16":"product-type-simple"},"brands":[{"id":3914,"name":"Sie musste","slug":"sie-musste"}],"_links":{"self":[{"href":"https:\/\/www.moskito.cz\/de\/wp-json\/wp\/v2\/product\/351568","targetHints":{"allow":["GET"]}}],"collection":[{"href":"https:\/\/www.moskito.cz\/de\/wp-json\/wp\/v2\/product"}],"about":[{"href":"https:\/\/www.moskito.cz\/de\/wp-json\/wp\/v2\/types\/product"}],"replies":[{"embeddable":true,"href":"https:\/\/www.moskito.cz\/de\/wp-json\/wp\/v2\/comments?post=351568"}],"wp:featuredmedia":[{"embeddable":true,"href":"https:\/\/www.moskito.cz\/de\/wp-json\/wp\/v2\/media\/351555"}],"wp:attachment":[{"href":"https:\/\/www.moskito.cz\/de\/wp-json\/wp\/v2\/media?parent=351568"}],"wp:term":[{"taxonomy":"pwb-brand","embeddable":true,"href":"https:\/\/www.moskito.cz\/de\/wp-json\/wp\/v2\/pwb-brand?post=351568"},{"taxonomy":"product_brand","embeddable":true,"href":"https:\/\/www.moskito.cz\/de\/wp-json\/wp\/v2\/product_brand?post=351568"},{"taxonomy":"product_cat","embeddable":true,"href":"https:\/\/www.moskito.cz\/de\/wp-json\/wp\/v2\/product_cat?post=351568"},{"taxonomy":"product_tag","embeddable":true,"href":"https:\/\/www.moskito.cz\/de\/wp-json\/wp\/v2\/product_tag?post=351568"}],"curies":[{"name":"wp","href":"https:\/\/api.w.org\/{rel}","templated":true}]}}